{"id":30808,"date":"2025-09-29T14:33:54","date_gmt":"2025-09-29T14:33:54","guid":{"rendered":"https:\/\/accrosport.tn\/index.php\/product\/shock-lady-2421-gris-oscuro\/"},"modified":"2025-11-17T08:15:38","modified_gmt":"2025-11-17T08:15:38","slug":"shock-lady-2421-gris-oscuro","status":"publish","type":"product","link":"https:\/\/accrosport.tn\/index.php\/product\/shock-lady-2421-gris-oscuro\/","title":{"rendered":"Chaussures de trail femme Shock"},"content":{"rendered":"<p>Chaussures de trail pour femme. Les Shock sont con\u00e7ues pour les coureuses de trail qui veulent se lancer dans ce sport et qui ont un rythme de course doux. De plus, leur polyvalence permet \u00e9galement de les utiliser pour marcher sur des pistes foresti\u00e8res. Elles offrent un niveau \u00e9lev\u00e9 de confort et de durabilit\u00e9.<\/p>\n<p>La tige est fabriqu\u00e9e en combinant un mesh respirant et un mat\u00e9riau synth\u00e9tique, qui ajuste la coupe et lui donne de la consistance. De plus, cette partie int\u00e8gre la technologie VTS pour assurer la ventilation de la transpiration et maintenir le pied frais pendant l&rsquo;activit\u00e9 sportive.<\/p>\n","protected":false},"excerpt":{"rendered":"<p>Chaussures de trail pour femme. Les Shock sont con\u00e7ues pour les coureuses de trail qui veulent se lancer dans ce sport et qui ont un rythme de course doux. <\/p>\n","protected":false},"featured_media":35379,"template":"","meta":[],"product_brand":[],"product_cat":[57,42,82],"product_tag":[],"class_list":{"0":"post-30808","1":"product","2":"type-product","3":"status-publish","4":"has-post-thumbnail","6":"product_cat-chaussures","7":"product_cat-femme","8":"product_cat-running-chaussures","9":"pa_couleur-dark-gray","10":"pa_taille-643","11":"pa_taille-655","12":"pa_taille-644","13":"pa_taille-645","14":"pa_taille-646","16":"first","17":"outofstock","18":"purchasable","19":"product-type-variable"},"_links":{"self":[{"href":"https:\/\/accrosport.tn\/index.php\/wp-json\/wp\/v2\/product\/30808","targetHints":{"allow":["GET"]}}],"collection":[{"href":"https:\/\/accrosport.tn\/index.php\/wp-json\/wp\/v2\/product"}],"about":[{"href":"https:\/\/accrosport.tn\/index.php\/wp-json\/wp\/v2\/types\/product"}],"wp:featuredmedia":[{"embeddable":true,"href":"https:\/\/accrosport.tn\/index.php\/wp-json\/wp\/v2\/media\/35379"}],"wp:attachment":[{"href":"https:\/\/accrosport.tn\/index.php\/wp-json\/wp\/v2\/media?parent=30808"}],"wp:term":[{"taxonomy":"product_brand","embeddable":true,"href":"https:\/\/accrosport.tn\/index.php\/wp-json\/wp\/v2\/product_brand?post=30808"},{"taxonomy":"product_cat","embeddable":true,"href":"https:\/\/accrosport.tn\/index.php\/wp-json\/wp\/v2\/product_cat?post=30808"},{"taxonomy":"product_tag","embeddable":true,"href":"https:\/\/accrosport.tn\/index.php\/wp-json\/wp\/v2\/product_tag?post=30808"}],"curies":[{"name":"wp","href":"https:\/\/api.w.org\/{rel}","templated":true}]}}