{"id":30804,"date":"2025-09-29T14:33:54","date_gmt":"2025-09-29T14:33:54","guid":{"rendered":"https:\/\/accrosport.tn\/index.php\/product\/ace-lady-2410-coral-turquesa\/"},"modified":"2025-10-01T09:35:27","modified_gmt":"2025-10-01T09:35:27","slug":"ace-lady-2410-coral-turquesa","status":"publish","type":"product","link":"https:\/\/accrosport.tn\/index.php\/product\/ace-lady-2410-coral-turquesa\/","title":{"rendered":"Chaussures Ace Lady 2410 terre battue femme corail turquoise"},"content":{"rendered":"<p>Chaussures de tennis pour femme. Nous avons am\u00e9lior\u00e9 la mythique Ace pour la rendre encore plus stable lors des mouvements fr\u00e9n\u00e9tiques du tennis. Test\u00e9es par des joueuses professionnelles, elles offrent des performances maximales.<\/p>\n<p>Tige en mesh avec une finition \u00e9l\u00e9gante en jacquard personnalis\u00e9 pour plus de l\u00e9g\u00e8ret\u00e9 et de respirabilit\u00e9. Ce dernier avantage est optimis\u00e9 avec la technologie de perforations VTS. Le syst\u00e8me thermocoll\u00e9 JOMA SPORTECH conserve les propri\u00e9t\u00e9s d&rsquo;ajustement et de maintien sans ajouter de poids aux chaussures.<\/p>\n<p>Renfort en caoutchouc dans les zones les plus sensibles aux frottements et aux chocs. Ces applications forment le syst\u00e8me PROTECTION.<\/p>\n<p>Semelle interm\u00e9diaire am\u00e9lior\u00e9e. Construction en phylon, un mat\u00e9riau l\u00e9ger, flexible et offrant une grande capacit\u00e9 d&rsquo;absorption des chocs pour un jeu confortable. La nouveaut\u00e9 r\u00e9side dans le double syst\u00e8me de stabilit\u00e9. D&rsquo;une part, une plaque en carbone CARBON STABILIZER a \u00e9t\u00e9 plac\u00e9e dans la zone centrale pour \u00e9viter les torsions \u00e9ventuelles de la chaussure. D&rsquo;autre part, le double STABILIS renforce cet avantage et r\u00e9duit l&rsquo;apparition de possibles blessures lors des rotations et des mouvements lat\u00e9raux.<\/p>\n<p>Semelle en caoutchouc DURABILITY avec motif \u00e0 crampons ou en terre battue. Elle offre l&rsquo;adh\u00e9rence n\u00e9cessaire sur les surfaces glissantes, car elle expulse le sable de la semelle, tout en permettant des glissements sur le court sans difficult\u00e9.<\/p>\n<ul class=\"featuresul\">\n<li>Empeigne en mesh respirant VTS<\/li>\n<li>Coupe avec syst\u00e8me de r\u00e9glage thermosoud\u00e9 SPORTECH<\/li>\n<li>Coupe avec renfort en caoutchouc dans les zones strat\u00e9giques PROTECTION<\/li>\n<li>Semelle interm\u00e9diaire en phylon avec les technologies STABILIS et CARBON STABILIZER<\/li>\n<li>Semelle ext\u00e9rieure DURABILITY en caoutchouc<\/li>\n<\/ul>\n","protected":false},"excerpt":{"rendered":"<p>Chaussures de tennis pour femme. Nous avons am\u00e9lior\u00e9 la mythique Ace pour la rendre encore plus stable lors des mouvements fr\u00e9n\u00e9tiques du tennis. Test\u00e9es par des joueuses professionnelles, elles offrent des performances maximales.<\/p>\n","protected":false},"featured_media":31214,"template":"","meta":[],"product_brand":[],"product_cat":[57,42,113,81,272],"product_tag":[],"class_list":{"0":"post-30804","1":"product","2":"type-product","3":"status-publish","4":"has-post-thumbnail","6":"product_cat-chaussures","7":"product_cat-femme","8":"product_cat-sport","9":"product_cat-tennis-chaussures","10":"product_cat-tennis-sport","11":"pa_couleur-coral-turquoise","12":"pa_taille-644","13":"pa_taille-40-5","14":"pa_taille-646","16":"first","17":"outofstock","18":"purchasable","19":"product-type-variable"},"_links":{"self":[{"href":"https:\/\/accrosport.tn\/index.php\/wp-json\/wp\/v2\/product\/30804","targetHints":{"allow":["GET"]}}],"collection":[{"href":"https:\/\/accrosport.tn\/index.php\/wp-json\/wp\/v2\/product"}],"about":[{"href":"https:\/\/accrosport.tn\/index.php\/wp-json\/wp\/v2\/types\/product"}],"wp:featuredmedia":[{"embeddable":true,"href":"https:\/\/accrosport.tn\/index.php\/wp-json\/wp\/v2\/media\/31214"}],"wp:attachment":[{"href":"https:\/\/accrosport.tn\/index.php\/wp-json\/wp\/v2\/media?parent=30804"}],"wp:term":[{"taxonomy":"product_brand","embeddable":true,"href":"https:\/\/accrosport.tn\/index.php\/wp-json\/wp\/v2\/product_brand?post=30804"},{"taxonomy":"product_cat","embeddable":true,"href":"https:\/\/accrosport.tn\/index.php\/wp-json\/wp\/v2\/product_cat?post=30804"},{"taxonomy":"product_tag","embeddable":true,"href":"https:\/\/accrosport.tn\/index.php\/wp-json\/wp\/v2\/product_tag?post=30804"}],"curies":[{"name":"wp","href":"https:\/\/api.w.org\/{rel}","templated":true}]}}