{"id":30790,"date":"2025-09-29T14:33:47","date_gmt":"2025-09-29T14:33:47","guid":{"rendered":"https:\/\/accrosport.tn\/index.php\/product\/ace-men-2401-negro\/"},"modified":"2025-10-01T09:54:12","modified_gmt":"2025-10-01T09:54:12","slug":"ace-men-2401-negro","status":"publish","type":"product","link":"https:\/\/accrosport.tn\/index.php\/product\/ace-men-2401-negro\/","title":{"rendered":"Chaussures Ace 2401 terrain dur homme noir"},"content":{"rendered":"<p>Chaussures de tennis pour homme. Nous avons am\u00e9lior\u00e9 la mythique Ace pour la rendre encore plus stable lors des mouvements fr\u00e9n\u00e9tiques du tennis. Test\u00e9es par des joueurs professionnels, elles offrent des performances maximales.<\/p>\n<p>Tige en mesh avec une finition \u00e9l\u00e9gante en jacquard personnalis\u00e9 pour plus de l\u00e9g\u00e8ret\u00e9 et de respirabilit\u00e9. Ce dernier avantage est optimis\u00e9 par la technologie de perforation VTS. Le syst\u00e8me thermoscell\u00e9 JOMA SPORTECH conserve les propri\u00e9t\u00e9s d&rsquo;ajustement et de maintien sans ajouter de poids aux chaussures.<\/p>\n<p>Renfort en caoutchouc dans les zones les plus sensibles aux frottements et aux chocs. Ces applications forment le syst\u00e8me PROTECTION.<\/p>\n<p>Semelle interm\u00e9diaire am\u00e9lior\u00e9e. Construction en phylon, un mat\u00e9riau l\u00e9ger, flexible et absorbant les chocs pour un jeu confortable. La nouveaut\u00e9 r\u00e9side dans le double syst\u00e8me de stabilit\u00e9. D&rsquo;une part, une plaque de carbone CARBON STABILIZER a \u00e9t\u00e9 plac\u00e9e dans la zone centrale pour \u00e9viter les torsions \u00e9ventuelles de la chaussure. D&rsquo;autre part, le double STABILIS renforce cet avantage et r\u00e9duit l&rsquo;apparition de possibles blessures lors des rotations et des mouvements lat\u00e9raux.<\/p>\n<p>Semelle en caoutchouc DURABILITY all court, adapt\u00e9e et r\u00e9sistante pour jouer sur terrain dur\/r\u00e9actif. Le motif permet au joueur de glisser et de freiner sur le terrain selon ses besoins.<\/p>\n<ul class=\"featuresul\">\n<li>Empeigne en mesh respirant VTS<\/li>\n<li>Coupe avec syst\u00e8me de r\u00e9glage thermosoud\u00e9 SPORTECH<\/li>\n<li>Coupe avec renfort en caoutchouc dans les zones strat\u00e9giques PROTECTION<\/li>\n<li>Semelle interm\u00e9diaire en phylon avec les technologies STABILIS et CARBON STABILIZER<\/li>\n<li>Semelle ext\u00e9rieure DURABILITY en caoutchouc<\/li>\n<\/ul>\n","protected":false},"excerpt":{"rendered":"<p>Chaussures de tennis pour homme. Nous avons am\u00e9lior\u00e9 la mythique Ace pour la rendre encore plus stable lors des mouvements fr\u00e9n\u00e9tiques du tennis. Test\u00e9es par des joueurs professionnels, elles offrent des performances maximales.<\/p>\n","protected":false},"featured_media":31226,"template":"","meta":[],"product_brand":[],"product_cat":[15],"product_tag":[],"class_list":{"0":"post-30790","1":"product","2":"type-product","3":"status-publish","4":"has-post-thumbnail","6":"product_cat-fitness","7":"pa_couleur-noir","8":"pa_taille-645","9":"pa_taille-646","11":"first","12":"outofstock","13":"purchasable","14":"product-type-variable"},"_links":{"self":[{"href":"https:\/\/accrosport.tn\/index.php\/wp-json\/wp\/v2\/product\/30790","targetHints":{"allow":["GET"]}}],"collection":[{"href":"https:\/\/accrosport.tn\/index.php\/wp-json\/wp\/v2\/product"}],"about":[{"href":"https:\/\/accrosport.tn\/index.php\/wp-json\/wp\/v2\/types\/product"}],"wp:featuredmedia":[{"embeddable":true,"href":"https:\/\/accrosport.tn\/index.php\/wp-json\/wp\/v2\/media\/31226"}],"wp:attachment":[{"href":"https:\/\/accrosport.tn\/index.php\/wp-json\/wp\/v2\/media?parent=30790"}],"wp:term":[{"taxonomy":"product_brand","embeddable":true,"href":"https:\/\/accrosport.tn\/index.php\/wp-json\/wp\/v2\/product_brand?post=30790"},{"taxonomy":"product_cat","embeddable":true,"href":"https:\/\/accrosport.tn\/index.php\/wp-json\/wp\/v2\/product_cat?post=30790"},{"taxonomy":"product_tag","embeddable":true,"href":"https:\/\/accrosport.tn\/index.php\/wp-json\/wp\/v2\/product_tag?post=30790"}],"curies":[{"name":"wp","href":"https:\/\/api.w.org\/{rel}","templated":true}]}}