{"id":30760,"date":"2025-09-29T14:33:37","date_gmt":"2025-09-29T14:33:37","guid":{"rendered":"https:\/\/accrosport.tn\/index.php\/product\/s-wave-jr-2407-marino-rosa\/"},"modified":"2026-03-11T12:46:47","modified_gmt":"2026-03-11T12:46:47","slug":"s-wave-jr-2407-marino-rosa","status":"publish","type":"product","link":"https:\/\/accrosport.tn\/index.php\/product\/s-wave-jr-2407-marino-rosa\/","title":{"rendered":"Sandales S.Wave Jr 2407 SWAVJS2407V"},"content":{"rendered":"<p>D\u00e9couvrez ces sandales de sport pour enfants, parfaites pour la marche et les voyages. Leur triple fermeture auto-agrippante assure un ajustement parfait.<\/p>\n<p>Fabriqu\u00e9es en mati\u00e8re synth\u00e9tique r\u00e9sistante aux abrasions et aux impacts, elles sont dot\u00e9es d&rsquo;une doublure int\u00e9rieure douce et confortable. Leur maintien est assur\u00e9 par une triple fermeture auto-agrippante. L&rsquo;une de ces fermetures est situ\u00e9e sur le talon renforc\u00e9, pour un confort optimal pendant la marche.<\/p>\n<p>Une semelle int\u00e9rieure antid\u00e9rapante et massante optimise le confort. La semelle ext\u00e9rieure en caoutchouc DURABILITY est hautement r\u00e9sistante \u00e0 l&rsquo;abrasion et dot\u00e9e de crampons pour une adh\u00e9rence optimale.<\/p>\n","protected":false},"excerpt":{"rendered":"<p>D\u00e9couvrez ces sandales de sport pour enfants, parfaites pour la marche et les voyages. Leur triple fermeture auto-agrippante assure un ajustement parfait.<\/p>\n","protected":false},"featured_media":31739,"template":"","meta":[],"product_brand":[],"product_cat":[49,158,382],"product_tag":[],"class_list":{"0":"post-30760","1":"product","2":"type-product","3":"status-publish","4":"has-post-thumbnail","6":"product_cat-enfant","7":"product_cat-nouvelle-collection","8":"product_cat-sandales","9":"pa_couleur-navy-blue-pink","10":"pa_taille-685","11":"pa_taille-686","12":"pa_taille-687","13":"pa_taille-688","14":"pa_taille-689","15":"pa_taille-674","16":"pa_taille-676","17":"pa_taille-678","18":"pa_taille-682","19":"pa_taille-671","20":"pa_taille-667","21":"pa_taille-668","22":"pa_taille-669","23":"pa_taille-670","25":"first","26":"outofstock","27":"purchasable","28":"product-type-variable"},"_links":{"self":[{"href":"https:\/\/accrosport.tn\/index.php\/wp-json\/wp\/v2\/product\/30760","targetHints":{"allow":["GET"]}}],"collection":[{"href":"https:\/\/accrosport.tn\/index.php\/wp-json\/wp\/v2\/product"}],"about":[{"href":"https:\/\/accrosport.tn\/index.php\/wp-json\/wp\/v2\/types\/product"}],"wp:featuredmedia":[{"embeddable":true,"href":"https:\/\/accrosport.tn\/index.php\/wp-json\/wp\/v2\/media\/31739"}],"wp:attachment":[{"href":"https:\/\/accrosport.tn\/index.php\/wp-json\/wp\/v2\/media?parent=30760"}],"wp:term":[{"taxonomy":"product_brand","embeddable":true,"href":"https:\/\/accrosport.tn\/index.php\/wp-json\/wp\/v2\/product_brand?post=30760"},{"taxonomy":"product_cat","embeddable":true,"href":"https:\/\/accrosport.tn\/index.php\/wp-json\/wp\/v2\/product_cat?post=30760"},{"taxonomy":"product_tag","embeddable":true,"href":"https:\/\/accrosport.tn\/index.php\/wp-json\/wp\/v2\/product_tag?post=30760"}],"curies":[{"name":"wp","href":"https:\/\/api.w.org\/{rel}","templated":true}]}}