{"id":30734,"date":"2025-09-29T14:33:32","date_gmt":"2025-09-29T14:33:32","guid":{"rendered":"https:\/\/accrosport.tn\/index.php\/product\/s-wave-jr-2333-marino-fucsia\/"},"modified":"2025-12-18T15:05:13","modified_gmt":"2025-12-18T15:05:13","slug":"s-wave-jr-2333-marino-fucsia","status":"publish","type":"product","link":"https:\/\/accrosport.tn\/index.php\/product\/s-wave-jr-2333-marino-fucsia\/","title":{"rendered":"Sandale JOMA &#8211; WAVE JR 2333V"},"content":{"rendered":"<p>Sandales de sport pour enfants, id\u00e9ales pour la marche et les voyages. Elles offrent un ajustement optimal gr\u00e2ce \u00e0 leur syst\u00e8me de fermeture \u00e0 trois points. <\/p>\n<p>Ce mod\u00e8le est con\u00e7u avec des fentes en tissu l\u00e9ger et r\u00e9sistant. Le maintien de ces sandales est garanti gr\u00e2ce \u00e0 un syst\u00e8me de fermeture \u00e0 triple adh\u00e9rence qui s&rsquo;adapte parfaitement au pied. L&rsquo;une des fermetures se situe au niveau du talon renforc\u00e9 pour un confort accru lors de la marche. <\/p>\n<p>La semelle de massage antid\u00e9rapante maximise la sensation de confort. <\/p>\n<p>La semelle est fabriqu\u00e9e en caoutchouc DURABILITY, tr\u00e8s r\u00e9sistant \u00e0 l&rsquo;usure, avec diff\u00e9rents motifs pour optimiser l&rsquo;adh\u00e9rence sur le terrain.<\/p>\n","protected":false},"excerpt":{"rendered":"<p>Sandales de sport pour enfants, id\u00e9ales pour la marche et les voyages. Elles offrent un ajustement optimal gr\u00e2ce \u00e0 leur syst\u00e8me de fermeture \u00e0 trois points. <\/p>\n","protected":false},"featured_media":35389,"template":"","meta":[],"product_brand":[],"product_cat":[69,49,382],"product_tag":[],"class_list":{"0":"post-30734","1":"product","2":"type-product","3":"status-publish","4":"has-post-thumbnail","6":"product_cat-chaussures-enfant","7":"product_cat-enfant","8":"product_cat-sandales","9":"pa_couleur-navy-blue-fuchsia","10":"pa_taille-685","11":"pa_taille-686","12":"pa_taille-687","13":"pa_taille-688","14":"pa_taille-689","15":"pa_taille-674","16":"pa_taille-676","17":"pa_taille-678","18":"pa_taille-682","19":"pa_taille-671","20":"pa_taille-667","22":"first","23":"outofstock","24":"purchasable","25":"product-type-variable"},"_links":{"self":[{"href":"https:\/\/accrosport.tn\/index.php\/wp-json\/wp\/v2\/product\/30734","targetHints":{"allow":["GET"]}}],"collection":[{"href":"https:\/\/accrosport.tn\/index.php\/wp-json\/wp\/v2\/product"}],"about":[{"href":"https:\/\/accrosport.tn\/index.php\/wp-json\/wp\/v2\/types\/product"}],"wp:featuredmedia":[{"embeddable":true,"href":"https:\/\/accrosport.tn\/index.php\/wp-json\/wp\/v2\/media\/35389"}],"wp:attachment":[{"href":"https:\/\/accrosport.tn\/index.php\/wp-json\/wp\/v2\/media?parent=30734"}],"wp:term":[{"taxonomy":"product_brand","embeddable":true,"href":"https:\/\/accrosport.tn\/index.php\/wp-json\/wp\/v2\/product_brand?post=30734"},{"taxonomy":"product_cat","embeddable":true,"href":"https:\/\/accrosport.tn\/index.php\/wp-json\/wp\/v2\/product_cat?post=30734"},{"taxonomy":"product_tag","embeddable":true,"href":"https:\/\/accrosport.tn\/index.php\/wp-json\/wp\/v2\/product_tag?post=30734"}],"curies":[{"name":"wp","href":"https:\/\/api.w.org\/{rel}","templated":true}]}}