{"id":30619,"date":"2025-09-29T14:33:05","date_gmt":"2025-09-29T14:33:05","guid":{"rendered":"https:\/\/accrosport.tn\/index.php\/product\/s-greta-lady-2325-beige\/"},"modified":"2026-03-11T12:46:47","modified_gmt":"2026-03-11T12:46:47","slug":"s-greta-lady-2325-beige","status":"publish","type":"product","link":"https:\/\/accrosport.tn\/index.php\/product\/s-greta-lady-2325-beige\/","title":{"rendered":"S.Greta Femme 2325 Beige"},"content":{"rendered":"<p>Tongs pour femmes, id\u00e9ales pour la piscine, la plage ou avant et apr\u00e8s le sport. Confortables, souples et l\u00e9g\u00e8res, ces tongs au design moderne vous s\u00e9duiront par leur design moderne.<br \/>\nElles sont dot\u00e9es de brides en textile r\u00e9sistant de diff\u00e9rentes couleurs, fix\u00e9es \u00e0 la semelle par une bride situ\u00e9e au niveau du gros orteil. Ce syst\u00e8me de brides assure un excellent maintien du pied, permettant ainsi \u00e0 la sportive de marcher confortablement et en toute s\u00e9curit\u00e9.<\/p>\n<p>La semelle est en mousse l\u00e9g\u00e8re, douce au toucher. Tr\u00e8s confortable et flexible gr\u00e2ce \u00e0 sa l\u00e9g\u00e8ret\u00e9. Motif animalier.<\/p>\n<p>Facile \u00e0 nettoyer et s\u00e9chage rapide.<\/p>\n","protected":false},"excerpt":{"rendered":"<p>Tongs pour femmes, id\u00e9ales pour la piscine, la plage ou avant et apr\u00e8s le sport. Confortables, souples et l\u00e9g\u00e8res, ces tongs au design moderne vous s\u00e9duiront par leur design moderne.<\/p>\n","protected":false},"featured_media":36419,"template":"","meta":[],"product_brand":[],"product_cat":[57,42,79],"product_tag":[],"class_list":{"0":"post-30619","1":"product","2":"type-product","3":"status-publish","4":"has-post-thumbnail","6":"product_cat-chaussures","7":"product_cat-femme","8":"product_cat-tongs-et-claquettes","9":"pa_couleur-beige","10":"pa_taille-641","11":"pa_taille-643","12":"pa_taille-655","13":"pa_taille-644","14":"pa_taille-645","15":"pa_taille-646","17":"first","18":"outofstock","19":"purchasable","20":"product-type-variable"},"_links":{"self":[{"href":"https:\/\/accrosport.tn\/index.php\/wp-json\/wp\/v2\/product\/30619","targetHints":{"allow":["GET"]}}],"collection":[{"href":"https:\/\/accrosport.tn\/index.php\/wp-json\/wp\/v2\/product"}],"about":[{"href":"https:\/\/accrosport.tn\/index.php\/wp-json\/wp\/v2\/types\/product"}],"wp:featuredmedia":[{"embeddable":true,"href":"https:\/\/accrosport.tn\/index.php\/wp-json\/wp\/v2\/media\/36419"}],"wp:attachment":[{"href":"https:\/\/accrosport.tn\/index.php\/wp-json\/wp\/v2\/media?parent=30619"}],"wp:term":[{"taxonomy":"product_brand","embeddable":true,"href":"https:\/\/accrosport.tn\/index.php\/wp-json\/wp\/v2\/product_brand?post=30619"},{"taxonomy":"product_cat","embeddable":true,"href":"https:\/\/accrosport.tn\/index.php\/wp-json\/wp\/v2\/product_cat?post=30619"},{"taxonomy":"product_tag","embeddable":true,"href":"https:\/\/accrosport.tn\/index.php\/wp-json\/wp\/v2\/product_tag?post=30619"}],"curies":[{"name":"wp","href":"https:\/\/api.w.org\/{rel}","templated":true}]}}