{"id":30592,"date":"2025-09-29T14:33:00","date_gmt":"2025-09-29T14:33:00","guid":{"rendered":"https:\/\/accrosport.tn\/index.php\/product\/vitaly-men-2403-marino-amarillo\/"},"modified":"2025-12-18T11:15:56","modified_gmt":"2025-12-18T11:15:56","slug":"vitaly-men-2403-marino-amarillo","status":"publish","type":"product","link":"https:\/\/accrosport.tn\/index.php\/product\/vitaly-men-2403-marino-amarillo\/","title":{"rendered":"Chaussures running Vitaly 2403 unisexe bleu marine jaune"},"content":{"rendered":"<p>Chaussures de course pour hommes. Mod\u00e8le recommand\u00e9 pour les rythmes doux et pour la phase d&rsquo;initiation \u00e0 la course. Ce sont des chaussures qui vous fourniront l&rsquo;essentiel lorsque vous d\u00e9butez encore : confort et durabilit\u00e9.<\/p>\n<p>Tige en mesh avec des perforations VTS qui permettent la ventilation de la transpiration pour maintenir le pied \u00e0 une temp\u00e9rature constante. Elle incorpore \u00e9galement un mat\u00e9riau synth\u00e9tique qui sert de syst\u00e8me de r\u00e9glage et apporte de la fermet\u00e9 \u00e0 la partie sup\u00e9rieure.<\/p>\n<p>Semelle interm\u00e9diaire avec un drop de 10 mm construite en phylon offrant confort, flexibilit\u00e9 et amorti.<\/p>\n<p>La semelle est en caoutchouc r\u00e9sistant \u00e0 l&rsquo;usure par abrasion.<\/p>\n<ul class=\"featuresul\">\n<li>Tige en semi-microfibre avec maille respirante VTS<\/li>\n<li>Semelle interm\u00e9diaire en phylon<\/li>\n<li>Semelle ext\u00e9rieure en caoutchouc<\/li>\n<\/ul>\n","protected":false},"excerpt":{"rendered":"<p>Chaussures de course pour hommes. Mod\u00e8le recommand\u00e9 pour les rythmes doux et pour la phase d&rsquo;initiation \u00e0 la course. Ce sont des chaussures qui vous fourniront l&rsquo;essentiel lorsque vous d\u00e9butez encore : confort et durabilit\u00e9.<\/p>\n","protected":false},"featured_media":33640,"template":"","meta":[],"product_brand":[],"product_cat":[57,42,82,113,137],"product_tag":[],"class_list":{"0":"post-30592","1":"product","2":"type-product","3":"status-publish","4":"has-post-thumbnail","6":"product_cat-chaussures","7":"product_cat-femme","8":"product_cat-running-chaussures","9":"product_cat-sport","10":"product_cat-training","11":"pa_couleur-navy-blue-yellow","12":"pa_taille-643","13":"pa_taille-655","14":"pa_taille-644","16":"first","17":"outofstock","18":"purchasable","19":"product-type-variable"},"_links":{"self":[{"href":"https:\/\/accrosport.tn\/index.php\/wp-json\/wp\/v2\/product\/30592","targetHints":{"allow":["GET"]}}],"collection":[{"href":"https:\/\/accrosport.tn\/index.php\/wp-json\/wp\/v2\/product"}],"about":[{"href":"https:\/\/accrosport.tn\/index.php\/wp-json\/wp\/v2\/types\/product"}],"wp:featuredmedia":[{"embeddable":true,"href":"https:\/\/accrosport.tn\/index.php\/wp-json\/wp\/v2\/media\/33640"}],"wp:attachment":[{"href":"https:\/\/accrosport.tn\/index.php\/wp-json\/wp\/v2\/media?parent=30592"}],"wp:term":[{"taxonomy":"product_brand","embeddable":true,"href":"https:\/\/accrosport.tn\/index.php\/wp-json\/wp\/v2\/product_brand?post=30592"},{"taxonomy":"product_cat","embeddable":true,"href":"https:\/\/accrosport.tn\/index.php\/wp-json\/wp\/v2\/product_cat?post=30592"},{"taxonomy":"product_tag","embeddable":true,"href":"https:\/\/accrosport.tn\/index.php\/wp-json\/wp\/v2\/product_tag?post=30592"}],"curies":[{"name":"wp","href":"https:\/\/api.w.org\/{rel}","templated":true}]}}