{"id":30565,"date":"2025-09-29T14:32:55","date_gmt":"2025-09-29T14:32:55","guid":{"rendered":"https:\/\/accrosport.tn\/index.php\/product\/neon-2403-marino\/"},"modified":"2025-12-01T14:37:31","modified_gmt":"2025-12-01T14:37:31","slug":"neon-2403-marino","status":"publish","type":"product","link":"https:\/\/accrosport.tn\/index.php\/product\/neon-2403-marino\/","title":{"rendered":"Chaussures de sport Homme Marine 2403 JOMA"},"content":{"rendered":"<p>Les baskets Joma RNEONW2403 combinent design moderne, confort et performance. Con\u00e7ues pour le sport comme pour un usage quotidien, elles sont dot\u00e9es d\u2019une tige en mesh respirant assurant une excellente ventilation et un ajustement parfait. La semelle interm\u00e9diaire en mousse amortit chaque pas, tandis que la semelle ext\u00e9rieure en caoutchouc garantit une adh\u00e9rence et une durabilit\u00e9 remarquables. L\u00e9g\u00e8res et dynamiques, elles offrent un style sportif et tendance.<\/p>\n","protected":false},"excerpt":{"rendered":"<p>Les baskets Joma RNEONW2403 combinent design moderne, confort et performance. Con\u00e7ues pour le sport comme pour un usage quotidien, elles sont dot\u00e9es d\u2019une tige en mesh respirant assurant une excellente ventilation et un ajustement parfait.<\/p>\n","protected":false},"featured_media":36427,"template":"","meta":[],"product_brand":[],"product_cat":[61,33,114,113],"product_tag":[],"class_list":{"0":"post-30565","1":"product","2":"type-product","3":"status-publish","4":"has-post-thumbnail","6":"product_cat-chaussures-homme","7":"product_cat-homme","8":"product_cat-running-sport","9":"product_cat-sport","10":"pa_couleur-navy-blue","11":"pa_taille-645","12":"pa_taille-646","13":"pa_taille-649","14":"pa_taille-650","15":"pa_taille-651","16":"pa_taille-653","17":"pa_taille-656","19":"first","20":"outofstock","21":"purchasable","22":"product-type-variable"},"_links":{"self":[{"href":"https:\/\/accrosport.tn\/index.php\/wp-json\/wp\/v2\/product\/30565","targetHints":{"allow":["GET"]}}],"collection":[{"href":"https:\/\/accrosport.tn\/index.php\/wp-json\/wp\/v2\/product"}],"about":[{"href":"https:\/\/accrosport.tn\/index.php\/wp-json\/wp\/v2\/types\/product"}],"wp:featuredmedia":[{"embeddable":true,"href":"https:\/\/accrosport.tn\/index.php\/wp-json\/wp\/v2\/media\/36427"}],"wp:attachment":[{"href":"https:\/\/accrosport.tn\/index.php\/wp-json\/wp\/v2\/media?parent=30565"}],"wp:term":[{"taxonomy":"product_brand","embeddable":true,"href":"https:\/\/accrosport.tn\/index.php\/wp-json\/wp\/v2\/product_brand?post=30565"},{"taxonomy":"product_cat","embeddable":true,"href":"https:\/\/accrosport.tn\/index.php\/wp-json\/wp\/v2\/product_cat?post=30565"},{"taxonomy":"product_tag","embeddable":true,"href":"https:\/\/accrosport.tn\/index.php\/wp-json\/wp\/v2\/product_tag?post=30565"}],"curies":[{"name":"wp","href":"https:\/\/api.w.org\/{rel}","templated":true}]}}