{"id":30553,"date":"2025-09-29T14:32:51","date_gmt":"2025-09-29T14:32:51","guid":{"rendered":"https:\/\/accrosport.tn\/index.php\/product\/neon-2401-negro-blanco\/"},"modified":"2025-12-01T15:00:00","modified_gmt":"2025-12-01T15:00:00","slug":"neon-2401-negro-blanco","status":"publish","type":"product","link":"https:\/\/accrosport.tn\/index.php\/product\/neon-2401-negro-blanco\/","title":{"rendered":"Chaussures Hommes Joma Neon 2401 noir blanc"},"content":{"rendered":"<p>Baskets basses pour hommes, id\u00e9ales pour un usage quotidien. Elles pr\u00e9sentent une tige en mesh respirant avec une finition Jacquard personnalis\u00e9e, offrant l\u00e9g\u00e8ret\u00e9 et flexibilit\u00e9. De petites perforations VTS facilitent l&rsquo;\u00e9vacuation de la transpiration.<\/p>\n","protected":false},"excerpt":{"rendered":"<p>Baskets basses pour hommes, id\u00e9ales pour un usage quotidien.<\/p>\n","protected":false},"featured_media":36436,"template":"","meta":[],"product_brand":[],"product_cat":[61,33,114,77,113],"product_tag":[],"class_list":{"0":"post-30553","1":"product","2":"type-product","3":"status-publish","4":"has-post-thumbnail","6":"product_cat-chaussures-homme","7":"product_cat-homme","8":"product_cat-running-sport","9":"product_cat-running","10":"product_cat-sport","11":"pa_couleur-black-white","12":"pa_taille-641","13":"pa_taille-643","14":"pa_taille-655","15":"pa_taille-644","16":"pa_taille-645","17":"pa_taille-646","18":"pa_taille-649","19":"pa_taille-650","20":"pa_taille-651","21":"pa_taille-653","22":"pa_taille-656","24":"first","25":"outofstock","26":"purchasable","27":"product-type-variable"},"_links":{"self":[{"href":"https:\/\/accrosport.tn\/index.php\/wp-json\/wp\/v2\/product\/30553","targetHints":{"allow":["GET"]}}],"collection":[{"href":"https:\/\/accrosport.tn\/index.php\/wp-json\/wp\/v2\/product"}],"about":[{"href":"https:\/\/accrosport.tn\/index.php\/wp-json\/wp\/v2\/types\/product"}],"wp:featuredmedia":[{"embeddable":true,"href":"https:\/\/accrosport.tn\/index.php\/wp-json\/wp\/v2\/media\/36436"}],"wp:attachment":[{"href":"https:\/\/accrosport.tn\/index.php\/wp-json\/wp\/v2\/media?parent=30553"}],"wp:term":[{"taxonomy":"product_brand","embeddable":true,"href":"https:\/\/accrosport.tn\/index.php\/wp-json\/wp\/v2\/product_brand?post=30553"},{"taxonomy":"product_cat","embeddable":true,"href":"https:\/\/accrosport.tn\/index.php\/wp-json\/wp\/v2\/product_cat?post=30553"},{"taxonomy":"product_tag","embeddable":true,"href":"https:\/\/accrosport.tn\/index.php\/wp-json\/wp\/v2\/product_tag?post=30553"}],"curies":[{"name":"wp","href":"https:\/\/api.w.org\/{rel}","templated":true}]}}