{"id":30539,"date":"2025-09-29T14:32:45","date_gmt":"2025-09-29T14:32:45","guid":{"rendered":"https:\/\/accrosport.tn\/index.php\/product\/meta-lady-2401-negro-rosa\/"},"modified":"2026-03-11T12:46:46","modified_gmt":"2026-03-11T12:46:46","slug":"meta-lady-2401-negro-rosa","status":"publish","type":"product","link":"https:\/\/accrosport.tn\/index.php\/product\/meta-lady-2401-negro-rosa\/","title":{"rendered":"Chaussures running Meta Lady 2401 femme noir rose"},"content":{"rendered":"<p>Chaussures de course pour femmes. Le mod\u00e8le Meta est parfait pour les coureuses qui se trouvent dans la phase d&rsquo;initiation et qui ont besoin des avantages de base en termes de confort et de durabilit\u00e9. Recommand\u00e9 pour un rythme de course doux.<\/p>\n<p>La coupe est r\u00e9alis\u00e9e en mesh, accompagn\u00e9e de perforations VTS qui permettent la ventilation de la transpiration afin de maintenir le pied \u00e0 une temp\u00e9rature constante. Elle int\u00e8gre \u00e9galement un mat\u00e9riau synth\u00e9tique, qui agit comme un syst\u00e8me de ajustement et apporte de la fermet\u00e9 \u00e0 la partie sup\u00e9rieure.<\/p>\n<p>La semelle interm\u00e9diaire avec un drop de 10 mm est construite en phylon, offrant confort, flexibilit\u00e9 et amorti.<\/p>\n<p>La semelle est en caoutchouc r\u00e9sistant \u00e0 l&rsquo;abrasion.<\/p>\n<ul class=\"featuresul\">\n<li>Tige en semi-microfibre avec maille respirante VTS<\/li>\n<li>Semelle interm\u00e9diaire en phylon<\/li>\n<li>Semelle ext\u00e9rieure en caoutchouc<\/li>\n<\/ul>\n","protected":false},"excerpt":{"rendered":"<p>Chaussures de course pour femmes. Le mod\u00e8le Meta est parfait pour les coureuses qui se trouvent dans la phase d&rsquo;initiation et qui ont besoin des avantages de base en termes de confort et de durabilit\u00e9. Recommand\u00e9 pour un rythme de course doux.<\/p>\n","protected":false},"featured_media":33700,"template":"","meta":[],"product_brand":[],"product_cat":[57,42,82,114,113],"product_tag":[],"class_list":{"0":"post-30539","1":"product","2":"type-product","3":"status-publish","4":"has-post-thumbnail","6":"product_cat-chaussures","7":"product_cat-femme","8":"product_cat-running-chaussures","9":"product_cat-running-sport","10":"product_cat-sport","11":"pa_couleur-black-pink","12":"pa_taille-641","13":"pa_taille-643","14":"pa_taille-655","15":"pa_taille-644","16":"pa_taille-645","17":"pa_taille-646","19":"first","20":"outofstock","21":"purchasable","22":"product-type-variable"},"_links":{"self":[{"href":"https:\/\/accrosport.tn\/index.php\/wp-json\/wp\/v2\/product\/30539","targetHints":{"allow":["GET"]}}],"collection":[{"href":"https:\/\/accrosport.tn\/index.php\/wp-json\/wp\/v2\/product"}],"about":[{"href":"https:\/\/accrosport.tn\/index.php\/wp-json\/wp\/v2\/types\/product"}],"wp:featuredmedia":[{"embeddable":true,"href":"https:\/\/accrosport.tn\/index.php\/wp-json\/wp\/v2\/media\/33700"}],"wp:attachment":[{"href":"https:\/\/accrosport.tn\/index.php\/wp-json\/wp\/v2\/media?parent=30539"}],"wp:term":[{"taxonomy":"product_brand","embeddable":true,"href":"https:\/\/accrosport.tn\/index.php\/wp-json\/wp\/v2\/product_brand?post=30539"},{"taxonomy":"product_cat","embeddable":true,"href":"https:\/\/accrosport.tn\/index.php\/wp-json\/wp\/v2\/product_cat?post=30539"},{"taxonomy":"product_tag","embeddable":true,"href":"https:\/\/accrosport.tn\/index.php\/wp-json\/wp\/v2\/product_tag?post=30539"}],"curies":[{"name":"wp","href":"https:\/\/api.w.org\/{rel}","templated":true}]}}