{"id":30519,"date":"2025-09-29T14:32:40","date_gmt":"2025-09-29T14:32:40","guid":{"rendered":"https:\/\/accrosport.tn\/index.php\/product\/hispalis-2417-petroleo\/"},"modified":"2025-10-08T09:43:04","modified_gmt":"2025-10-08T09:43:04","slug":"hispalis-2417-petroleo","status":"publish","type":"product","link":"https:\/\/accrosport.tn\/index.php\/product\/hispalis-2417-petroleo\/","title":{"rendered":"Chaussures running Hispalis Men 2417 homme bleu p\u00e9trole"},"content":{"rendered":"<p>Chaussures de running pour homme. Le mod\u00e8le Hispalis est id\u00e9al pour les coureurs qui cherchent \u00e0 s\u2019entra\u00eener en profitant d\u2019un excellent amortissement et de stabilit\u00e9, mais qui en m\u00eame temps ont besoin d\u2019un peu d\u2019impulsion. Elles sont si confortables que vous pouvez \u00e9galement les utiliser pour r\u00e9cup\u00e9rer. Recommand\u00e9es pour les coureurs qui courent \u00e0 un rythme moyen (entre 4 et 5 minutes et demie par km).<\/p>\n<p>La tige conserve le jacquard personnalis\u00e9 si l\u00e9ger, flexible et respirant. Encore une fois, l\u2019a\u00e9ration est optimis\u00e9e gr\u00e2ce \u00e0 l\u2019incorporation de petites perforations VTS. L\u2019air entre et sort des chaussures permettant \u00e0 la temp\u00e9rature du pied de rester constante tout au long de la course. Pour un ajustement parfait, un mat\u00e9riau synth\u00e9tique thermoscell\u00e9 avec la technologie JOMA SPORTECH a \u00e9t\u00e9 ajout\u00e9. Languette \u00e9galement respirante et l\u00e9g\u00e8re li\u00e9e au reste du dessus.<\/p>\n<p>Semelle interm\u00e9diaire bonne en amortissement et r\u00e9activit\u00e9. Elle combine un phylon double densit\u00e9 FULL DUAL PULSOR, ainsi qu\u2019une partie en gel PULSOR, situ\u00e9e \u00e0 l\u2019arri\u00e8re, qui absorbe les chocs, donne de l\u2019impulsion au coureur et apporte du confort.<\/p>\n<p>La semelle ext\u00e9rieure est fabriqu\u00e9e en caoutchouc DURABILITY de grande qualit\u00e9 et r\u00e9sistant \u00e0 l\u2019abrasion sur l\u2019asphalte. Elle comprend une pi\u00e8ce STABILIS dans la cambrure pour \u00e9viter les torsions inutiles et assurer la stabilit\u00e9.<\/p>\n<p>Drop 10 mm.<\/p>\n<ul class=\"featuresul\">\n<li>Tige en nylon et TPU<\/li>\n<li>Fermeture \u00e0 lacets<\/li>\n<li>Semelle interm\u00e9diaire \u00e0 double densit\u00e9 FULL DUAL PULSOR avec la technologie PULSOR<\/li>\n<li>Semelle ext\u00e9rieure en caoutchouc<\/li>\n<li>Langue cousue \u00e0 la coupe<\/li>\n<\/ul>\n","protected":false},"excerpt":{"rendered":"<p>Chaussures de running pour homme. Le mod\u00e8le Hispalis est id\u00e9al pour les coureurs qui cherchent \u00e0 s\u2019entra\u00eener en profitant d\u2019un excellent amortissement et de stabilit\u00e9, mais qui en m\u00eame temps ont besoin d\u2019un peu d\u2019impulsion. Elles sont si confortables que vous pouvez \u00e9galement les utiliser pour r\u00e9cup\u00e9rer. Recommand\u00e9es pour les coureurs qui courent \u00e0 un rythme moyen (entre 4 et 5 minutes et demie par km).<\/p>\n","protected":false},"featured_media":33711,"template":"","meta":[],"product_brand":[],"product_cat":[61,33,77,114,113,137],"product_tag":[],"class_list":{"0":"post-30519","1":"product","2":"type-product","3":"status-publish","4":"has-post-thumbnail","6":"product_cat-chaussures-homme","7":"product_cat-homme","8":"product_cat-running","9":"product_cat-running-sport","10":"product_cat-sport","11":"product_cat-training","12":"pa_couleur-petroleum","13":"pa_taille-645","14":"pa_taille-646","15":"pa_taille-649","16":"pa_taille-651","18":"first","19":"outofstock","20":"purchasable","21":"product-type-variable"},"_links":{"self":[{"href":"https:\/\/accrosport.tn\/index.php\/wp-json\/wp\/v2\/product\/30519","targetHints":{"allow":["GET"]}}],"collection":[{"href":"https:\/\/accrosport.tn\/index.php\/wp-json\/wp\/v2\/product"}],"about":[{"href":"https:\/\/accrosport.tn\/index.php\/wp-json\/wp\/v2\/types\/product"}],"wp:featuredmedia":[{"embeddable":true,"href":"https:\/\/accrosport.tn\/index.php\/wp-json\/wp\/v2\/media\/33711"}],"wp:attachment":[{"href":"https:\/\/accrosport.tn\/index.php\/wp-json\/wp\/v2\/media?parent=30519"}],"wp:term":[{"taxonomy":"product_brand","embeddable":true,"href":"https:\/\/accrosport.tn\/index.php\/wp-json\/wp\/v2\/product_brand?post=30519"},{"taxonomy":"product_cat","embeddable":true,"href":"https:\/\/accrosport.tn\/index.php\/wp-json\/wp\/v2\/product_cat?post=30519"},{"taxonomy":"product_tag","embeddable":true,"href":"https:\/\/accrosport.tn\/index.php\/wp-json\/wp\/v2\/product_tag?post=30519"}],"curies":[{"name":"wp","href":"https:\/\/api.w.org\/{rel}","templated":true}]}}