{"id":30510,"date":"2025-09-29T14:32:40","date_gmt":"2025-09-29T14:32:40","guid":{"rendered":"https:\/\/accrosport.tn\/index.php\/product\/fenix-men-2401-negro\/"},"modified":"2025-10-08T09:16:57","modified_gmt":"2025-10-08T09:16:57","slug":"fenix-men-2401-negro","status":"publish","type":"product","link":"https:\/\/accrosport.tn\/index.php\/product\/fenix-men-2401-negro\/","title":{"rendered":"Chaussures running Fenix Men 2401 homme noir"},"content":{"rendered":"<p>Chaussures de running pour homme. Ce mod\u00e8le d\u2019entra\u00eenement a \u00e9t\u00e9 renouvel\u00e9 pour am\u00e9liorer la stabilit\u00e9, l\u2019amortissement et la r\u00e9activit\u00e9. Recommand\u00e9es pour les coureurs avec un rythme de course moyen (entre 4 et 5 minutes et demie par km) qui ont besoin d\u2019un coup de pouce.<\/p>\n<p>Tige am\u00e9lior\u00e9e, fabriqu\u00e9e en maille technique avec finition jacquard, l\u00e9g\u00e8re, confortable et respirable. Elle conserve les perforations VTS pour permettre l\u2019\u00e9vacuation de la transpiration. Ajustement optimis\u00e9 avec un d\u00e9placement du mat\u00e9riau synth\u00e9tique TPU JOMA SPORTECH, qui maintient le dessus sans ajouter de poids suppl\u00e9mentaire. Comprend un renfort PROTECTION en TPU au niveau du bout pour augmenter la durabilit\u00e9.<\/p>\n<p>Nouvelle semelle interm\u00e9diaire fabriqu\u00e9e avec le syst\u00e8me \u00e0 double densit\u00e9 FULL DUAL PULSOR. La partie inf\u00e9rieure en FOAM REACTIVE amortit chaque pas. La tige est en phylon pour fournir amortissement et stabilit\u00e9. Cette derni\u00e8re caract\u00e9ristique est renforc\u00e9e par la pi\u00e8ce STABILIS du talon.<\/p>\n<p>Semelle ext\u00e9rieure en caoutchouc DURABILITY haute r\u00e9sistance \u00e0 l\u2019abrasion pour une utilisation sur asphalte.<\/p>\n<p>Drop 8 mm.<\/p>\n<ul class=\"featuresul\">\n<li>Tige en nylon et TPU<\/li>\n<li>Fermeture \u00e0 lacets<\/li>\n<li>Semelle interm\u00e9diaire \u00e0 double densit\u00e9 FULL DUAL PULSOR avec FOAM REACTIVE<\/li>\n<li>Semelle ext\u00e9rieure en caoutchouc<\/li>\n<li>Renfort en pointe<\/li>\n<li>Langue cousue \u00e0 la coupe<\/li>\n<\/ul>\n","protected":false},"excerpt":{"rendered":"<p>Chaussures de running pour homme. Ce mod\u00e8le d\u2019entra\u00eenement a \u00e9t\u00e9 renouvel\u00e9 pour am\u00e9liorer la stabilit\u00e9, l\u2019amortissement et la r\u00e9activit\u00e9. Recommand\u00e9es pour les coureurs avec un rythme de course moyen (entre 4 et 5 minutes et demie par km) qui ont besoin d\u2019un coup de pouce.<\/p>\n","protected":false},"featured_media":33702,"template":"","meta":[],"product_brand":[],"product_cat":[61,33,77,114,113,137],"product_tag":[],"class_list":{"0":"post-30510","1":"product","2":"type-product","3":"status-publish","4":"has-post-thumbnail","6":"product_cat-chaussures-homme","7":"product_cat-homme","8":"product_cat-running","9":"product_cat-running-sport","10":"product_cat-sport","11":"product_cat-training","12":"pa_couleur-noir","13":"pa_taille-646","14":"pa_taille-653","16":"first","17":"outofstock","18":"purchasable","19":"product-type-variable"},"_links":{"self":[{"href":"https:\/\/accrosport.tn\/index.php\/wp-json\/wp\/v2\/product\/30510","targetHints":{"allow":["GET"]}}],"collection":[{"href":"https:\/\/accrosport.tn\/index.php\/wp-json\/wp\/v2\/product"}],"about":[{"href":"https:\/\/accrosport.tn\/index.php\/wp-json\/wp\/v2\/types\/product"}],"wp:featuredmedia":[{"embeddable":true,"href":"https:\/\/accrosport.tn\/index.php\/wp-json\/wp\/v2\/media\/33702"}],"wp:attachment":[{"href":"https:\/\/accrosport.tn\/index.php\/wp-json\/wp\/v2\/media?parent=30510"}],"wp:term":[{"taxonomy":"product_brand","embeddable":true,"href":"https:\/\/accrosport.tn\/index.php\/wp-json\/wp\/v2\/product_brand?post=30510"},{"taxonomy":"product_cat","embeddable":true,"href":"https:\/\/accrosport.tn\/index.php\/wp-json\/wp\/v2\/product_cat?post=30510"},{"taxonomy":"product_tag","embeddable":true,"href":"https:\/\/accrosport.tn\/index.php\/wp-json\/wp\/v2\/product_tag?post=30510"}],"curies":[{"name":"wp","href":"https:\/\/api.w.org\/{rel}","templated":true}]}}