{"id":30497,"date":"2025-09-29T14:32:35","date_gmt":"2025-09-29T14:32:35","guid":{"rendered":"https:\/\/accrosport.tn\/index.php\/product\/r-supercross-2301-negro-amaril\/"},"modified":"2025-10-08T10:04:06","modified_gmt":"2025-10-08T10:04:06","slug":"r-supercross-2301-negro-amaril","status":"publish","type":"product","link":"https:\/\/accrosport.tn\/index.php\/product\/r-supercross-2301-negro-amaril\/","title":{"rendered":"Chaussures de course Joma R.Supercross 2301 pour homme"},"content":{"rendered":"<p>Chaussures de course Joma R.Supercross 2301 pour homme, noires, RCROS2301 (RCROS2301)<br \/>\nLes chaussures Joma R.Super Cross ont \u00e9t\u00e9 con\u00e7ues pour ceux qui n&rsquo;ont pas peur des d\u00e9fis, que ce soit pour s&rsquo;entra\u00eener sur des distances moyennes ou se pr\u00e9parer pour un marathon.<\/p>\n<p>Elles sont parfaitement adapt\u00e9es aux coureurs de poids moyen et sup\u00e9rieur gr\u00e2ce \u00e0 la combinaison d&rsquo;amorti , qui vise non seulement \u00e0 augmenter le confort pendant la course mais \u00e9galement \u00e0 favoriser la r\u00e9cup\u00e9ration apr\u00e8s un effort intense.<\/p>\n<p>La semelle interm\u00e9diaire est \u00e9quip\u00e9e du syst\u00e8me FULL DUAL PULSOR qui, gr\u00e2ce \u00e0 son double amorti, offre un confort de course maximal. La bille thermoplastique REACTIVE BALL , sous la semelle, absorbe parfaitement les chocs et reprend rapidement sa forme initiale, apportant du dynamisme \u00e0 chaque pas. <\/p>\n<p>Le syst\u00e8me FLEXO int\u00e9gr\u00e9 aux lignes flexibles est un v\u00e9ritable chef-d&rsquo;\u0153uvre d&rsquo;ing\u00e9nierie. Gr\u00e2ce \u00e0 lui, vos pieds se d\u00e9placent naturellement et en douceur, pas \u00e0 pas. Ainsi, quel que soit votre rythme ou la surface sur laquelle vous courez, chaque pas sera stable, s\u00fbr et surtout confortable. <\/p>\n<p>Le syst\u00e8me JOMA SPORTECH adapte la chaussure au pied, \u00e9liminant les coutures et le poids suppl\u00e9mentaire, ce qui rend la chaussure parfaitement adapt\u00e9e au pied et extr\u00eamement l\u00e9g\u00e8re<\/p>\n","protected":false},"excerpt":{"rendered":"<p>Chaussures de course Joma R.Supercross 2301 pour homme, noires, RCROS2301 (RCROS2301)<\/p>\n","protected":false},"featured_media":33723,"template":"","meta":[],"product_brand":[],"product_cat":[61,33,77,114,113],"product_tag":[],"class_list":{"0":"post-30497","1":"product","2":"type-product","3":"status-publish","4":"has-post-thumbnail","6":"product_cat-chaussures-homme","7":"product_cat-homme","8":"product_cat-running","9":"product_cat-running-sport","10":"product_cat-sport","11":"pa_couleur-black-yellow","12":"pa_taille-646","13":"pa_taille-649","14":"pa_taille-650","15":"pa_taille-651","16":"pa_taille-653","18":"first","19":"outofstock","20":"purchasable","21":"product-type-variable"},"_links":{"self":[{"href":"https:\/\/accrosport.tn\/index.php\/wp-json\/wp\/v2\/product\/30497","targetHints":{"allow":["GET"]}}],"collection":[{"href":"https:\/\/accrosport.tn\/index.php\/wp-json\/wp\/v2\/product"}],"about":[{"href":"https:\/\/accrosport.tn\/index.php\/wp-json\/wp\/v2\/types\/product"}],"wp:featuredmedia":[{"embeddable":true,"href":"https:\/\/accrosport.tn\/index.php\/wp-json\/wp\/v2\/media\/33723"}],"wp:attachment":[{"href":"https:\/\/accrosport.tn\/index.php\/wp-json\/wp\/v2\/media?parent=30497"}],"wp:term":[{"taxonomy":"product_brand","embeddable":true,"href":"https:\/\/accrosport.tn\/index.php\/wp-json\/wp\/v2\/product_brand?post=30497"},{"taxonomy":"product_cat","embeddable":true,"href":"https:\/\/accrosport.tn\/index.php\/wp-json\/wp\/v2\/product_cat?post=30497"},{"taxonomy":"product_tag","embeddable":true,"href":"https:\/\/accrosport.tn\/index.php\/wp-json\/wp\/v2\/product_tag?post=30497"}],"curies":[{"name":"wp","href":"https:\/\/api.w.org\/{rel}","templated":true}]}}