{"id":30491,"date":"2025-09-29T14:32:35","date_gmt":"2025-09-29T14:32:35","guid":{"rendered":"https:\/\/accrosport.tn\/index.php\/product\/argon-men-2401-negro\/"},"modified":"2025-10-08T09:55:23","modified_gmt":"2025-10-08T09:55:23","slug":"argon-men-2401-negro","status":"publish","type":"product","link":"https:\/\/accrosport.tn\/index.php\/product\/argon-men-2401-negro\/","title":{"rendered":"Chaussures running Argon Men 2401 homme noir"},"content":{"rendered":"<p>Chaussures de course pour homme. Ce mod\u00e8le de course d\u00e9contract\u00e9, polyvalent, l\u00e9ger et confortable est parfait aussi bien pour la marche que pour une utilisation quotidienne.<\/p>\n<p>Tige en mesh avec une finition \u00e9l\u00e9gante en jacquard personnalis\u00e9. Le syst\u00e8me de perforations VTS a \u00e9t\u00e9 int\u00e9gr\u00e9, ce qui optimise la transpiration de la sueur. Il est \u00e9galement dot\u00e9 du syst\u00e8me d&rsquo;ajustement thermosoud\u00e9 JOMA SPORTECH, qui adapte les chaussures de sport sans ajouter de poids.<\/p>\n<p>Semelle interm\u00e9diaire en phylon offrant un grand confort, une grande flexibilit\u00e9 et un bon amorti.<\/p>\n<p>Semelle en caoutchouc r\u00e9sistant \u00e0 l&rsquo;abrasion pour prolonger sa durabilit\u00e9.<\/p>\n<ul class=\"featuresul\">\n<li>Empeigne en mesh respirant VTS<\/li>\n<li>Coupe avec syst\u00e8me de r\u00e9glage thermosoud\u00e9 SPORTECH<\/li>\n<li>Semelle interm\u00e9diaire en phylon<\/li>\n<li>Semelle en caoutchouc r\u00e9sistant<\/li>\n<\/ul>\n","protected":false},"excerpt":{"rendered":"<p>Chaussures de running pour homme, l\u00e9g\u00e8res et polyvalentes, id\u00e9ales pour la marche ou un usage quotidien. La tige en mesh avec une finition en Jacquard personnalis\u00e9 comprend des perforations VTS pour une meilleure respirabilit\u00e9. Ajustement thermoscell\u00e9 JOMA SPORTECH pour plus de l\u00e9g\u00e8ret\u00e9. Semelle ext\u00e9rieure en caoutchouc r\u00e9sistant \u00e0 l&rsquo;abrasion pour une plus grande durabilit\u00e9.<\/p>\n","protected":false},"featured_media":33721,"template":"","meta":[],"product_brand":[],"product_cat":[61,33,77,114,113,137],"product_tag":[],"class_list":{"0":"post-30491","1":"product","2":"type-product","3":"status-publish","4":"has-post-thumbnail","6":"product_cat-chaussures-homme","7":"product_cat-homme","8":"product_cat-running","9":"product_cat-running-sport","10":"product_cat-sport","11":"product_cat-training","12":"pa_couleur-noir","13":"pa_taille-645","14":"pa_taille-646","15":"pa_taille-649","16":"pa_taille-650","17":"pa_taille-653","19":"first","20":"outofstock","21":"purchasable","22":"product-type-variable"},"_links":{"self":[{"href":"https:\/\/accrosport.tn\/index.php\/wp-json\/wp\/v2\/product\/30491","targetHints":{"allow":["GET"]}}],"collection":[{"href":"https:\/\/accrosport.tn\/index.php\/wp-json\/wp\/v2\/product"}],"about":[{"href":"https:\/\/accrosport.tn\/index.php\/wp-json\/wp\/v2\/types\/product"}],"wp:featuredmedia":[{"embeddable":true,"href":"https:\/\/accrosport.tn\/index.php\/wp-json\/wp\/v2\/media\/33721"}],"wp:attachment":[{"href":"https:\/\/accrosport.tn\/index.php\/wp-json\/wp\/v2\/media?parent=30491"}],"wp:term":[{"taxonomy":"product_brand","embeddable":true,"href":"https:\/\/accrosport.tn\/index.php\/wp-json\/wp\/v2\/product_brand?post=30491"},{"taxonomy":"product_cat","embeddable":true,"href":"https:\/\/accrosport.tn\/index.php\/wp-json\/wp\/v2\/product_cat?post=30491"},{"taxonomy":"product_tag","embeddable":true,"href":"https:\/\/accrosport.tn\/index.php\/wp-json\/wp\/v2\/product_tag?post=30491"}],"curies":[{"name":"wp","href":"https:\/\/api.w.org\/{rel}","templated":true}]}}