{"id":30484,"date":"2025-09-29T14:32:35","date_gmt":"2025-09-29T14:32:35","guid":{"rendered":"https:\/\/accrosport.tn\/index.php\/product\/c-367-men-2403-marino-azul\/"},"modified":"2025-10-08T09:51:42","modified_gmt":"2025-10-08T09:51:42","slug":"c-367-men-2403-marino-azul","status":"publish","type":"product","link":"https:\/\/accrosport.tn\/index.php\/product\/c-367-men-2403-marino-azul\/","title":{"rendered":"Chaussures casual C.367 Men 2403 homme bleu marine bleu"},"content":{"rendered":"<p>Chaussures casual pour homme. Indiqu\u00e9es pour un usage quotidien. Leur design \u00e9l\u00e9gant est inspir\u00e9 du style classique, combin\u00e9 avec des touches modernes pour suivre les tendances de la chaussure de sport actuelle. De plus, une partie des mat\u00e9riaux utilis\u00e9s sont recycl\u00e9s. Avec elles, Joma se joint \u00e0 la mode durable.<\/p>\n<p>Tige principalement en textile respirant, apportant une touche l\u00e9g\u00e8re et flexible. Dans les zones n\u00e9cessitant un renfort et un maintien suppl\u00e9mentaires, elle est en cuir, un mat\u00e9riau de premi\u00e8re qualit\u00e9, durable et \u00e9l\u00e9gant.<\/p>\n<p>Semelle interm\u00e9diaire en phylon recycl\u00e9, un mat\u00e9riau l\u00e9ger, flexible et capable d&rsquo;absorber les chocs, qui prend \u00e9galement soin de l&rsquo;environnement. Elle comporte un \u00e9l\u00e9ment STABILIS \u00e0 l&rsquo;arri\u00e8re pour stabiliser la foul\u00e9e.<\/p>\n<p>Semelle en caoutchouc DURABILITY recycl\u00e9, tr\u00e8s r\u00e9sistante \u00e0 l&rsquo;usure.<\/p>\n<ul class=\"featuresul\">\n<li>D\u00e9coupe en cuir et en cuir synth\u00e9tique<\/li>\n<li>Semelle interm\u00e9diaire en phylon avec STABILIS<\/li>\n<li>Semelle ext\u00e9rieure DURABILITY en caoutchouc<\/li>\n<li>Une partie de la chaussure a \u00e9t\u00e9 fabriqu\u00e9e \u00e0 partir de mat\u00e9riaux recycl\u00e9s<\/li>\n<\/ul>\n","protected":false},"excerpt":{"rendered":"<p>Chaussures casual pour homme. Indiqu\u00e9es pour un usage quotidien. Leur design \u00e9l\u00e9gant est inspir\u00e9 du style classique, combin\u00e9 avec des touches modernes pour suivre les tendances de la chaussure de sport actuelle. De plus, une partie des mat\u00e9riaux utilis\u00e9s sont recycl\u00e9s. Avec elles, Joma se joint \u00e0 la mode durable.<\/p>\n","protected":false},"featured_media":33715,"template":"","meta":[],"product_brand":[],"product_cat":[78,61,33],"product_tag":[],"class_list":{"0":"post-30484","1":"product","2":"type-product","3":"status-publish","4":"has-post-thumbnail","6":"product_cat-casual","7":"product_cat-chaussures-homme","8":"product_cat-homme","9":"pa_couleur-navy-blue-blue","10":"pa_taille-645","11":"pa_taille-646","12":"pa_taille-649","13":"pa_taille-650","14":"pa_taille-651","15":"pa_taille-653","17":"first","18":"outofstock","19":"sale","20":"purchasable","21":"product-type-variable"},"_links":{"self":[{"href":"https:\/\/accrosport.tn\/index.php\/wp-json\/wp\/v2\/product\/30484","targetHints":{"allow":["GET"]}}],"collection":[{"href":"https:\/\/accrosport.tn\/index.php\/wp-json\/wp\/v2\/product"}],"about":[{"href":"https:\/\/accrosport.tn\/index.php\/wp-json\/wp\/v2\/types\/product"}],"wp:featuredmedia":[{"embeddable":true,"href":"https:\/\/accrosport.tn\/index.php\/wp-json\/wp\/v2\/media\/33715"}],"wp:attachment":[{"href":"https:\/\/accrosport.tn\/index.php\/wp-json\/wp\/v2\/media?parent=30484"}],"wp:term":[{"taxonomy":"product_brand","embeddable":true,"href":"https:\/\/accrosport.tn\/index.php\/wp-json\/wp\/v2\/product_brand?post=30484"},{"taxonomy":"product_cat","embeddable":true,"href":"https:\/\/accrosport.tn\/index.php\/wp-json\/wp\/v2\/product_cat?post=30484"},{"taxonomy":"product_tag","embeddable":true,"href":"https:\/\/accrosport.tn\/index.php\/wp-json\/wp\/v2\/product_tag?post=30484"}],"curies":[{"name":"wp","href":"https:\/\/api.w.org\/{rel}","templated":true}]}}