{"id":30467,"date":"2025-09-29T11:18:06","date_gmt":"2025-09-29T11:18:06","guid":{"rendered":"https:\/\/accrosport.tn\/index.php\/product\/active-2431-negro-amarillo-fluor\/"},"modified":"2026-04-18T07:50:32","modified_gmt":"2026-04-18T07:50:32","slug":"active-2431-negro-amarillo-fluor","status":"publish","type":"product","link":"https:\/\/accrosport.tn\/index.php\/product\/active-2431-negro-amarillo-fluor\/","title":{"rendered":"Chaussures running Active 2431 homme noir jaune fluo"},"content":{"rendered":"<p>Chaussures de course pour homme. Les Active sont destin\u00e9es aux futurs coureurs qui veulent se lancer dans ce sport. C&rsquo;est pourquoi leur utilisation est recommand\u00e9e pour les coureurs qui maintiennent un rythme doux. C&rsquo;est une chaussure l\u00e9g\u00e8re et durable.<\/p>\n<p>Tige en mesh avec une finition en Jacquard personnalis\u00e9 et en mat\u00e9riau synth\u00e9tique pour ajuster et donner de la consistance \u00e0 la coupe. Elle int\u00e8gre la technologie de perforations VTS, qui facilite l&rsquo;\u00e9vacuation de la transpiration.<\/p>\n<p>Semelle interm\u00e9diaire en phylon d&rsquo;une seule pi\u00e8ce avec l\u00e9g\u00e8ret\u00e9, flexibilit\u00e9 et amorti.<\/p>\n<p>Semelle en caoutchouc de bonne qualit\u00e9 et r\u00e9sistance \u00e0 l&rsquo;abrasion sur l&rsquo;asphalte.<\/p>\n<ul class=\"featuresul\">\n<li>Tige en semi-microfibre avec maille respirante VTS<\/li>\n<li>Semelle interm\u00e9diaire en phylon<\/li>\n<li>Semelle ext\u00e9rieure en caoutchouc<\/li>\n<\/ul>\n","protected":false},"excerpt":{"rendered":"<p>Chaussures de running Active pour homme, l\u00e9g\u00e8res et durables, id\u00e9ales pour les coureurs d\u00e9butants. Tige en mesh avec technologie VTS pour une meilleure respirabilit\u00e9. Semelle interm\u00e9diaire en phylon pour l&rsquo;amorti et semelle ext\u00e9rieure en caoutchouc r\u00e9sistant pour l&rsquo;asphalte.<\/p>\n","protected":false},"featured_media":33736,"template":"","meta":[],"product_brand":[],"product_cat":[61,33,77,114,113],"product_tag":[],"class_list":{"0":"post-30467","1":"product","2":"type-product","3":"status-publish","4":"has-post-thumbnail","6":"product_cat-chaussures-homme","7":"product_cat-homme","8":"product_cat-running","9":"product_cat-running-sport","10":"product_cat-sport","11":"pa_couleur-black-fluorescent-yellow","12":"pa_taille-645","13":"pa_taille-646","14":"pa_taille-649","15":"pa_taille-650","16":"pa_taille-651","17":"pa_taille-653","18":"pa_taille-656","20":"first","21":"outofstock","22":"purchasable","23":"product-type-variable"},"_links":{"self":[{"href":"https:\/\/accrosport.tn\/index.php\/wp-json\/wp\/v2\/product\/30467","targetHints":{"allow":["GET"]}}],"collection":[{"href":"https:\/\/accrosport.tn\/index.php\/wp-json\/wp\/v2\/product"}],"about":[{"href":"https:\/\/accrosport.tn\/index.php\/wp-json\/wp\/v2\/types\/product"}],"wp:featuredmedia":[{"embeddable":true,"href":"https:\/\/accrosport.tn\/index.php\/wp-json\/wp\/v2\/media\/33736"}],"wp:attachment":[{"href":"https:\/\/accrosport.tn\/index.php\/wp-json\/wp\/v2\/media?parent=30467"}],"wp:term":[{"taxonomy":"product_brand","embeddable":true,"href":"https:\/\/accrosport.tn\/index.php\/wp-json\/wp\/v2\/product_brand?post=30467"},{"taxonomy":"product_cat","embeddable":true,"href":"https:\/\/accrosport.tn\/index.php\/wp-json\/wp\/v2\/product_cat?post=30467"},{"taxonomy":"product_tag","embeddable":true,"href":"https:\/\/accrosport.tn\/index.php\/wp-json\/wp\/v2\/product_tag?post=30467"}],"curies":[{"name":"wp","href":"https:\/\/api.w.org\/{rel}","templated":true}]}}