{"id":30443,"date":"2025-09-29T11:18:01","date_gmt":"2025-09-29T11:18:01","guid":{"rendered":"https:\/\/accrosport.tn\/index.php\/product\/propulsion-2404-royal-naranja-firm-ground\/"},"modified":"2025-10-08T10:49:12","modified_gmt":"2025-10-08T10:49:12","slug":"propulsion-2404-royal-naranja-firm-ground","status":"publish","type":"product","link":"https:\/\/accrosport.tn\/index.php\/product\/propulsion-2404-royal-naranja-firm-ground\/","title":{"rendered":"JOMA Futbol Propulsion 2404 FG Royal Orange"},"content":{"rendered":"<p>Chaussures de football pour terrain sec (FG), recommand\u00e9es aux joueurs professionnels recherchant la vitesse. Ces chaussures haut de gamme vous offriront des performances exceptionnelles.<\/p>\n<p>Tige en microfibre fabriqu\u00e9e avec la technologie ONE PIECE, qui \u00e9limine les coutures pour une l\u00e9g\u00e8ret\u00e9 et un confort optimaux. Ce mat\u00e9riau offre notamment sa l\u00e9g\u00e8ret\u00e9 et son excellente r\u00e9sistance \u00e0 l&rsquo;abrasion. Le syst\u00e8me d&rsquo;ajustement SOCK SYSTEM apporte souplesse et confort.<\/p>\n<p>Contrefort arri\u00e8re du talon EXO COUNTER pour maximiser la stabilit\u00e9 de la chaussure lors des changements de direction.<\/p>\n<p>La semelle est en fibre synth\u00e9tique chrom\u00e9e, adapt\u00e9e \u00e0 ce type de terrain pour mieux contr\u00f4ler les mouvements sur un sol ferme et non abrasif.<\/p>\n","protected":false},"excerpt":{"rendered":"<p>Chaussures de football pour terrain sec (FG), recommand\u00e9es aux joueurs professionnels recherchant la vitesse. Ces chaussures haut de gamme vous offriront des performances exceptionnelles. Tige en microfibre fabriqu\u00e9e avec la technologie ONE PIECE, qui \u00e9limine les coutures pour une l\u00e9g\u00e8ret\u00e9 et un confort optimaux. Ce mat\u00e9riau offre notamment sa l\u00e9g\u00e8ret\u00e9 et son excellente r\u00e9sistance \u00e0 [&hellip;]<\/p>\n","protected":false},"featured_media":33741,"template":"","meta":[],"product_brand":[],"product_cat":[61,75,33],"product_tag":[],"class_list":{"0":"post-30443","1":"product","2":"type-product","3":"status-publish","4":"has-post-thumbnail","6":"product_cat-chaussures-homme","7":"product_cat-foot","8":"product_cat-homme","9":"pa_couleur-royal-blue-orange","10":"pa_taille-645","11":"pa_taille-646","12":"pa_taille-649","13":"pa_taille-650","14":"pa_taille-651","15":"pa_taille-653","17":"first","18":"outofstock","19":"sale","20":"purchasable","21":"product-type-variable"},"_links":{"self":[{"href":"https:\/\/accrosport.tn\/index.php\/wp-json\/wp\/v2\/product\/30443","targetHints":{"allow":["GET"]}}],"collection":[{"href":"https:\/\/accrosport.tn\/index.php\/wp-json\/wp\/v2\/product"}],"about":[{"href":"https:\/\/accrosport.tn\/index.php\/wp-json\/wp\/v2\/types\/product"}],"wp:featuredmedia":[{"embeddable":true,"href":"https:\/\/accrosport.tn\/index.php\/wp-json\/wp\/v2\/media\/33741"}],"wp:attachment":[{"href":"https:\/\/accrosport.tn\/index.php\/wp-json\/wp\/v2\/media?parent=30443"}],"wp:term":[{"taxonomy":"product_brand","embeddable":true,"href":"https:\/\/accrosport.tn\/index.php\/wp-json\/wp\/v2\/product_brand?post=30443"},{"taxonomy":"product_cat","embeddable":true,"href":"https:\/\/accrosport.tn\/index.php\/wp-json\/wp\/v2\/product_cat?post=30443"},{"taxonomy":"product_tag","embeddable":true,"href":"https:\/\/accrosport.tn\/index.php\/wp-json\/wp\/v2\/product_tag?post=30443"}],"curies":[{"name":"wp","href":"https:\/\/api.w.org\/{rel}","templated":true}]}}