{"id":30420,"date":"2025-09-29T11:17:56","date_gmt":"2025-09-29T11:17:56","guid":{"rendered":"https:\/\/accrosport.tn\/index.php\/product\/powerful-jr-2401-negro-turf\/"},"modified":"2025-10-08T11:11:00","modified_gmt":"2025-10-08T11:11:00","slug":"powerful-jr-2401-negro-turf","status":"publish","type":"product","link":"https:\/\/accrosport.tn\/index.php\/product\/powerful-jr-2401-negro-turf\/","title":{"rendered":"Joma Powerfull 2401 TF Junior &#8211; Noir"},"content":{"rendered":"<p>Joma Evolution est le choix id\u00e9al pour les jeunes footballeurs qui r\u00eavent de ma\u00eetriser le jeu sur le terrain. Con\u00e7ues pour les plus jeunes athl\u00e8tes, ces chaussures offrent un excellent maintien, confort et durabilit\u00e9. Dot\u00e9es d&rsquo;une technologie offrant une excellente adh\u00e9rence sur les surfaces synth\u00e9tiques, elles permettent des mouvements dynamiques et pr\u00e9cis. Leur construction l\u00e9g\u00e8re et leur forme ergonomique permettent \u00e0 chaque jeune footballeur de se sentir comme un v\u00e9ritable professionnel. Avec Joma Evolution, les futures stars du football sont pr\u00eates \u00e0 jouer au plus haut niveau !<\/p>\n","protected":false},"excerpt":{"rendered":"<p>Joma Evolution est le choix id\u00e9al pour les jeunes footballeurs qui r\u00eavent de ma\u00eetriser le jeu sur le terrain.<\/p>\n","protected":false},"featured_media":33751,"template":"","meta":[],"product_brand":[],"product_cat":[61,75,33,113],"product_tag":[],"class_list":{"0":"post-30420","1":"product","2":"type-product","3":"status-publish","4":"has-post-thumbnail","6":"product_cat-chaussures-homme","7":"product_cat-foot","8":"product_cat-homme","9":"product_cat-sport","10":"pa_couleur-noir","11":"pa_taille-674","12":"pa_taille-676","13":"pa_taille-678","14":"pa_taille-682","15":"pa_taille-671","16":"pa_taille-667","17":"pa_taille-668","18":"pa_taille-669","19":"pa_taille-670","21":"first","22":"outofstock","23":"sale","24":"purchasable","25":"product-type-variable"},"_links":{"self":[{"href":"https:\/\/accrosport.tn\/index.php\/wp-json\/wp\/v2\/product\/30420","targetHints":{"allow":["GET"]}}],"collection":[{"href":"https:\/\/accrosport.tn\/index.php\/wp-json\/wp\/v2\/product"}],"about":[{"href":"https:\/\/accrosport.tn\/index.php\/wp-json\/wp\/v2\/types\/product"}],"wp:featuredmedia":[{"embeddable":true,"href":"https:\/\/accrosport.tn\/index.php\/wp-json\/wp\/v2\/media\/33751"}],"wp:attachment":[{"href":"https:\/\/accrosport.tn\/index.php\/wp-json\/wp\/v2\/media?parent=30420"}],"wp:term":[{"taxonomy":"product_brand","embeddable":true,"href":"https:\/\/accrosport.tn\/index.php\/wp-json\/wp\/v2\/product_brand?post=30420"},{"taxonomy":"product_cat","embeddable":true,"href":"https:\/\/accrosport.tn\/index.php\/wp-json\/wp\/v2\/product_cat?post=30420"},{"taxonomy":"product_tag","embeddable":true,"href":"https:\/\/accrosport.tn\/index.php\/wp-json\/wp\/v2\/product_tag?post=30420"}],"curies":[{"name":"wp","href":"https:\/\/api.w.org\/{rel}","templated":true}]}}