{"id":30409,"date":"2025-09-29T11:17:52","date_gmt":"2025-09-29T11:17:52","guid":{"rendered":"https:\/\/accrosport.tn\/index.php\/product\/numero-10-2401-negro-blanco-firm-ground\/"},"modified":"2026-03-11T12:46:46","modified_gmt":"2026-03-11T12:46:46","slug":"numero-10-2401-negro-blanco-firm-ground","status":"publish","type":"product","link":"https:\/\/accrosport.tn\/index.php\/product\/numero-10-2401-negro-blanco-firm-ground\/","title":{"rendered":"Chaussures football Numero-10 24 terrain ferme FG noir blanc"},"content":{"rendered":"<p>Chaussures de football pour terrains fermes (FG). Ce mod\u00e8le d\u00e9velopp\u00e9 pour les jeunes talents du sport phare est destin\u00e9 au football amateur. Il apporte une aide suppl\u00e9mentaire aux joueurs dont la technique se base sur le contr\u00f4le du ballon.<\/p>\n<p>La tige de style classique est construite en cuir synth\u00e9tique avec l&rsquo;innovation de l&rsquo;incorporation de la technologie SOCK SYSTEM pour optimiser l&rsquo;ajustement et le confort. Ce mat\u00e9riau l\u00e9ger offre une excellente r\u00e9sistance \u00e0 l&rsquo;abrasion, accompagn\u00e9 de perforations VTS pour r\u00e9guler l&rsquo;accumulation de transpiration.<\/p>\n<p>Elles int\u00e8grent un contrefort EXO COUNTER \u00e0 l&rsquo;arri\u00e8re pour apporter de la stabilit\u00e9 \u00e0 la zone lors des changements de direction.<\/p>\n<p>La semelle est en fibre synth\u00e9tique, adapt\u00e9e \u00e0 ce type de terrain pour mieux contr\u00f4ler les mouvements sur des terrains fermes non abrasifs.<\/p>\n<ul class=\"featuresul\">\n<li>Coupe en mat\u00e9riau synth\u00e9tique (Fibertech)<\/li>\n<li>D\u00e9coupe pour une meilleure respirabilit\u00e9 VTS<\/li>\n<li>Semelle en fibre synth\u00e9tique r\u00e9sistante<\/li>\n<li>Contrefort arri\u00e8re EXO Counter<\/li>\n<li>Col SOCK SYSTEM<\/li>\n<li>Forme large<\/li>\n<\/ul>\n","protected":false},"excerpt":{"rendered":"<p>Chaussures de football pour terrains fermes (FG). Ce mod\u00e8le d\u00e9velopp\u00e9 pour les jeunes talents du sport phare est destin\u00e9 au football amateur. Il apporte une aide suppl\u00e9mentaire aux joueurs dont la technique se base sur le contr\u00f4le du ballon.<\/p>\n","protected":false},"featured_media":33765,"template":"","meta":[],"product_brand":[],"product_cat":[61,33],"product_tag":[],"class_list":{"0":"post-30409","1":"product","2":"type-product","3":"status-publish","4":"has-post-thumbnail","6":"product_cat-chaussures-homme","7":"product_cat-homme","8":"pa_couleur-black-white","9":"pa_taille-644","10":"pa_taille-645","11":"pa_taille-646","12":"pa_taille-649","13":"pa_taille-650","14":"pa_taille-651","15":"pa_taille-653","17":"first","18":"outofstock","19":"purchasable","20":"product-type-variable"},"_links":{"self":[{"href":"https:\/\/accrosport.tn\/index.php\/wp-json\/wp\/v2\/product\/30409","targetHints":{"allow":["GET"]}}],"collection":[{"href":"https:\/\/accrosport.tn\/index.php\/wp-json\/wp\/v2\/product"}],"about":[{"href":"https:\/\/accrosport.tn\/index.php\/wp-json\/wp\/v2\/types\/product"}],"wp:featuredmedia":[{"embeddable":true,"href":"https:\/\/accrosport.tn\/index.php\/wp-json\/wp\/v2\/media\/33765"}],"wp:attachment":[{"href":"https:\/\/accrosport.tn\/index.php\/wp-json\/wp\/v2\/media?parent=30409"}],"wp:term":[{"taxonomy":"product_brand","embeddable":true,"href":"https:\/\/accrosport.tn\/index.php\/wp-json\/wp\/v2\/product_brand?post=30409"},{"taxonomy":"product_cat","embeddable":true,"href":"https:\/\/accrosport.tn\/index.php\/wp-json\/wp\/v2\/product_cat?post=30409"},{"taxonomy":"product_tag","embeddable":true,"href":"https:\/\/accrosport.tn\/index.php\/wp-json\/wp\/v2\/product_tag?post=30409"}],"curies":[{"name":"wp","href":"https:\/\/api.w.org\/{rel}","templated":true}]}}