{"id":30401,"date":"2025-09-29T11:17:52","date_gmt":"2025-09-29T11:17:52","guid":{"rendered":"https:\/\/accrosport.tn\/index.php\/product\/maxima-2401-negro-verde-turf\/"},"modified":"2025-11-27T07:31:15","modified_gmt":"2025-11-27T07:31:15","slug":"maxima-2401-negro-verde-turf","status":"publish","type":"product","link":"https:\/\/accrosport.tn\/index.php\/product\/maxima-2401-negro-verde-turf\/","title":{"rendered":"Chaussures de football Maxima 2401 TF"},"content":{"rendered":"<p>Chaussures de football turf (surfaces synth\u00e9tiques et moquette). Recommand\u00e9es pour les d\u00e9butants et le futsal amateur. Mod\u00e8le \u00e9conomique unisexe r\u00e9alis\u00e9 dans des mat\u00e9riaux l\u00e9gers et r\u00e9sistants. Ce sont des chaussures de football polyvalentes, tr\u00e8s confortables pour les entra\u00eenements et les matchs. Le dessus est principalement fait en PVC \u00e0 la fois l\u00e9ger et r\u00e9sistant. Pour optimiser l\u2019\u00e9vacuation de la transpiration, de petites perforations VTS ont \u00e9t\u00e9 appliqu\u00e9es qui am\u00e9liorent le flux d\u2019air et permettent au pied de rester \u00e0 temp\u00e9rature constante. Dans la zone de la cheville et de la languette, il y a du textile rembourr\u00e9 pour plus d\u2019ajustement et de confort. Le syst\u00e8me de la\u00e7age PERFECT FIT permet au pied d\u2019\u00eatre maintenu \u00e0 tout moment. Elles comprennent une pi\u00e8ce PROTECTION au niveau du bout pour prot\u00e9ger la zone des chocs. Fabriqu\u00e9e avec du caoutchouc. La semelle ext\u00e9rieure est en caoutchouc DURABILITY construite en une seule pi\u00e8ce. Haute qualit\u00e9, bonne r\u00e9sistance \u00e0 l\u2019usure par abrasion et adh\u00e9rence \u00e0 la surface. Avec une structure multit\u00e2che qui diminue la pression de la foul\u00e9e et assure un bon appui.<\/p>\n","protected":false},"excerpt":{"rendered":"<p>D\u00e9couvrez les chaussures de football Joma Maxima 2401 TF, alliant confort et performance pour optimiser vos entra\u00eenements sur terrain synth\u00e9tique.<\/p>\n","protected":false},"featured_media":33761,"template":"","meta":[],"product_brand":[],"product_cat":[61,75,33],"product_tag":[],"class_list":{"0":"post-30401","1":"product","2":"type-product","3":"status-publish","4":"has-post-thumbnail","6":"product_cat-chaussures-homme","7":"product_cat-foot","8":"product_cat-homme","9":"pa_couleur-black-green","10":"pa_taille-645","11":"pa_taille-646","12":"pa_taille-649","13":"pa_taille-650","14":"pa_taille-651","15":"pa_taille-653","16":"pa_taille-656","18":"first","19":"outofstock","20":"sale","21":"purchasable","22":"product-type-variable"},"_links":{"self":[{"href":"https:\/\/accrosport.tn\/index.php\/wp-json\/wp\/v2\/product\/30401","targetHints":{"allow":["GET"]}}],"collection":[{"href":"https:\/\/accrosport.tn\/index.php\/wp-json\/wp\/v2\/product"}],"about":[{"href":"https:\/\/accrosport.tn\/index.php\/wp-json\/wp\/v2\/types\/product"}],"wp:featuredmedia":[{"embeddable":true,"href":"https:\/\/accrosport.tn\/index.php\/wp-json\/wp\/v2\/media\/33761"}],"wp:attachment":[{"href":"https:\/\/accrosport.tn\/index.php\/wp-json\/wp\/v2\/media?parent=30401"}],"wp:term":[{"taxonomy":"product_brand","embeddable":true,"href":"https:\/\/accrosport.tn\/index.php\/wp-json\/wp\/v2\/product_brand?post=30401"},{"taxonomy":"product_cat","embeddable":true,"href":"https:\/\/accrosport.tn\/index.php\/wp-json\/wp\/v2\/product_cat?post=30401"},{"taxonomy":"product_tag","embeddable":true,"href":"https:\/\/accrosport.tn\/index.php\/wp-json\/wp\/v2\/product_tag?post=30401"}],"curies":[{"name":"wp","href":"https:\/\/api.w.org\/{rel}","templated":true}]}}