{"id":30388,"date":"2025-09-29T11:17:46","date_gmt":"2025-09-29T11:17:46","guid":{"rendered":"https:\/\/accrosport.tn\/index.php\/product\/vitaly-jr-2133-marino-fucsia\/"},"modified":"2025-11-27T16:17:46","modified_gmt":"2025-11-27T16:17:46","slug":"vitaly-jr-2133-marino-fucsia","status":"publish","type":"product","link":"https:\/\/accrosport.tn\/index.php\/product\/vitaly-jr-2133-marino-fucsia\/","title":{"rendered":"Chaussure enfant VITALY JR 2133"},"content":{"rendered":"<p>La tige est r\u00e9alis\u00e9e en maille respirante associ\u00e9e \u00e0 du micro-PU.<br \/>\nLa premi\u00e8re de propret\u00e9 est en EVA lisse.<br \/>\nLa semelle int\u00e9rieure est fabriqu\u00e9e par Texon.<br \/>\nLa semelle interm\u00e9diaire est con\u00e7ue en phylon moul\u00e9 d\u2019une seule pi\u00e8ce, offrant une bonne absorption des chocs tout en \u00e9tant respectueuse de l\u2019environnement.<br \/>\nLa semelle ext\u00e9rieure est fabriqu\u00e9e en caoutchouc r\u00e9sistant \u00e0 l\u2019abrasion DIN-90.<\/p>\n","protected":false},"excerpt":{"rendered":"<p>Chaussures con\u00e7ues pour les gar\u00e7ons et les filles d\u00e9butant en course \u00e0 pied. Elles offrent un excellent accompagnement pour les premiers kilom\u00e8tres.<\/p>\n","protected":false},"featured_media":36393,"template":"","meta":[],"product_brand":[],"product_cat":[69,49,86],"product_tag":[],"class_list":{"0":"post-30388","1":"product","2":"type-product","3":"status-publish","4":"has-post-thumbnail","6":"product_cat-chaussures-enfant","7":"product_cat-enfant","8":"product_cat-runnning","9":"pa_couleur-marino","10":"pa_taille-674","11":"pa_taille-676","12":"pa_taille-671","14":"first","15":"outofstock","16":"purchasable","17":"product-type-variable"},"_links":{"self":[{"href":"https:\/\/accrosport.tn\/index.php\/wp-json\/wp\/v2\/product\/30388","targetHints":{"allow":["GET"]}}],"collection":[{"href":"https:\/\/accrosport.tn\/index.php\/wp-json\/wp\/v2\/product"}],"about":[{"href":"https:\/\/accrosport.tn\/index.php\/wp-json\/wp\/v2\/types\/product"}],"wp:featuredmedia":[{"embeddable":true,"href":"https:\/\/accrosport.tn\/index.php\/wp-json\/wp\/v2\/media\/36393"}],"wp:attachment":[{"href":"https:\/\/accrosport.tn\/index.php\/wp-json\/wp\/v2\/media?parent=30388"}],"wp:term":[{"taxonomy":"product_brand","embeddable":true,"href":"https:\/\/accrosport.tn\/index.php\/wp-json\/wp\/v2\/product_brand?post=30388"},{"taxonomy":"product_cat","embeddable":true,"href":"https:\/\/accrosport.tn\/index.php\/wp-json\/wp\/v2\/product_cat?post=30388"},{"taxonomy":"product_tag","embeddable":true,"href":"https:\/\/accrosport.tn\/index.php\/wp-json\/wp\/v2\/product_tag?post=30388"}],"curies":[{"name":"wp","href":"https:\/\/api.w.org\/{rel}","templated":true}]}}