{"id":30385,"date":"2025-09-29T11:17:46","date_gmt":"2025-09-29T11:17:46","guid":{"rendered":"https:\/\/accrosport.tn\/index.php\/product\/vitaly-jr-2133-navy-fuchsia\/"},"modified":"2025-10-08T13:20:27","modified_gmt":"2025-10-08T13:20:27","slug":"vitaly-jr-2133-navy-fuchsia","status":"publish","type":"product","link":"https:\/\/accrosport.tn\/index.php\/product\/vitaly-jr-2133-navy-fuchsia\/","title":{"rendered":"Chaussures enfant Joma Vitlay 2133 BLEU MARINE FUCHSIA"},"content":{"rendered":"<p>Chaussure neutre con\u00e7ue pour les gar\u00e7ons et filles d\u00e9butant la course \u00e0 pied. On n&rsquo;oublie jamais ses premi\u00e8res chaussures de course !<\/p>\n<p>Tige en nylon respirant et micro PU.<\/p>\n<p>Semelle int\u00e9rieure en EVA lisse.<\/p>\n<p>Premi\u00e8re de montage en Texon.<\/p>\n<p>Semelle interm\u00e9diaire compos\u00e9e d&rsquo;une seule pi\u00e8ce de phylon, divis\u00e9e en plusieurs sections pour une meilleure adaptation au terrain.<\/p>\n<p>Semelle ext\u00e9rieure en caoutchouc, r\u00e9sistance \u00e0 l&rsquo;abrasion DIN-90.<\/p>\n","protected":false},"excerpt":{"rendered":"<p>Chaussure neutre con\u00e7ue pour les gar\u00e7ons et filles d\u00e9butant la course \u00e0 pied. On n&rsquo;oublie jamais ses premi\u00e8res chaussures de course !<\/p>\n","protected":false},"featured_media":33772,"template":"","meta":[],"product_brand":[],"product_cat":[69,49,86,114,113],"product_tag":[],"class_list":{"0":"post-30385","1":"product","2":"type-product","3":"status-publish","4":"has-post-thumbnail","6":"product_cat-chaussures-enfant","7":"product_cat-enfant","8":"product_cat-runnning","9":"product_cat-running-sport","10":"product_cat-sport","11":"pa_couleur-marino","12":"pa_taille-682","13":"pa_taille-668","15":"first","16":"outofstock","17":"purchasable","18":"product-type-variable"},"_links":{"self":[{"href":"https:\/\/accrosport.tn\/index.php\/wp-json\/wp\/v2\/product\/30385","targetHints":{"allow":["GET"]}}],"collection":[{"href":"https:\/\/accrosport.tn\/index.php\/wp-json\/wp\/v2\/product"}],"about":[{"href":"https:\/\/accrosport.tn\/index.php\/wp-json\/wp\/v2\/types\/product"}],"wp:featuredmedia":[{"embeddable":true,"href":"https:\/\/accrosport.tn\/index.php\/wp-json\/wp\/v2\/media\/33772"}],"wp:attachment":[{"href":"https:\/\/accrosport.tn\/index.php\/wp-json\/wp\/v2\/media?parent=30385"}],"wp:term":[{"taxonomy":"product_brand","embeddable":true,"href":"https:\/\/accrosport.tn\/index.php\/wp-json\/wp\/v2\/product_brand?post=30385"},{"taxonomy":"product_cat","embeddable":true,"href":"https:\/\/accrosport.tn\/index.php\/wp-json\/wp\/v2\/product_cat?post=30385"},{"taxonomy":"product_tag","embeddable":true,"href":"https:\/\/accrosport.tn\/index.php\/wp-json\/wp\/v2\/product_tag?post=30385"}],"curies":[{"name":"wp","href":"https:\/\/api.w.org\/{rel}","templated":true}]}}