{"id":30356,"date":"2025-09-29T11:17:41","date_gmt":"2025-09-29T11:17:41","guid":{"rendered":"https:\/\/accrosport.tn\/index.php\/product\/tornado-jr-2431-negro-fucsia\/"},"modified":"2025-10-09T09:49:38","modified_gmt":"2025-10-09T09:49:38","slug":"tornado-jr-2431-negro-fucsia","status":"publish","type":"product","link":"https:\/\/accrosport.tn\/index.php\/product\/tornado-jr-2431-negro-fucsia\/","title":{"rendered":"Baskets Joma Tornado Jr 2431 JTORNAW2431V"},"content":{"rendered":"<p>Chaussures de sport pour gar\u00e7ons et filles. Ce nouveau mod\u00e8le enfant pour les loisirs allie style, confort et durabilit\u00e9. Sa polyvalence permet \u00e9galement de l&rsquo;utiliser \u00e0 l&rsquo;\u00e9cole.<\/p>\n<p>La tige est principalement compos\u00e9e de cuir r\u00e9sistant et facile d&rsquo;entretien. Des perforations d&rsquo;a\u00e9ration, r\u00e9alis\u00e9es gr\u00e2ce \u00e0 la technologie VTS, assurent une bonne a\u00e9ration et maintiennent le pied au frais.<\/p>\n<p>La semelle est fabriqu\u00e9e en caoutchouc de qualit\u00e9 sup\u00e9rieure, r\u00e9sistant \u00e0 l&rsquo;usure.<\/p>\n","protected":false},"excerpt":{"rendered":"<p>Chaussures de sport pour gar\u00e7ons et filles. Ce nouveau mod\u00e8le enfant pour les loisirs allie style, confort et durabilit\u00e9. Sa polyvalence permet \u00e9galement de l&rsquo;utiliser \u00e0 l&rsquo;\u00e9cole.<\/p>\n","protected":false},"featured_media":33780,"template":"","meta":[],"product_brand":[],"product_cat":[84,69,49],"product_tag":[],"class_list":{"0":"post-30356","1":"product","2":"type-product","3":"status-publish","4":"has-post-thumbnail","6":"product_cat-casual-chaussures-enfant","7":"product_cat-chaussures-enfant","8":"product_cat-enfant","9":"pa_couleur-black-fuchsia","10":"pa_taille-674","11":"pa_taille-676","12":"pa_taille-678","13":"pa_taille-682","14":"pa_taille-671","15":"pa_taille-667","16":"pa_taille-669","17":"pa_taille-670","19":"first","20":"outofstock","21":"purchasable","22":"product-type-variable"},"_links":{"self":[{"href":"https:\/\/accrosport.tn\/index.php\/wp-json\/wp\/v2\/product\/30356","targetHints":{"allow":["GET"]}}],"collection":[{"href":"https:\/\/accrosport.tn\/index.php\/wp-json\/wp\/v2\/product"}],"about":[{"href":"https:\/\/accrosport.tn\/index.php\/wp-json\/wp\/v2\/types\/product"}],"wp:featuredmedia":[{"embeddable":true,"href":"https:\/\/accrosport.tn\/index.php\/wp-json\/wp\/v2\/media\/33780"}],"wp:attachment":[{"href":"https:\/\/accrosport.tn\/index.php\/wp-json\/wp\/v2\/media?parent=30356"}],"wp:term":[{"taxonomy":"product_brand","embeddable":true,"href":"https:\/\/accrosport.tn\/index.php\/wp-json\/wp\/v2\/product_brand?post=30356"},{"taxonomy":"product_cat","embeddable":true,"href":"https:\/\/accrosport.tn\/index.php\/wp-json\/wp\/v2\/product_cat?post=30356"},{"taxonomy":"product_tag","embeddable":true,"href":"https:\/\/accrosport.tn\/index.php\/wp-json\/wp\/v2\/product_tag?post=30356"}],"curies":[{"name":"wp","href":"https:\/\/api.w.org\/{rel}","templated":true}]}}