{"id":30340,"date":"2025-09-29T11:17:36","date_gmt":"2025-09-29T11:17:36","guid":{"rendered":"https:\/\/accrosport.tn\/index.php\/product\/tornado-jr-2403-marino-rojo\/"},"modified":"2025-10-09T10:43:45","modified_gmt":"2025-10-09T10:43:45","slug":"tornado-jr-2403-marino-rojo","status":"publish","type":"product","link":"https:\/\/accrosport.tn\/index.php\/product\/tornado-jr-2403-marino-rojo\/","title":{"rendered":"Chaussure Joma Tornado Jr 2403 Bleu marine rouge"},"content":{"rendered":"<p>Baskets gar\u00e7on\/fille. Un mod\u00e8le polyvalent et tr\u00e8s confortable pour un usage quotidien. D\u00e9couvrez cette \u00e9dition sp\u00e9ciale Joma pour le Grand Prix. Orn\u00e9es d&rsquo;un imprim\u00e9 amusant repr\u00e9sentant la c\u00e9l\u00e8bre Vaquilla d\u00e9guis\u00e9e sur le th\u00e8me des \u00e9preuves, avec un effet inspir\u00e9 des jeux vid\u00e9o. La chaussure est principalement compos\u00e9e de cuir r\u00e9sistant et facile d&rsquo;entretien.<\/p>\n","protected":false},"excerpt":{"rendered":"<p>Baskets gar\u00e7on\/fille. Un mod\u00e8le polyvalent et tr\u00e8s confortable pour un usage quotidien.<\/p>\n","protected":false},"featured_media":33790,"template":"","meta":[],"product_brand":[],"product_cat":[84,69,49,15],"product_tag":[],"class_list":{"0":"post-30340","1":"product","2":"type-product","3":"status-publish","4":"has-post-thumbnail","6":"product_cat-casual-chaussures-enfant","7":"product_cat-chaussures-enfant","8":"product_cat-enfant","9":"product_cat-fitness","10":"pa_couleur-navy-blue-red","11":"pa_taille-674","12":"pa_taille-676","13":"pa_taille-678","14":"pa_taille-682","15":"pa_taille-671","16":"pa_taille-667","17":"pa_taille-669","18":"pa_taille-670","20":"first","21":"outofstock","22":"purchasable","23":"product-type-variable"},"_links":{"self":[{"href":"https:\/\/accrosport.tn\/index.php\/wp-json\/wp\/v2\/product\/30340","targetHints":{"allow":["GET"]}}],"collection":[{"href":"https:\/\/accrosport.tn\/index.php\/wp-json\/wp\/v2\/product"}],"about":[{"href":"https:\/\/accrosport.tn\/index.php\/wp-json\/wp\/v2\/types\/product"}],"wp:featuredmedia":[{"embeddable":true,"href":"https:\/\/accrosport.tn\/index.php\/wp-json\/wp\/v2\/media\/33790"}],"wp:attachment":[{"href":"https:\/\/accrosport.tn\/index.php\/wp-json\/wp\/v2\/media?parent=30340"}],"wp:term":[{"taxonomy":"product_brand","embeddable":true,"href":"https:\/\/accrosport.tn\/index.php\/wp-json\/wp\/v2\/product_brand?post=30340"},{"taxonomy":"product_cat","embeddable":true,"href":"https:\/\/accrosport.tn\/index.php\/wp-json\/wp\/v2\/product_cat?post=30340"},{"taxonomy":"product_tag","embeddable":true,"href":"https:\/\/accrosport.tn\/index.php\/wp-json\/wp\/v2\/product_tag?post=30340"}],"curies":[{"name":"wp","href":"https:\/\/api.w.org\/{rel}","templated":true}]}}