{"id":30327,"date":"2025-09-29T11:17:32","date_gmt":"2025-09-29T11:17:32","guid":{"rendered":"https:\/\/accrosport.tn\/index.php\/product\/j-torcon-jr-2426-camel\/"},"modified":"2025-10-10T07:57:39","modified_gmt":"2025-10-10T07:57:39","slug":"j-torcon-jr-2426-camel","status":"publish","type":"product","link":"https:\/\/accrosport.tn\/index.php\/product\/j-torcon-jr-2426-camel\/","title":{"rendered":"BOTTE JOMA JTORCW2426V CAMEL J.TORCON JR 2426"},"content":{"rendered":"<p>Botte junior JOMA J.TORCON JR 2426 camel, au style sportif, en cuir synth\u00e9tique alliant confort et style. Cette mati\u00e8re \u00e9l\u00e9gante est facile \u00e0 nettoyer et \u00e0 entretenir. Elle b\u00e9n\u00e9ficie d&rsquo;un traitement d\u00e9perlant. Elle \u00e9pouse parfaitement la forme du pied gr\u00e2ce \u00e0 sa double fermeture autobloquante et son la\u00e7age \u00e9lastique, pour un chaussage et un d\u00e9chaussage faciles. La languette est rembourr\u00e9e pour un meilleur confort au niveau du cou-de-pied. Doublure textile marron.<\/p>\n","protected":false},"excerpt":{"rendered":"<p>Botte junior JOMA J.TORCON JR 2426 camel, style sportif, en cuir synth\u00e9tique alliant confort et style. Cette mati\u00e8re \u00e9l\u00e9gante est facile \u00e0 nettoyer et \u00e0 entretenir. Traitement d\u00e9perlant. Elle \u00e9pouse parfaitement la forme du pied gr\u00e2ce \u00e0 sa double fermeture \u00e0 lacets \u00e9lastiques et auto-agrippants, facilitant ainsi l&rsquo;enfilage et le d\u00e9chaussage. Languette rembourr\u00e9e pour un confort optimal au niveau du cou-de-pied. Doublure textile marron. Finitions : coutures sur le c\u00f4t\u00e9 et le cou-de-pied, et logo de la marque marron. La semelle est en caoutchouc DURABILITY pour une meilleure r\u00e9sistance aux frottements et \u00e0 l&rsquo;usure, prolongeant ainsi la dur\u00e9e de vie de la chaussure. Disponible en gris et marron.<\/p>\n","protected":false},"featured_media":33890,"template":"","meta":[],"product_brand":[],"product_cat":[84,69,49],"product_tag":[],"class_list":{"0":"post-30327","1":"product","2":"type-product","3":"status-publish","4":"has-post-thumbnail","6":"product_cat-casual-chaussures-enfant","7":"product_cat-chaussures-enfant","8":"product_cat-enfant","9":"pa_couleur-light-brown","10":"pa_taille-674","11":"pa_taille-676","12":"pa_taille-678","13":"pa_taille-682","14":"pa_taille-671","15":"pa_taille-667","16":"pa_taille-668","17":"pa_taille-669","18":"pa_taille-670","19":"pa_taille-641","20":"pa_taille-643","21":"pa_taille-655","23":"first","24":"outofstock","25":"purchasable","26":"product-type-variable"},"_links":{"self":[{"href":"https:\/\/accrosport.tn\/index.php\/wp-json\/wp\/v2\/product\/30327","targetHints":{"allow":["GET"]}}],"collection":[{"href":"https:\/\/accrosport.tn\/index.php\/wp-json\/wp\/v2\/product"}],"about":[{"href":"https:\/\/accrosport.tn\/index.php\/wp-json\/wp\/v2\/types\/product"}],"wp:featuredmedia":[{"embeddable":true,"href":"https:\/\/accrosport.tn\/index.php\/wp-json\/wp\/v2\/media\/33890"}],"wp:attachment":[{"href":"https:\/\/accrosport.tn\/index.php\/wp-json\/wp\/v2\/media?parent=30327"}],"wp:term":[{"taxonomy":"product_brand","embeddable":true,"href":"https:\/\/accrosport.tn\/index.php\/wp-json\/wp\/v2\/product_brand?post=30327"},{"taxonomy":"product_cat","embeddable":true,"href":"https:\/\/accrosport.tn\/index.php\/wp-json\/wp\/v2\/product_cat?post=30327"},{"taxonomy":"product_tag","embeddable":true,"href":"https:\/\/accrosport.tn\/index.php\/wp-json\/wp\/v2\/product_tag?post=30327"}],"curies":[{"name":"wp","href":"https:\/\/api.w.org\/{rel}","templated":true}]}}