{"id":30272,"date":"2025-09-29T11:17:18","date_gmt":"2025-09-29T11:17:18","guid":{"rendered":"https:\/\/accrosport.tn\/index.php\/product\/sprint-jr-2417-petroleo-verde\/"},"modified":"2025-10-10T08:44:12","modified_gmt":"2025-10-10T08:44:12","slug":"sprint-jr-2417-petroleo-verde","status":"publish","type":"product","link":"https:\/\/accrosport.tn\/index.php\/product\/sprint-jr-2417-petroleo-verde\/","title":{"rendered":"Chaussures de running enfant Joma Sprint 2417 vert"},"content":{"rendered":"<p>Baskets running gar\u00e7on\/fille. Test\u00e9 par de petits passionn\u00e9s de sport et de course \u00e0 pied du monde entier. Rien ne les g\u00eanera gr\u00e2ce \u00e0 la stabilit\u00e9 que ces chaussures offrent lors de la course, du saut et du jeu, en plus de leur confort accru et de leur conception l\u00e9g\u00e8re. Ils peuvent r\u00e9sister \u00e0 l&rsquo;\u00e9nergie de n&rsquo;importe quel enfant agit\u00e9.<\/p>\n<p>L&#8217;empeigne en textile leur donnera la respirabilit\u00e9 suppl\u00e9mentaire dont ils ont besoin. Les perforations du syst\u00e8me VTS optimisent la ventilation de la transpiration, gardant le pied au frais m\u00eame dans les moments les plus exigeants. Les pi\u00e8ces synth\u00e9tiques am\u00e9liorent l&rsquo;ajustement des chaussures et, avec les lacets et la fermeture velcro, soutiennent pleinement le pied. Un autre avantage de la fermeture velcro est la rapidit\u00e9 avec laquelle ils peuvent \u00eatre mis et retir\u00e9s. Adaptabilit\u00e9 confortable pour les pieds en pleine croissance<\/p>\n<p>Semelle intercalaire en phylon l\u00e9ger qui absorbe l&rsquo;impact de chaque mouvement pour plus de confort. En m\u00eame temps, cela les maintient stables.<\/p>\n<p>La semelle est en caoutchouc DURABILITY longue dur\u00e9e. Cette mati\u00e8re offre une r\u00e9sistance \u00e0 l&rsquo;abrasion pour que votre bout de chou puisse faire tous ses pas en toute confiance. La chaussure int\u00e8gre la technologie FLEXO, un syst\u00e8me de rainures flexibles qui permet au pied de bouger plus naturellement, et un motif sp\u00e9cial qui assure l&rsquo;adh\u00e9rence au sol.<\/p>\n<p>Tige en tissu \u00e0 respirabilit\u00e9 optimis\u00e9e gr\u00e2ce au VTS.<br \/>\nFermeture \u00e0 lacets combin\u00e9e \u00e0 une fermeture auto-agrippante<br \/>\nSemelle intercalaire Phylon<br \/>\nDURABILIT\u00c9 semelle en caoutchouc avec FLEXO<\/p>\n","protected":false},"excerpt":{"rendered":"<p>Baskets running gar\u00e7on\/fille. Test\u00e9 par de petits passionn\u00e9s de sport et de course \u00e0 pied du monde entier. Rien ne les g\u00eanera gr\u00e2ce \u00e0 la stabilit\u00e9 que ces chaussures offrent lors de la course, du saut et du jeu, en plus de leur confort accru et de leur conception l\u00e9g\u00e8re. Ils peuvent r\u00e9sister \u00e0 l&rsquo;\u00e9nergie de n&rsquo;importe quel enfant agit\u00e9.<\/p>\n","protected":false},"featured_media":33929,"template":"","meta":[],"product_brand":[],"product_cat":[69,49,86],"product_tag":[],"class_list":{"0":"post-30272","1":"product","2":"type-product","3":"status-publish","4":"has-post-thumbnail","6":"product_cat-chaussures-enfant","7":"product_cat-enfant","8":"product_cat-runnning","9":"pa_couleur-petroleum-green","10":"pa_taille-674","11":"pa_taille-676","13":"first","14":"outofstock","15":"purchasable","16":"product-type-variable"},"_links":{"self":[{"href":"https:\/\/accrosport.tn\/index.php\/wp-json\/wp\/v2\/product\/30272","targetHints":{"allow":["GET"]}}],"collection":[{"href":"https:\/\/accrosport.tn\/index.php\/wp-json\/wp\/v2\/product"}],"about":[{"href":"https:\/\/accrosport.tn\/index.php\/wp-json\/wp\/v2\/types\/product"}],"wp:featuredmedia":[{"embeddable":true,"href":"https:\/\/accrosport.tn\/index.php\/wp-json\/wp\/v2\/media\/33929"}],"wp:attachment":[{"href":"https:\/\/accrosport.tn\/index.php\/wp-json\/wp\/v2\/media?parent=30272"}],"wp:term":[{"taxonomy":"product_brand","embeddable":true,"href":"https:\/\/accrosport.tn\/index.php\/wp-json\/wp\/v2\/product_brand?post=30272"},{"taxonomy":"product_cat","embeddable":true,"href":"https:\/\/accrosport.tn\/index.php\/wp-json\/wp\/v2\/product_cat?post=30272"},{"taxonomy":"product_tag","embeddable":true,"href":"https:\/\/accrosport.tn\/index.php\/wp-json\/wp\/v2\/product_tag?post=30272"}],"curies":[{"name":"wp","href":"https:\/\/api.w.org\/{rel}","templated":true}]}}