{"id":30245,"date":"2025-09-29T11:17:13","date_gmt":"2025-09-29T11:17:13","guid":{"rendered":"https:\/\/accrosport.tn\/index.php\/product\/j-jarama-jr-2426-camel\/"},"modified":"2025-10-10T10:07:55","modified_gmt":"2025-10-10T10:07:55","slug":"j-jarama-jr-2426-camel","status":"publish","type":"product","link":"https:\/\/accrosport.tn\/index.php\/product\/j-jarama-jr-2426-camel\/","title":{"rendered":"Chaussures Jarama JJARAW2426V gar\u00e7on camel"},"content":{"rendered":"<p><span dir=\"auto\">Baskets camel pour gar\u00e7on de la marque Joma. Elles sont dot\u00e9es d&rsquo;une fermeture \u00e0 lacets \u00e9lastique et d&rsquo;un scratch. Elles sont imperm\u00e9ables et la languette et le col sont rembourr\u00e9s pour plus de confort.<\/span><\/p>\n<p><span dir=\"auto\">Caract\u00e9ristiques:<\/span><\/p>\n<p><span dir=\"auto\">Mat\u00e9riau ext\u00e9rieur : Polyester<\/span><\/p>\n<p><span dir=\"auto\">Mat\u00e9riau int\u00e9rieur : Polyester<\/span><\/p>\n<p><span dir=\"auto\">Sol : Caoutchouc<\/span><\/p>\n","protected":false},"excerpt":{"rendered":"<p>Baskets camel pour gar\u00e7on de la marque Joma. Elles sont dot\u00e9es d&rsquo;une fermeture \u00e0 lacets \u00e9lastique et d&rsquo;un scratch.<\/p>\n","protected":false},"featured_media":33951,"template":"","meta":[],"product_brand":[],"product_cat":[84,69,49],"product_tag":[],"class_list":{"0":"post-30245","1":"product","2":"type-product","3":"status-publish","4":"has-post-thumbnail","6":"product_cat-casual-chaussures-enfant","7":"product_cat-chaussures-enfant","8":"product_cat-enfant","9":"pa_couleur-light-brown","10":"pa_taille-643","11":"pa_taille-655","13":"first","14":"outofstock","15":"purchasable","16":"product-type-variable"},"_links":{"self":[{"href":"https:\/\/accrosport.tn\/index.php\/wp-json\/wp\/v2\/product\/30245","targetHints":{"allow":["GET"]}}],"collection":[{"href":"https:\/\/accrosport.tn\/index.php\/wp-json\/wp\/v2\/product"}],"about":[{"href":"https:\/\/accrosport.tn\/index.php\/wp-json\/wp\/v2\/types\/product"}],"wp:featuredmedia":[{"embeddable":true,"href":"https:\/\/accrosport.tn\/index.php\/wp-json\/wp\/v2\/media\/33951"}],"wp:attachment":[{"href":"https:\/\/accrosport.tn\/index.php\/wp-json\/wp\/v2\/media?parent=30245"}],"wp:term":[{"taxonomy":"product_brand","embeddable":true,"href":"https:\/\/accrosport.tn\/index.php\/wp-json\/wp\/v2\/product_brand?post=30245"},{"taxonomy":"product_cat","embeddable":true,"href":"https:\/\/accrosport.tn\/index.php\/wp-json\/wp\/v2\/product_cat?post=30245"},{"taxonomy":"product_tag","embeddable":true,"href":"https:\/\/accrosport.tn\/index.php\/wp-json\/wp\/v2\/product_tag?post=30245"}],"curies":[{"name":"wp","href":"https:\/\/api.w.org\/{rel}","templated":true}]}}