{"id":30230,"date":"2025-09-29T11:17:09","date_gmt":"2025-09-29T11:17:09","guid":{"rendered":"https:\/\/accrosport.tn\/index.php\/product\/j-jarama-jr-2423-verde\/"},"modified":"2025-10-10T10:51:38","modified_gmt":"2025-10-10T10:51:38","slug":"j-jarama-jr-2423-verde","status":"publish","type":"product","link":"https:\/\/accrosport.tn\/index.php\/product\/j-jarama-jr-2423-verde\/","title":{"rendered":"Chaussures de sport, Joma J.Jarama Jr 2423 vert"},"content":{"rendered":"<p>Chaussures d\u00e9contract\u00e9es pour gar\u00e7ons et filles. Polyvalentes, pratiques et confortables, ces baskets conviennent \u00e0 toutes les activit\u00e9s du quotidien. Faciles \u00e0 nettoyer, elles sont toujours pr\u00eates pour l&rsquo;aventure. Leur tige en cuir synth\u00e9tique allie confort et style. Une mati\u00e8re \u00e9l\u00e9gante et facile \u00e0 entretenir. La cheville est rembourr\u00e9e pour une grande libert\u00e9 de mouvement et un confort optimal. Leur rev\u00eatement d\u00e9perlant emp\u00eache l&rsquo;eau de p\u00e9n\u00e9trer, ce qui les rend id\u00e9ales pour une utilisation par temps pluvieux. La semelle en caoutchouc Durability offre une r\u00e9sistance et une durabilit\u00e9 optimales.<\/p>\n","protected":false},"excerpt":{"rendered":"<p>Chaussures d\u00e9contract\u00e9es pour gar\u00e7ons et filles.<\/p>\n","protected":false},"featured_media":33978,"template":"","meta":[],"product_brand":[],"product_cat":[84,69,49],"product_tag":[],"class_list":{"0":"post-30230","1":"product","2":"type-product","3":"status-publish","4":"has-post-thumbnail","6":"product_cat-casual-chaussures-enfant","7":"product_cat-chaussures-enfant","8":"product_cat-enfant","9":"pa_couleur-green","10":"pa_taille-682","11":"pa_taille-671","12":"pa_taille-667","13":"pa_taille-668","14":"pa_taille-670","16":"first","17":"outofstock","18":"purchasable","19":"product-type-variable"},"_links":{"self":[{"href":"https:\/\/accrosport.tn\/index.php\/wp-json\/wp\/v2\/product\/30230","targetHints":{"allow":["GET"]}}],"collection":[{"href":"https:\/\/accrosport.tn\/index.php\/wp-json\/wp\/v2\/product"}],"about":[{"href":"https:\/\/accrosport.tn\/index.php\/wp-json\/wp\/v2\/types\/product"}],"wp:featuredmedia":[{"embeddable":true,"href":"https:\/\/accrosport.tn\/index.php\/wp-json\/wp\/v2\/media\/33978"}],"wp:attachment":[{"href":"https:\/\/accrosport.tn\/index.php\/wp-json\/wp\/v2\/media?parent=30230"}],"wp:term":[{"taxonomy":"product_brand","embeddable":true,"href":"https:\/\/accrosport.tn\/index.php\/wp-json\/wp\/v2\/product_brand?post=30230"},{"taxonomy":"product_cat","embeddable":true,"href":"https:\/\/accrosport.tn\/index.php\/wp-json\/wp\/v2\/product_cat?post=30230"},{"taxonomy":"product_tag","embeddable":true,"href":"https:\/\/accrosport.tn\/index.php\/wp-json\/wp\/v2\/product_tag?post=30230"}],"curies":[{"name":"wp","href":"https:\/\/api.w.org\/{rel}","templated":true}]}}