{"id":30221,"date":"2025-09-29T11:17:09","date_gmt":"2025-09-29T11:17:09","guid":{"rendered":"https:\/\/accrosport.tn\/index.php\/product\/j-jarama-jr-2403-marino\/"},"modified":"2025-10-10T10:40:04","modified_gmt":"2025-10-10T10:40:04","slug":"j-jarama-jr-2403-marino","status":"publish","type":"product","link":"https:\/\/accrosport.tn\/index.php\/product\/j-jarama-jr-2403-marino\/","title":{"rendered":"Chaussures Joma Enfant J.Jarama 2403  bleu marine"},"content":{"rendered":"<p>chaussures Joma Enfant chaussures Les J.Jarama 2403 Marino sont id\u00e9ales pour les petits.<br \/>\nCon\u00e7ues pour le confort et le style, elles sont fabriqu\u00e9es en cuir synth\u00e9tique de haute qualit\u00e9.<br \/>\nLeur finition hydrofuge leur permet de repousser l&rsquo;eau et de garder les pieds au sec les jours de pluie.<br \/>\nLa semelle ext\u00e9rieure en caoutchouc Durability assure une durabilit\u00e9 \u00e0 long terme et une excellente adh\u00e9rence sur une vari\u00e9t\u00e9 de surfaces.<br \/>\nchaussures Parfaites pour un usage quotidien et les activit\u00e9s de plein air, elles allient fonctionnalit\u00e9 et design attrayant.<br \/>\nJoma Choisir, c&rsquo;est choisir la qualit\u00e9 et le confort pour les enfants.<\/p>\n<p><strong>Caract\u00e9ristiques<\/strong><br \/>\nChaussure d\u00e9contract\u00e9<br \/>\nEn cuir synth\u00e9tique Finition hydrofuge Emp\u00eache l&rsquo;eau de p\u00e9n\u00e9trer \u00e0 l&rsquo;int\u00e9rieur Durabilit\u00e9 Semelle ext\u00e9rieure en caoutchouc<\/p>\n","protected":false},"excerpt":{"rendered":"<p>chaussures Joma Enfant chaussures Les J.Jarama 2403 Marino sont id\u00e9ales pour les petits<\/p>\n","protected":false},"featured_media":33974,"template":"","meta":[],"product_brand":[],"product_cat":[84,69,49],"product_tag":[],"class_list":{"0":"post-30221","1":"product","2":"type-product","3":"status-publish","4":"has-post-thumbnail","6":"product_cat-casual-chaussures-enfant","7":"product_cat-chaussures-enfant","8":"product_cat-enfant","9":"pa_couleur-navy-blue","10":"pa_taille-682","11":"pa_taille-671","12":"pa_taille-667","13":"pa_taille-668","14":"pa_taille-669","15":"pa_taille-670","16":"pa_taille-641","17":"pa_taille-655","19":"first","20":"outofstock","21":"purchasable","22":"product-type-variable"},"_links":{"self":[{"href":"https:\/\/accrosport.tn\/index.php\/wp-json\/wp\/v2\/product\/30221","targetHints":{"allow":["GET"]}}],"collection":[{"href":"https:\/\/accrosport.tn\/index.php\/wp-json\/wp\/v2\/product"}],"about":[{"href":"https:\/\/accrosport.tn\/index.php\/wp-json\/wp\/v2\/types\/product"}],"wp:featuredmedia":[{"embeddable":true,"href":"https:\/\/accrosport.tn\/index.php\/wp-json\/wp\/v2\/media\/33974"}],"wp:attachment":[{"href":"https:\/\/accrosport.tn\/index.php\/wp-json\/wp\/v2\/media?parent=30221"}],"wp:term":[{"taxonomy":"product_brand","embeddable":true,"href":"https:\/\/accrosport.tn\/index.php\/wp-json\/wp\/v2\/product_brand?post=30221"},{"taxonomy":"product_cat","embeddable":true,"href":"https:\/\/accrosport.tn\/index.php\/wp-json\/wp\/v2\/product_cat?post=30221"},{"taxonomy":"product_tag","embeddable":true,"href":"https:\/\/accrosport.tn\/index.php\/wp-json\/wp\/v2\/product_tag?post=30221"}],"curies":[{"name":"wp","href":"https:\/\/api.w.org\/{rel}","templated":true}]}}