{"id":30199,"date":"2025-09-29T11:17:03","date_gmt":"2025-09-29T11:17:03","guid":{"rendered":"https:\/\/accrosport.tn\/index.php\/product\/boro-jr-2101-black-grey\/"},"modified":"2025-10-10T11:31:50","modified_gmt":"2025-10-10T11:31:50","slug":"boro-jr-2101-black-grey","status":"publish","type":"product","link":"https:\/\/accrosport.tn\/index.php\/product\/boro-jr-2101-black-grey\/","title":{"rendered":"Chaussures running Boro 2101 noir gris"},"content":{"rendered":"<p>Accrosport mets en vente Chaussure de running con\u00e7ue pour les plus jeunes JOMA en Tunisie.<br \/>\nCARACT\u00c9RISTIQUES<\/p>\n<p>Tige en nylon respirant et r\u00e9sistant<br \/>\nCoque en TPU soud\u00e9 sur la pointe pour r\u00e9sister aux chocs et renforts ext\u00e9rieurs \u00e0 l\u2019arri\u00e8re pour plus de stabilit\u00e9 sur les surfaces irr\u00e9guli\u00e8res<br \/>\nSemelle int\u00e9rieure en EVA lisse<br \/>\nPremi\u00e8re de montage en Texon<br \/>\nSemelle interm\u00e9diaire en Phylon<\/p>\n","protected":false},"excerpt":{"rendered":"<p>Accrosport mets en vente Chaussure de running con\u00e7ue pour les plus jeunes JOMA en Tunisie.<\/p>\n","protected":false},"featured_media":33988,"template":"","meta":[],"product_brand":[],"product_cat":[69,49,86],"product_tag":[],"class_list":{"0":"post-30199","1":"product","2":"type-product","3":"status-publish","4":"has-post-thumbnail","6":"product_cat-chaussures-enfant","7":"product_cat-enfant","8":"product_cat-runnning","9":"pa_couleur-negro-gris","10":"pa_taille-674","11":"pa_taille-676","12":"pa_taille-678","13":"pa_taille-682","14":"pa_taille-671","16":"first","17":"outofstock","18":"purchasable","19":"product-type-variable"},"_links":{"self":[{"href":"https:\/\/accrosport.tn\/index.php\/wp-json\/wp\/v2\/product\/30199","targetHints":{"allow":["GET"]}}],"collection":[{"href":"https:\/\/accrosport.tn\/index.php\/wp-json\/wp\/v2\/product"}],"about":[{"href":"https:\/\/accrosport.tn\/index.php\/wp-json\/wp\/v2\/types\/product"}],"wp:featuredmedia":[{"embeddable":true,"href":"https:\/\/accrosport.tn\/index.php\/wp-json\/wp\/v2\/media\/33988"}],"wp:attachment":[{"href":"https:\/\/accrosport.tn\/index.php\/wp-json\/wp\/v2\/media?parent=30199"}],"wp:term":[{"taxonomy":"product_brand","embeddable":true,"href":"https:\/\/accrosport.tn\/index.php\/wp-json\/wp\/v2\/product_brand?post=30199"},{"taxonomy":"product_cat","embeddable":true,"href":"https:\/\/accrosport.tn\/index.php\/wp-json\/wp\/v2\/product_cat?post=30199"},{"taxonomy":"product_tag","embeddable":true,"href":"https:\/\/accrosport.tn\/index.php\/wp-json\/wp\/v2\/product_tag?post=30199"}],"curies":[{"name":"wp","href":"https:\/\/api.w.org\/{rel}","templated":true}]}}