{"id":30195,"date":"2025-09-29T11:17:03","date_gmt":"2025-09-29T11:17:03","guid":{"rendered":"https:\/\/accrosport.tn\/index.php\/product\/3080-jr-2416-beige-verde\/"},"modified":"2025-10-10T11:16:26","modified_gmt":"2025-10-10T11:16:26","slug":"3080-jr-2416-beige-verde","status":"publish","type":"product","link":"https:\/\/accrosport.tn\/index.php\/product\/3080-jr-2416-beige-verde\/","title":{"rendered":"Chaussures de sport pour enfants 3080 JR beiges vert"},"content":{"rendered":"<p>Chaussures D\u00e9contract\u00e9 Joma 3080 2416 Beige Vert Mx Celeste Enfant. Forme classique, tige synth\u00e9tique, lacets et fermeture velcro, int\u00e9rieur textile, su\u00e8de En savoir plus<\/p>\n","protected":false},"excerpt":{"rendered":"<p>Un choix classique au quotidien, car elles s&rsquo;adaptent facilement \u00e0 toutes les tenues. Leur coupe basse, qui ne couvre pas la cheville, offre confort et souplesse dans les mouvements du pied, quelle que soit l&rsquo;activit\u00e9.<\/p>\n","protected":false},"featured_media":33982,"template":"","meta":[],"product_brand":[],"product_cat":[69,49,87],"product_tag":[],"class_list":{"0":"post-30195","1":"product","2":"type-product","3":"status-publish","4":"has-post-thumbnail","6":"product_cat-chaussures-enfant","7":"product_cat-enfant","8":"product_cat-foot-chaussures-enfant","9":"pa_couleur-beige-green","10":"pa_taille-674","12":"first","13":"outofstock","14":"purchasable","15":"product-type-simple"},"_links":{"self":[{"href":"https:\/\/accrosport.tn\/index.php\/wp-json\/wp\/v2\/product\/30195","targetHints":{"allow":["GET"]}}],"collection":[{"href":"https:\/\/accrosport.tn\/index.php\/wp-json\/wp\/v2\/product"}],"about":[{"href":"https:\/\/accrosport.tn\/index.php\/wp-json\/wp\/v2\/types\/product"}],"wp:featuredmedia":[{"embeddable":true,"href":"https:\/\/accrosport.tn\/index.php\/wp-json\/wp\/v2\/media\/33982"}],"wp:attachment":[{"href":"https:\/\/accrosport.tn\/index.php\/wp-json\/wp\/v2\/media?parent=30195"}],"wp:term":[{"taxonomy":"product_brand","embeddable":true,"href":"https:\/\/accrosport.tn\/index.php\/wp-json\/wp\/v2\/product_brand?post=30195"},{"taxonomy":"product_cat","embeddable":true,"href":"https:\/\/accrosport.tn\/index.php\/wp-json\/wp\/v2\/product_cat?post=30195"},{"taxonomy":"product_tag","embeddable":true,"href":"https:\/\/accrosport.tn\/index.php\/wp-json\/wp\/v2\/product_tag?post=30195"}],"curies":[{"name":"wp","href":"https:\/\/api.w.org\/{rel}","templated":true}]}}