{"id":30184,"date":"2025-09-29T11:16:58","date_gmt":"2025-09-29T11:16:58","guid":{"rendered":"https:\/\/accrosport.tn\/index.php\/product\/1986-jr-2302-blanco-royal\/"},"modified":"2025-12-02T08:30:09","modified_gmt":"2025-12-02T08:30:09","slug":"1986-jr-2302-blanco-royal","status":"publish","type":"product","link":"https:\/\/accrosport.tn\/index.php\/product\/1986-jr-2302-blanco-royal\/","title":{"rendered":"1986 JR 2302 Blanc Royal"},"content":{"rendered":"<p>Nouvelle basket Joma avec des empi\u00e8cements en tissu l\u00e9ger et en cuir qui garantissent fra\u00eecheur et stabilit\u00e9.  La technologie Joma assure une durabilit\u00e9 accrue \u00e0 la semelle gr\u00e2ce \u00e0 un caoutchouc haute r\u00e9sistance qui retarde l&rsquo;usure et prolonge la dur\u00e9e de vie de la chaussure.  Un \u00e9l\u00e9ment en TPU, plac\u00e9 au point le plus \u00e9troit de la semelle, \u00e9vite les torsions entre l&rsquo;avant et l&rsquo;arri\u00e8re du pied, pour une stabilit\u00e9 optimale.<\/p>\n","protected":false},"excerpt":{"rendered":"<p>Nouvelle basket Joma avec des empi\u00e8cements en tissu l\u00e9ger et en cuir qui garantissent fra\u00eecheur et stabilit\u00e9. La technologie Joma assure une durabilit\u00e9 accrue \u00e0 la semelle gr\u00e2ce \u00e0 un caoutchouc haute r\u00e9sistance qui retarde l&rsquo;usure et prolonge la dur\u00e9e de vie de la chaussure. Un \u00e9l\u00e9ment en TPU, plac\u00e9 au point le plus \u00e9troit [&hellip;]<\/p>\n","protected":false},"featured_media":36456,"template":"","meta":[],"product_brand":[],"product_cat":[84,69,49],"product_tag":[],"class_list":{"0":"post-30184","1":"product","2":"type-product","3":"status-publish","4":"has-post-thumbnail","6":"product_cat-casual-chaussures-enfant","7":"product_cat-chaussures-enfant","8":"product_cat-enfant","9":"pa_couleur-blanco-royal","10":"pa_taille-671","11":"pa_taille-667","12":"pa_taille-668","13":"pa_taille-669","15":"first","16":"outofstock","17":"purchasable","18":"product-type-variable"},"_links":{"self":[{"href":"https:\/\/accrosport.tn\/index.php\/wp-json\/wp\/v2\/product\/30184","targetHints":{"allow":["GET"]}}],"collection":[{"href":"https:\/\/accrosport.tn\/index.php\/wp-json\/wp\/v2\/product"}],"about":[{"href":"https:\/\/accrosport.tn\/index.php\/wp-json\/wp\/v2\/types\/product"}],"wp:featuredmedia":[{"embeddable":true,"href":"https:\/\/accrosport.tn\/index.php\/wp-json\/wp\/v2\/media\/36456"}],"wp:attachment":[{"href":"https:\/\/accrosport.tn\/index.php\/wp-json\/wp\/v2\/media?parent=30184"}],"wp:term":[{"taxonomy":"product_brand","embeddable":true,"href":"https:\/\/accrosport.tn\/index.php\/wp-json\/wp\/v2\/product_brand?post=30184"},{"taxonomy":"product_cat","embeddable":true,"href":"https:\/\/accrosport.tn\/index.php\/wp-json\/wp\/v2\/product_cat?post=30184"},{"taxonomy":"product_tag","embeddable":true,"href":"https:\/\/accrosport.tn\/index.php\/wp-json\/wp\/v2\/product_tag?post=30184"}],"curies":[{"name":"wp","href":"https:\/\/api.w.org\/{rel}","templated":true}]}}