{"id":30176,"date":"2025-09-29T11:16:58","date_gmt":"2025-09-29T11:16:58","guid":{"rendered":"https:\/\/accrosport.tn\/index.php\/product\/j-cetus-jr-2003-marino-verde\/"},"modified":"2025-10-10T14:13:16","modified_gmt":"2025-10-10T14:13:16","slug":"j-cetus-jr-2003-marino-verde","status":"publish","type":"product","link":"https:\/\/accrosport.tn\/index.php\/product\/j-cetus-jr-2003-marino-verde\/","title":{"rendered":"Chaussures casual Cetus 2003 junior bleu marine vert"},"content":{"rendered":"<ul class=\"featuresul\">\n<li>Tige en micro PU<\/li>\n<li>Fermeture \u00e0 bande auto-agrippante<\/li>\n<li>Semelle textile<\/li>\n<li>Semelle interm\u00e9diaire en phylon moelleux<\/li>\n<li>Semelle en caoutchouc tr\u00e8s r\u00e9sistante<\/li>\n<\/ul>\n","protected":false},"excerpt":{"rendered":"<p>Tige en micro PU Fermeture \u00e0 bande auto-agrippante Semelle textile Semelle interm\u00e9diaire en phylon moelleux Semelle en caoutchouc tr\u00e8s r\u00e9sistante<\/p>\n","protected":false},"featured_media":33994,"template":"","meta":[],"product_brand":[],"product_cat":[84,69,49],"product_tag":[],"class_list":{"0":"post-30176","1":"product","2":"type-product","3":"status-publish","4":"has-post-thumbnail","6":"product_cat-casual-chaussures-enfant","7":"product_cat-chaussures-enfant","8":"product_cat-enfant","9":"pa_couleur-marino","10":"pa_taille-674","11":"pa_taille-676","12":"pa_taille-671","14":"first","15":"outofstock","16":"purchasable","17":"product-type-variable"},"_links":{"self":[{"href":"https:\/\/accrosport.tn\/index.php\/wp-json\/wp\/v2\/product\/30176","targetHints":{"allow":["GET"]}}],"collection":[{"href":"https:\/\/accrosport.tn\/index.php\/wp-json\/wp\/v2\/product"}],"about":[{"href":"https:\/\/accrosport.tn\/index.php\/wp-json\/wp\/v2\/types\/product"}],"wp:featuredmedia":[{"embeddable":true,"href":"https:\/\/accrosport.tn\/index.php\/wp-json\/wp\/v2\/media\/33994"}],"wp:attachment":[{"href":"https:\/\/accrosport.tn\/index.php\/wp-json\/wp\/v2\/media?parent=30176"}],"wp:term":[{"taxonomy":"product_brand","embeddable":true,"href":"https:\/\/accrosport.tn\/index.php\/wp-json\/wp\/v2\/product_brand?post=30176"},{"taxonomy":"product_cat","embeddable":true,"href":"https:\/\/accrosport.tn\/index.php\/wp-json\/wp\/v2\/product_cat?post=30176"},{"taxonomy":"product_tag","embeddable":true,"href":"https:\/\/accrosport.tn\/index.php\/wp-json\/wp\/v2\/product_tag?post=30176"}],"curies":[{"name":"wp","href":"https:\/\/api.w.org\/{rel}","templated":true}]}}