{"id":30169,"date":"2025-09-29T11:16:53","date_gmt":"2025-09-29T11:16:53","guid":{"rendered":"https:\/\/accrosport.tn\/index.php\/product\/gol-2401-negro-amarillo-fluor-firm-ground\/"},"modified":"2026-03-11T12:46:45","modified_gmt":"2026-03-11T12:46:45","slug":"gol-2401-negro-amarillo-fluor-firm-ground","status":"publish","type":"product","link":"https:\/\/accrosport.tn\/index.php\/product\/gol-2401-negro-amarillo-fluor-firm-ground\/","title":{"rendered":"Chaussures football Gol 2401 terrain ferme FG noir jaune fluo"},"content":{"rendered":"<p>Chaussures de football pour terrains fermes (FG). Il s&rsquo;agit de chaussures d\u00e9velopp\u00e9es pour les jeunes talents du football \u00e0 la recherche d&rsquo;une vitesse pure sur le terrain.<\/p>\n<p>La tige est confectionn\u00e9e en cuir synth\u00e9tique, un mat\u00e9riau souple, l\u00e9ger et r\u00e9sistant \u00e0 l&rsquo;abrasion. Sa construction sans coutures gr\u00e2ce \u00e0 la technologie ONE PIECE r\u00e9duit le poids de la chaussure et la rend plus confortable. Un ajustement exceptionnel gr\u00e2ce au col SOCK SYSTEM, qui favorise \u00e9galement la flexibilit\u00e9 et le confort lors de son utilisation.<\/p>\n<p>Elles int\u00e8grent un contrefort EXO COUNTER \u00e0 l&rsquo;arri\u00e8re pour apporter de la stabilit\u00e9 \u00e0 la zone lors des changements de direction.<\/p>\n<p>La semelle est en fibre synth\u00e9tique translucide, adapt\u00e9e \u00e0 ce type de terrain pour mieux contr\u00f4ler les mouvements sur des terrains fermes non abrasifs.<\/p>\n","protected":false},"excerpt":{"rendered":"<p>Chaussures de football pour terrains fermes (FG). Il s&rsquo;agit de chaussures d\u00e9velopp\u00e9es pour les jeunes talents du football \u00e0 la recherche d&rsquo;une vitesse pure sur le terrain.<\/p>\n","protected":false},"featured_media":36468,"template":"","meta":[],"product_brand":[],"product_cat":[61,75,33,113],"product_tag":[],"class_list":{"0":"post-30169","1":"product","2":"type-product","3":"status-publish","4":"has-post-thumbnail","6":"product_cat-chaussures-homme","7":"product_cat-foot","8":"product_cat-homme","9":"product_cat-sport","10":"pa_couleur-black-fluorescent-yellow","11":"pa_taille-645","12":"pa_taille-646","13":"pa_taille-649","14":"pa_taille-650","15":"pa_taille-651","16":"pa_taille-653","18":"first","19":"outofstock","20":"sale","21":"purchasable","22":"product-type-variable"},"_links":{"self":[{"href":"https:\/\/accrosport.tn\/index.php\/wp-json\/wp\/v2\/product\/30169","targetHints":{"allow":["GET"]}}],"collection":[{"href":"https:\/\/accrosport.tn\/index.php\/wp-json\/wp\/v2\/product"}],"about":[{"href":"https:\/\/accrosport.tn\/index.php\/wp-json\/wp\/v2\/types\/product"}],"wp:featuredmedia":[{"embeddable":true,"href":"https:\/\/accrosport.tn\/index.php\/wp-json\/wp\/v2\/media\/36468"}],"wp:attachment":[{"href":"https:\/\/accrosport.tn\/index.php\/wp-json\/wp\/v2\/media?parent=30169"}],"wp:term":[{"taxonomy":"product_brand","embeddable":true,"href":"https:\/\/accrosport.tn\/index.php\/wp-json\/wp\/v2\/product_brand?post=30169"},{"taxonomy":"product_cat","embeddable":true,"href":"https:\/\/accrosport.tn\/index.php\/wp-json\/wp\/v2\/product_cat?post=30169"},{"taxonomy":"product_tag","embeddable":true,"href":"https:\/\/accrosport.tn\/index.php\/wp-json\/wp\/v2\/product_tag?post=30169"}],"curies":[{"name":"wp","href":"https:\/\/api.w.org\/{rel}","templated":true}]}}