{"id":30151,"date":"2025-09-29T11:16:48","date_gmt":"2025-09-29T11:16:48","guid":{"rendered":"https:\/\/accrosport.tn\/index.php\/product\/evolution-jr-2401-negro-artificial-grass\/"},"modified":"2026-03-11T12:46:45","modified_gmt":"2026-03-11T12:46:45","slug":"evolution-jr-2401-negro-artificial-grass","status":"publish","type":"product","link":"https:\/\/accrosport.tn\/index.php\/product\/evolution-jr-2401-negro-artificial-grass\/","title":{"rendered":"Basket JOMA JR 2401"},"content":{"rendered":"<p> D\u00e9couvrez les Joma EVOLUTION 2401 Jr FG EVJW2401AG, les chaussures id\u00e9ales pour les jeunes footballeurs souhaitant dominer le terrain. L\u00e9g\u00e8res, r\u00e9sistantes et confortables, elles offrent une excellente traction sur gazon naturel gr\u00e2ce \u00e0 leur semelle FG. La tige en mesh respirant assure une bonne a\u00e9ration, tandis que la semelle int\u00e9rieure amortie garantit un confort optimal. Un design moderne pour allier performance et style lors de chaque match ou entra\u00eenement.<\/p>\n","protected":false},"excerpt":{"rendered":"<p> D\u00e9couvrez les Joma EVOLUTION 2401 Jr FG EVJW2401AG, les chaussures id\u00e9ales pour les jeunes footballeurs souhaitant dominer le terrain.<\/p>\n","protected":false},"featured_media":33821,"template":"","meta":[],"product_brand":[],"product_cat":[69,49,87],"product_tag":[],"class_list":{"0":"post-30151","1":"product","2":"type-product","3":"status-publish","4":"has-post-thumbnail","6":"product_cat-chaussures-enfant","7":"product_cat-enfant","8":"product_cat-foot-chaussures-enfant","9":"pa_couleur-noir","10":"pa_taille-667","11":"pa_taille-668","12":"pa_taille-669","13":"pa_taille-670","14":"pa_taille-641","15":"pa_taille-643","16":"pa_taille-655","17":"pa_taille-644","19":"first","20":"outofstock","21":"sale","22":"purchasable","23":"product-type-variable"},"_links":{"self":[{"href":"https:\/\/accrosport.tn\/index.php\/wp-json\/wp\/v2\/product\/30151","targetHints":{"allow":["GET"]}}],"collection":[{"href":"https:\/\/accrosport.tn\/index.php\/wp-json\/wp\/v2\/product"}],"about":[{"href":"https:\/\/accrosport.tn\/index.php\/wp-json\/wp\/v2\/types\/product"}],"wp:featuredmedia":[{"embeddable":true,"href":"https:\/\/accrosport.tn\/index.php\/wp-json\/wp\/v2\/media\/33821"}],"wp:attachment":[{"href":"https:\/\/accrosport.tn\/index.php\/wp-json\/wp\/v2\/media?parent=30151"}],"wp:term":[{"taxonomy":"product_brand","embeddable":true,"href":"https:\/\/accrosport.tn\/index.php\/wp-json\/wp\/v2\/product_brand?post=30151"},{"taxonomy":"product_cat","embeddable":true,"href":"https:\/\/accrosport.tn\/index.php\/wp-json\/wp\/v2\/product_cat?post=30151"},{"taxonomy":"product_tag","embeddable":true,"href":"https:\/\/accrosport.tn\/index.php\/wp-json\/wp\/v2\/product_tag?post=30151"}],"curies":[{"name":"wp","href":"https:\/\/api.w.org\/{rel}","templated":true}]}}