{"id":30150,"date":"2025-09-29T11:16:48","date_gmt":"2025-09-29T11:16:48","guid":{"rendered":"https:\/\/accrosport.tn\/index.php\/product\/c-stadium-men-2433-marino\/"},"modified":"2025-10-09T13:41:01","modified_gmt":"2025-10-09T13:41:01","slug":"c-stadium-men-2433-marino","status":"publish","type":"product","link":"https:\/\/accrosport.tn\/index.php\/product\/c-stadium-men-2433-marino\/","title":{"rendered":"JOMA Classic Stadium Homme 2433 Bleu Marine Blanc"},"content":{"rendered":"<p>Baskets d\u00e9contract\u00e9es pour homme. Ce mod\u00e8le revisit\u00e9 apporte une touche urbaine et sportive \u00e0 vos tenues du quotidien.<\/p>\n<p>La tige est en cuir synth\u00e9tique, un mat\u00e9riau r\u00e9sistant et facile d&rsquo;entretien qui prolonge la dur\u00e9e de vie du produit. Elle est dot\u00e9e de petites perforations sur le devant et d&rsquo;un syst\u00e8me de ventilation VTS qui \u00e9vacue la transpiration et maintient le pied au frais.<\/p>\n<p>Confort optimis\u00e9 gr\u00e2ce \u00e0 la semelle int\u00e9rieure en mousse \u00e0 m\u00e9moire de forme, compos\u00e9e de mousse et d&rsquo;une base en EVA thermoform\u00e9e qui \u00e9pouse parfaitement la forme du pied et l&rsquo;assouplit. Plus respirante gr\u00e2ce au syst\u00e8me de perforation VTS.<\/p>\n<p>Semelle en caoutchouc DURABILIT\u00c9 avec une nouvelle esth\u00e9tique, mais avec la m\u00eame r\u00e9sistance au frottement et \u00e0 l&rsquo;usure.<\/p>\n","protected":false},"excerpt":{"rendered":"<p>Baskets d\u00e9contract\u00e9es pour homme. Ce mod\u00e8le revisit\u00e9 apporte une touche urbaine et sportive \u00e0 vos tenues du quotidien.<\/p>\n","protected":false},"featured_media":33816,"template":"","meta":[],"product_brand":[414],"product_cat":[78,61,33],"product_tag":[],"class_list":{"0":"post-30150","1":"product","2":"type-product","3":"status-publish","4":"has-post-thumbnail","6":"product_brand-joma","7":"product_cat-casual","8":"product_cat-chaussures-homme","9":"product_cat-homme","10":"pa_couleur-navy-blue","11":"pa_taille-651","13":"first","14":"outofstock","15":"sale","16":"purchasable","17":"product-type-simple"},"_links":{"self":[{"href":"https:\/\/accrosport.tn\/index.php\/wp-json\/wp\/v2\/product\/30150","targetHints":{"allow":["GET"]}}],"collection":[{"href":"https:\/\/accrosport.tn\/index.php\/wp-json\/wp\/v2\/product"}],"about":[{"href":"https:\/\/accrosport.tn\/index.php\/wp-json\/wp\/v2\/types\/product"}],"wp:featuredmedia":[{"embeddable":true,"href":"https:\/\/accrosport.tn\/index.php\/wp-json\/wp\/v2\/media\/33816"}],"wp:attachment":[{"href":"https:\/\/accrosport.tn\/index.php\/wp-json\/wp\/v2\/media?parent=30150"}],"wp:term":[{"taxonomy":"product_brand","embeddable":true,"href":"https:\/\/accrosport.tn\/index.php\/wp-json\/wp\/v2\/product_brand?post=30150"},{"taxonomy":"product_cat","embeddable":true,"href":"https:\/\/accrosport.tn\/index.php\/wp-json\/wp\/v2\/product_cat?post=30150"},{"taxonomy":"product_tag","embeddable":true,"href":"https:\/\/accrosport.tn\/index.php\/wp-json\/wp\/v2\/product_tag?post=30150"}],"curies":[{"name":"wp","href":"https:\/\/api.w.org\/{rel}","templated":true}]}}