{"id":30142,"date":"2025-09-29T11:16:48","date_gmt":"2025-09-29T11:16:48","guid":{"rendered":"https:\/\/accrosport.tn\/index.php\/product\/c-stadium-men-2424-marron\/"},"modified":"2026-02-23T09:57:37","modified_gmt":"2026-02-23T09:57:37","slug":"c-stadium-men-2424-marron","status":"publish","type":"product","link":"https:\/\/accrosport.tn\/index.php\/product\/c-stadium-men-2424-marron\/","title":{"rendered":"Chaussures Joma C.Stadium Homme 2424 brun"},"content":{"rendered":"<p>Baskets d\u00e9contract\u00e9es pour homme. Ce mod\u00e8le de chaussures de sport revisit\u00e9 apporte une touche urbaine et sportive \u00e0 vos tenues du quotidien.<\/p>\n<p>La tige est en cuir synth\u00e9tique, un mat\u00e9riau r\u00e9sistant et facile d&rsquo;entretien qui prolonge la dur\u00e9e de vie du produit. Elle est dot\u00e9e de petites perforations sur la partie avant, dot\u00e9es du syst\u00e8me de ventilation VTS, permettant une \u00e9vacuation de la transpiration et gardant le pied au frais.<\/p>\n<p>Confort optimis\u00e9 gr\u00e2ce \u00e0 l&rsquo;int\u00e9gration d&rsquo;une semelle int\u00e9rieure en mousse \u00e0 m\u00e9moire de forme et d&rsquo;une base en EVA thermoform\u00e9e pour une adaptation parfaite et un amorti optimal. Plus respirante gr\u00e2ce au syst\u00e8me de perforation VTS.<\/p>\n<p>Semelle en caoutchouc DURABILIT\u00c9 avec une nouvelle esth\u00e9tique, mais avec la m\u00eame r\u00e9sistance au frottement et \u00e0 l&rsquo;usure.<\/p>\n","protected":false},"excerpt":{"rendered":"<p>Baskets d\u00e9contract\u00e9es pour homme. Ce mod\u00e8le de chaussures de sport revisit\u00e9 apporte une touche urbaine et sportive \u00e0 vos tenues du quotidien.<\/p>\n","protected":false},"featured_media":33804,"template":"","meta":[],"product_brand":[],"product_cat":[78,61,33],"product_tag":[],"class_list":{"0":"post-30142","1":"product","2":"type-product","3":"status-publish","4":"has-post-thumbnail","6":"product_cat-casual","7":"product_cat-chaussures-homme","8":"product_cat-homme","9":"pa_couleur-brown","10":"pa_taille-645","11":"pa_taille-646","12":"pa_taille-649","13":"pa_taille-650","14":"pa_taille-651","15":"pa_taille-653","16":"pa_taille-656","18":"first","19":"outofstock","20":"sale","21":"purchasable","22":"product-type-variable"},"_links":{"self":[{"href":"https:\/\/accrosport.tn\/index.php\/wp-json\/wp\/v2\/product\/30142","targetHints":{"allow":["GET"]}}],"collection":[{"href":"https:\/\/accrosport.tn\/index.php\/wp-json\/wp\/v2\/product"}],"about":[{"href":"https:\/\/accrosport.tn\/index.php\/wp-json\/wp\/v2\/types\/product"}],"wp:featuredmedia":[{"embeddable":true,"href":"https:\/\/accrosport.tn\/index.php\/wp-json\/wp\/v2\/media\/33804"}],"wp:attachment":[{"href":"https:\/\/accrosport.tn\/index.php\/wp-json\/wp\/v2\/media?parent=30142"}],"wp:term":[{"taxonomy":"product_brand","embeddable":true,"href":"https:\/\/accrosport.tn\/index.php\/wp-json\/wp\/v2\/product_brand?post=30142"},{"taxonomy":"product_cat","embeddable":true,"href":"https:\/\/accrosport.tn\/index.php\/wp-json\/wp\/v2\/product_cat?post=30142"},{"taxonomy":"product_tag","embeddable":true,"href":"https:\/\/accrosport.tn\/index.php\/wp-json\/wp\/v2\/product_tag?post=30142"}],"curies":[{"name":"wp","href":"https:\/\/api.w.org\/{rel}","templated":true}]}}