{"id":30135,"date":"2025-09-29T11:16:48","date_gmt":"2025-09-29T11:16:48","guid":{"rendered":"https:\/\/accrosport.tn\/index.php\/product\/c-stadium-men-2423-verde\/"},"modified":"2026-03-12T05:05:10","modified_gmt":"2026-03-12T05:05:10","slug":"c-stadium-men-2423-verde","status":"publish","type":"product","link":"https:\/\/accrosport.tn\/index.php\/product\/c-stadium-men-2423-verde\/","title":{"rendered":"C.STADIUM HOMMES 2423 VERT"},"content":{"rendered":"<p>Baskets d\u00e9contract\u00e9es pour homme. Ce mod\u00e8le revisit\u00e9 apporte une touche urbaine et sportive \u00e0 vos tenues du quotidien.<\/p>\n<p>La tige est en cuir synth\u00e9tique, un mat\u00e9riau tout aussi r\u00e9sistant et facile d&rsquo;entretien qui prolonge la dur\u00e9e de vie du produit. Elle est dot\u00e9e de petites perforations sur le devant, cr\u00e9\u00e9es gr\u00e2ce au syst\u00e8me de ventilation VTS, qui \u00e9vacue la transpiration pour garder vos pieds au frais.<\/p>\n<p>Confort optimis\u00e9 gr\u00e2ce \u00e0 l&rsquo;ajout de la semelle int\u00e9rieure MEMORY FOAM, compos\u00e9e de mousse et d&rsquo;une base en EVA thermoform\u00e9e, qui \u00e9pouse parfaitement la forme de votre pied et l&rsquo;amortit. Elle est d\u00e9sormais plus respirante gr\u00e2ce au syst\u00e8me de perforation VTS.<\/p>\n<p>Semelle en caoutchouc DURABILIT\u00c9 avec une nouvelle esth\u00e9tique, mais avec la m\u00eame r\u00e9sistance au frottement et \u00e0 l&rsquo;usure.<\/p>\n<p>Tige en cuir synth\u00e9tique Tige en mesh respirant Semelle int\u00e9rieure en mousse \u00e0 m\u00e9moire de forme VTS Semelle en caoutchouc DURABILIT\u00c9<\/p>\n","protected":false},"excerpt":{"rendered":"<p>Baskets d\u00e9contract\u00e9es pour homme. Ce mod\u00e8le revisit\u00e9 apporte une touche urbaine et sportive \u00e0 vos tenues du quotidien.<\/p>\n","protected":false},"featured_media":33799,"template":"","meta":[],"product_brand":[],"product_cat":[78,61,33],"product_tag":[],"class_list":{"0":"post-30135","1":"product","2":"type-product","3":"status-publish","4":"has-post-thumbnail","6":"product_cat-casual","7":"product_cat-chaussures-homme","8":"product_cat-homme","9":"pa_couleur-green","10":"pa_taille-645","11":"pa_taille-646","12":"pa_taille-649","13":"pa_taille-650","14":"pa_taille-651","15":"pa_taille-656","17":"first","18":"outofstock","19":"sale","20":"purchasable","21":"product-type-variable"},"_links":{"self":[{"href":"https:\/\/accrosport.tn\/index.php\/wp-json\/wp\/v2\/product\/30135","targetHints":{"allow":["GET"]}}],"collection":[{"href":"https:\/\/accrosport.tn\/index.php\/wp-json\/wp\/v2\/product"}],"about":[{"href":"https:\/\/accrosport.tn\/index.php\/wp-json\/wp\/v2\/types\/product"}],"wp:featuredmedia":[{"embeddable":true,"href":"https:\/\/accrosport.tn\/index.php\/wp-json\/wp\/v2\/media\/33799"}],"wp:attachment":[{"href":"https:\/\/accrosport.tn\/index.php\/wp-json\/wp\/v2\/media?parent=30135"}],"wp:term":[{"taxonomy":"product_brand","embeddable":true,"href":"https:\/\/accrosport.tn\/index.php\/wp-json\/wp\/v2\/product_brand?post=30135"},{"taxonomy":"product_cat","embeddable":true,"href":"https:\/\/accrosport.tn\/index.php\/wp-json\/wp\/v2\/product_cat?post=30135"},{"taxonomy":"product_tag","embeddable":true,"href":"https:\/\/accrosport.tn\/index.php\/wp-json\/wp\/v2\/product_tag?post=30135"}],"curies":[{"name":"wp","href":"https:\/\/api.w.org\/{rel}","templated":true}]}}