{"id":30129,"date":"2025-09-29T11:16:44","date_gmt":"2025-09-29T11:16:44","guid":{"rendered":"https:\/\/accrosport.tn\/index.php\/product\/c-stadium-men-2403-blanco-marino\/"},"modified":"2026-03-14T11:41:19","modified_gmt":"2026-03-14T11:41:19","slug":"c-stadium-men-2403-blanco-marino","status":"publish","type":"product","link":"https:\/\/accrosport.tn\/index.php\/product\/c-stadium-men-2403-blanco-marino\/","title":{"rendered":"Chaussures casual C.Stadium 2403 homme blanc bleu marine"},"content":{"rendered":"<p>Chaussures casual. Ce mod\u00e8le revisit\u00e9 de chaussures de sport apporte une touche urbaine et sportive aux looks quotidiens.<\/p>\n<p>Tige fabriqu\u00e9e en cuir synth\u00e9tique, un mat\u00e9riau tout aussi r\u00e9sistant et facile \u00e0 entretenir, qui prolonge la durabilit\u00e9 du produit. Elle pr\u00e9sente de petites perforations sur l&rsquo;avant r\u00e9alis\u00e9es avec le syst\u00e8me de ventilation VTS, permettant une ventilation de la transpiration pour maintenir le pied frais.<\/p>\n<p>Confort optimis\u00e9 gr\u00e2ce \u00e0 l&rsquo;incorporation de la semelle MEMORY FOAM fabriqu\u00e9e en mousse et base d&rsquo;EVA thermoform\u00e9e pour s&rsquo;adapter parfaitement \u00e0 la foul\u00e9e et l&rsquo;adoucir. Elle est maintenant plus respirante gr\u00e2ce \u00e0 l&rsquo;application du syst\u00e8me de perforations VTS.<\/p>\n<p>Semelle en caoutchouc DURABILITY avec une nouvelle esth\u00e9tique, mais avec la m\u00eame r\u00e9sistance aux frottements et \u00e0 l&rsquo;usure.<\/p>\n<ul class=\"featuresul\">\n<li>Tige en cuir synth\u00e9tique<\/li>\n<li>Empeigne en mesh respirant VTS<\/li>\n<li>Semelle en MOUSSE \u00c0 M\u00c9MOIRE DE FORME<\/li>\n<li>Semelle ext\u00e9rieure DURABILITY en caoutchouc<\/li>\n<\/ul>\n","protected":false},"excerpt":{"rendered":"<p>Chaussures casual. Ce mod\u00e8le revisit\u00e9 de chaussures de sport apporte une touche urbaine et sportive aux looks quotidiens.<\/p>\n","protected":false},"featured_media":33863,"template":"","meta":[],"product_brand":[],"product_cat":[78,61,33],"product_tag":[],"class_list":{"0":"post-30129","1":"product","2":"type-product","3":"status-publish","4":"has-post-thumbnail","6":"product_cat-casual","7":"product_cat-chaussures-homme","8":"product_cat-homme","9":"pa_couleur-white-navy-blue","10":"pa_taille-646","11":"pa_taille-649","12":"pa_taille-650","13":"pa_taille-651","14":"pa_taille-653","16":"first","17":"outofstock","18":"sale","19":"purchasable","20":"product-type-variable"},"_links":{"self":[{"href":"https:\/\/accrosport.tn\/index.php\/wp-json\/wp\/v2\/product\/30129","targetHints":{"allow":["GET"]}}],"collection":[{"href":"https:\/\/accrosport.tn\/index.php\/wp-json\/wp\/v2\/product"}],"about":[{"href":"https:\/\/accrosport.tn\/index.php\/wp-json\/wp\/v2\/types\/product"}],"wp:featuredmedia":[{"embeddable":true,"href":"https:\/\/accrosport.tn\/index.php\/wp-json\/wp\/v2\/media\/33863"}],"wp:attachment":[{"href":"https:\/\/accrosport.tn\/index.php\/wp-json\/wp\/v2\/media?parent=30129"}],"wp:term":[{"taxonomy":"product_brand","embeddable":true,"href":"https:\/\/accrosport.tn\/index.php\/wp-json\/wp\/v2\/product_brand?post=30129"},{"taxonomy":"product_cat","embeddable":true,"href":"https:\/\/accrosport.tn\/index.php\/wp-json\/wp\/v2\/product_cat?post=30129"},{"taxonomy":"product_tag","embeddable":true,"href":"https:\/\/accrosport.tn\/index.php\/wp-json\/wp\/v2\/product_tag?post=30129"}],"curies":[{"name":"wp","href":"https:\/\/api.w.org\/{rel}","templated":true}]}}