{"id":30116,"date":"2025-09-29T11:16:44","date_gmt":"2025-09-29T11:16:44","guid":{"rendered":"https:\/\/accrosport.tn\/index.php\/product\/c-stadium-lady-2401-negro\/"},"modified":"2026-03-11T12:46:45","modified_gmt":"2026-03-11T12:46:45","slug":"c-stadium-lady-2401-negro","status":"publish","type":"product","link":"https:\/\/accrosport.tn\/index.php\/product\/c-stadium-lady-2401-negro\/","title":{"rendered":"JOMA Classic Stadium Lady 2401 Noir Blanc"},"content":{"rendered":"<p>Baskets d\u00e9contract\u00e9es pour femme. Ce nouveau style apporte une touche urbaine et sportive aux looks d\u00e9contract\u00e9s. Portez-les au quotidien, alliant modernit\u00e9, style et confort. Elles s&rsquo;inspirent des mod\u00e8les de basket vintage.<\/p>\n<p>La tige est fabriqu\u00e9e en mati\u00e8re synth\u00e9tique r\u00e9sistante et agr\u00e9ment\u00e9e de d\u00e9tails raffin\u00e9s alliant confort et modernit\u00e9. Elle est dot\u00e9e de petites perforations gr\u00e2ce au syst\u00e8me de ventilation VTS, qui permet \u00e0 l&rsquo;air d&rsquo;entrer et de sortir pour garder vos pieds au frais pendant la marche.<\/p>\n<p>La semelle est en caoutchouc DURABILITY, tr\u00e8s r\u00e9sistant aux frottements et \u00e0 l&rsquo;usure, prolongeant ainsi la dur\u00e9e de vie de la chaussure.<\/p>\n","protected":false},"excerpt":{"rendered":"<p>Baskets d\u00e9contract\u00e9es pour femme. Ce nouveau style apporte une touche urbaine et sportive aux looks d\u00e9contract\u00e9s. Portez-les au quotidien, alliant modernit\u00e9, style et confort. Elles s&rsquo;inspirent des mod\u00e8les de basket vintage.<\/p>\n","protected":false},"featured_media":33858,"template":"","meta":[],"product_brand":[],"product_cat":[80,57,42],"product_tag":[],"class_list":{"0":"post-30116","1":"product","2":"type-product","3":"status-publish","4":"has-post-thumbnail","6":"product_cat-chaussures-casual-femme-tunisie","7":"product_cat-chaussures","8":"product_cat-femme","9":"pa_couleur-noir","10":"pa_taille-641","11":"pa_taille-643","12":"pa_taille-655","13":"pa_taille-644","14":"pa_taille-645","15":"pa_taille-646","17":"first","18":"outofstock","19":"sale","20":"purchasable","21":"product-type-variable"},"_links":{"self":[{"href":"https:\/\/accrosport.tn\/index.php\/wp-json\/wp\/v2\/product\/30116","targetHints":{"allow":["GET"]}}],"collection":[{"href":"https:\/\/accrosport.tn\/index.php\/wp-json\/wp\/v2\/product"}],"about":[{"href":"https:\/\/accrosport.tn\/index.php\/wp-json\/wp\/v2\/types\/product"}],"wp:featuredmedia":[{"embeddable":true,"href":"https:\/\/accrosport.tn\/index.php\/wp-json\/wp\/v2\/media\/33858"}],"wp:attachment":[{"href":"https:\/\/accrosport.tn\/index.php\/wp-json\/wp\/v2\/media?parent=30116"}],"wp:term":[{"taxonomy":"product_brand","embeddable":true,"href":"https:\/\/accrosport.tn\/index.php\/wp-json\/wp\/v2\/product_brand?post=30116"},{"taxonomy":"product_cat","embeddable":true,"href":"https:\/\/accrosport.tn\/index.php\/wp-json\/wp\/v2\/product_cat?post=30116"},{"taxonomy":"product_tag","embeddable":true,"href":"https:\/\/accrosport.tn\/index.php\/wp-json\/wp\/v2\/product_tag?post=30116"}],"curies":[{"name":"wp","href":"https:\/\/api.w.org\/{rel}","templated":true}]}}