{"id":30111,"date":"2025-09-29T11:16:38","date_gmt":"2025-09-29T11:16:38","guid":{"rendered":"https:\/\/accrosport.tn\/index.php\/product\/thunder-2402-blanco-negro\/"},"modified":"2025-10-13T07:41:39","modified_gmt":"2025-10-13T07:41:39","slug":"thunder-2402-blanco-negro","status":"publish","type":"product","link":"https:\/\/accrosport.tn\/index.php\/product\/thunder-2402-blanco-negro\/","title":{"rendered":"Chaussures training\/fitness Thunder 2402 homme blanc noir"},"content":{"rendered":"<p>Chez Joma, nous voulons parier sur l\u2019un des sports les plus en vogue actuellement : les activit\u00e9s pratiqu\u00e9es en salle de sport. C\u2019est pourquoi nous lan\u00e7ons le mod\u00e8le de chaussures Thunder, qui poss\u00e8dent les avantages essentiels n\u00e9cessaires \u00e0 la pratique de chacun des exercices fonctionnels de haute intensit\u00e9 qui comprend : l\u2019halt\u00e9rophilie, l\u2019entra\u00eenement m\u00e9tabolique et la gymnastique. Les Thunder vous aideront \u00e0 garder votre motivation intacte et \u00e0 profiter d\u2019une discipline qui compte de plus en plus d\u2019adeptes.<\/p>\n<p>L\u2019un de ses points forts est la construction de la tige. Elle est fabriqu\u00e9e principalement en nylon tr\u00e8s l\u00e9ger et respirant, accompagn\u00e9 de perforations microscopiques VTS qui permettent l\u2019\u00e9vacuation de la transpiration. Par exemple, dans les exercices de cardio et de levage, il est essentiel que le pied reste frais. Ce tissu s\u2019adapte bien au pied pour le maintenir en place \u00e0 tout moment. Cependant, le plus important est son niveau de protection sup\u00e9rieur gr\u00e2ce au caoutchouc inject\u00e9 sur tout le dessus, en particulier sur les c\u00f4t\u00e9s et au niveau du bout pour minimiser le frottement pendant les exercices contre les murs.<\/p>\n<p>Con\u00e7ues avec une forme large pour que le pied puisse s\u2019appuyer compl\u00e8tement sur le sol lors de la prise des halt\u00e8res. La semelle interm\u00e9diaire est en phylon haute densit\u00e9, qui absorbe les impacts lors des exercices de cardio et de sprint, et fournit une bonne base tr\u00e8s stable lorsque vous pratiquez l\u2019halt\u00e9rophilie.<\/p>\n<p>La semelle ext\u00e9rieure est en caoutchouc DURABILITY, qui enveloppe la zone m\u00e9diane des c\u00f4t\u00e9s pour offrir du confort, de la r\u00e9sistance \u00e0 l\u2019abrasion et pr\u00e9venir les glissements lors de l\u2019escalade de corde. Foul\u00e9e plate et 100 % en contact avec le sol pour obtenir la stabilit\u00e9 n\u00e9cessaire dans les exercices de lev\u00e9e de poids. Flexibilit\u00e9 assur\u00e9e et naturelle de l\u2019avant-pied avec les rainures FLEXO.<\/p>\n<ul class=\"featuresul\">\n<li>Empeigne en mesh respirant VTS<\/li>\n<li>Coupe avec syst\u00e8me de r\u00e9glage thermosoud\u00e9 SPORTECH<\/li>\n<li>Coupe avec renfort en caoutchouc dans les zones strat\u00e9giques PROTECTION<\/li>\n<li>Semelle interm\u00e9diaire en phylon<\/li>\n<li>Semelle ext\u00e9rieure DURABILITY en caoutchouc avec FLEXO<\/li>\n<li>Forme large<\/li>\n<\/ul>\n","protected":false},"excerpt":{"rendered":"<p>Chez Joma, nous voulons parier sur l\u2019un des sports les plus en vogue actuellement : les activit\u00e9s pratiqu\u00e9es en salle de sport.<\/p>\n","protected":false},"featured_media":34022,"template":"","meta":[],"product_brand":[],"product_cat":[61,33,77,113,137],"product_tag":[],"class_list":{"0":"post-30111","1":"product","2":"type-product","3":"status-publish","4":"has-post-thumbnail","6":"product_cat-chaussures-homme","7":"product_cat-homme","8":"product_cat-running","9":"product_cat-sport","10":"product_cat-training","11":"pa_couleur-white-black","12":"pa_taille-646","13":"pa_taille-649","14":"pa_taille-650","15":"pa_taille-651","17":"first","18":"outofstock","19":"purchasable","20":"product-type-variable"},"_links":{"self":[{"href":"https:\/\/accrosport.tn\/index.php\/wp-json\/wp\/v2\/product\/30111","targetHints":{"allow":["GET"]}}],"collection":[{"href":"https:\/\/accrosport.tn\/index.php\/wp-json\/wp\/v2\/product"}],"about":[{"href":"https:\/\/accrosport.tn\/index.php\/wp-json\/wp\/v2\/types\/product"}],"wp:featuredmedia":[{"embeddable":true,"href":"https:\/\/accrosport.tn\/index.php\/wp-json\/wp\/v2\/media\/34022"}],"wp:attachment":[{"href":"https:\/\/accrosport.tn\/index.php\/wp-json\/wp\/v2\/media?parent=30111"}],"wp:term":[{"taxonomy":"product_brand","embeddable":true,"href":"https:\/\/accrosport.tn\/index.php\/wp-json\/wp\/v2\/product_brand?post=30111"},{"taxonomy":"product_cat","embeddable":true,"href":"https:\/\/accrosport.tn\/index.php\/wp-json\/wp\/v2\/product_cat?post=30111"},{"taxonomy":"product_tag","embeddable":true,"href":"https:\/\/accrosport.tn\/index.php\/wp-json\/wp\/v2\/product_tag?post=30111"}],"curies":[{"name":"wp","href":"https:\/\/api.w.org\/{rel}","templated":true}]}}