{"id":30105,"date":"2025-09-29T11:16:38","date_gmt":"2025-09-29T11:16:38","guid":{"rendered":"https:\/\/accrosport.tn\/index.php\/product\/c-princeton-lady-2402-blanco\/"},"modified":"2026-03-11T12:46:44","modified_gmt":"2026-03-11T12:46:44","slug":"c-princeton-lady-2402-blanco","status":"publish","type":"product","link":"https:\/\/accrosport.tn\/index.php\/product\/c-princeton-lady-2402-blanco\/","title":{"rendered":"JOMA Classic Princeton Lady 2402 Blanc"},"content":{"rendered":"<p>Baskets d\u00e9contract\u00e9es pour femme, id\u00e9ales pour un usage quotidien. De plus, ce mod\u00e8le robuste est con\u00e7u pour durer toute la saison.<\/p>\n<p>La tige en mati\u00e8re synth\u00e9tique est rehauss\u00e9e de d\u00e9tails raffin\u00e9s qui cr\u00e9ent une alliance unique de simplicit\u00e9, de confort et de modernit\u00e9. Un design minimaliste et moderne qui compl\u00e8tera parfaitement tout look intemporel. Des perforations VTS ont \u00e9t\u00e9 ajout\u00e9es aux endroits strat\u00e9giques pour am\u00e9liorer la circulation de l&rsquo;air et la ventilation.<\/p>\n<p>Semelle enti\u00e8rement renouvel\u00e9e avec plateforme en caoutchouc DURABILITY pour une excellente durabilit\u00e9 et r\u00e9sistance.<\/p>\n","protected":false},"excerpt":{"rendered":"<p>Baskets d\u00e9contract\u00e9es pour femme, id\u00e9ales pour un usage quotidien. De plus, ce mod\u00e8le robuste est con\u00e7u pour durer toute la saison.<\/p>\n","protected":false},"featured_media":34020,"template":"","meta":[],"product_brand":[],"product_cat":[80,57,42],"product_tag":[],"class_list":{"0":"post-30105","1":"product","2":"type-product","3":"status-publish","4":"has-post-thumbnail","6":"product_cat-chaussures-casual-femme-tunisie","7":"product_cat-chaussures","8":"product_cat-femme","9":"pa_couleur-white","10":"pa_taille-643","11":"pa_taille-655","12":"pa_taille-644","13":"pa_taille-645","14":"pa_taille-646","16":"first","17":"outofstock","18":"purchasable","19":"product-type-variable"},"_links":{"self":[{"href":"https:\/\/accrosport.tn\/index.php\/wp-json\/wp\/v2\/product\/30105","targetHints":{"allow":["GET"]}}],"collection":[{"href":"https:\/\/accrosport.tn\/index.php\/wp-json\/wp\/v2\/product"}],"about":[{"href":"https:\/\/accrosport.tn\/index.php\/wp-json\/wp\/v2\/types\/product"}],"wp:featuredmedia":[{"embeddable":true,"href":"https:\/\/accrosport.tn\/index.php\/wp-json\/wp\/v2\/media\/34020"}],"wp:attachment":[{"href":"https:\/\/accrosport.tn\/index.php\/wp-json\/wp\/v2\/media?parent=30105"}],"wp:term":[{"taxonomy":"product_brand","embeddable":true,"href":"https:\/\/accrosport.tn\/index.php\/wp-json\/wp\/v2\/product_brand?post=30105"},{"taxonomy":"product_cat","embeddable":true,"href":"https:\/\/accrosport.tn\/index.php\/wp-json\/wp\/v2\/product_cat?post=30105"},{"taxonomy":"product_tag","embeddable":true,"href":"https:\/\/accrosport.tn\/index.php\/wp-json\/wp\/v2\/product_tag?post=30105"}],"curies":[{"name":"wp","href":"https:\/\/api.w.org\/{rel}","templated":true}]}}