{"id":30095,"date":"2025-09-29T11:16:38","date_gmt":"2025-09-29T11:16:38","guid":{"rendered":"https:\/\/accrosport.tn\/index.php\/product\/c-platea-low-2412-blanco-gris-claro\/"},"modified":"2025-12-02T09:22:33","modified_gmt":"2025-12-02T09:22:33","slug":"c-platea-low-2412-blanco-gris-claro","status":"publish","type":"product","link":"https:\/\/accrosport.tn\/index.php\/product\/c-platea-low-2412-blanco-gris-claro\/","title":{"rendered":"C.PLATEA LOW 2412 Blanc Gris Clair"},"content":{"rendered":"","protected":false},"excerpt":{"rendered":"<p>Baskets d\u00e9contract\u00e9es pour homme. Ce mod\u00e8le mi-montant est dot\u00e9 d&rsquo;une tige en cuir synth\u00e9tique r\u00e9sistant pour une durabilit\u00e9 maximale. Ce mat\u00e9riau assure \u00e9galement l\u00e9g\u00e8ret\u00e9 et souplesse. De fines perforations, gr\u00e2ce \u00e0 la technologie VTS, pr\u00e9viennent la transpiration et optimisent la respirabilit\u00e9.<\/p>\n","protected":false},"featured_media":36472,"template":"","meta":[],"product_brand":[],"product_cat":[78,61,33],"product_tag":[],"class_list":{"0":"post-30095","1":"product","2":"type-product","3":"status-publish","4":"has-post-thumbnail","6":"product_cat-casual","7":"product_cat-chaussures-homme","8":"product_cat-homme","9":"pa_couleur-white-light-gray","10":"pa_taille-646","11":"pa_taille-650","12":"pa_taille-651","14":"first","15":"outofstock","16":"sale","17":"purchasable","18":"product-type-variable"},"_links":{"self":[{"href":"https:\/\/accrosport.tn\/index.php\/wp-json\/wp\/v2\/product\/30095","targetHints":{"allow":["GET"]}}],"collection":[{"href":"https:\/\/accrosport.tn\/index.php\/wp-json\/wp\/v2\/product"}],"about":[{"href":"https:\/\/accrosport.tn\/index.php\/wp-json\/wp\/v2\/types\/product"}],"wp:featuredmedia":[{"embeddable":true,"href":"https:\/\/accrosport.tn\/index.php\/wp-json\/wp\/v2\/media\/36472"}],"wp:attachment":[{"href":"https:\/\/accrosport.tn\/index.php\/wp-json\/wp\/v2\/media?parent=30095"}],"wp:term":[{"taxonomy":"product_brand","embeddable":true,"href":"https:\/\/accrosport.tn\/index.php\/wp-json\/wp\/v2\/product_brand?post=30095"},{"taxonomy":"product_cat","embeddable":true,"href":"https:\/\/accrosport.tn\/index.php\/wp-json\/wp\/v2\/product_cat?post=30095"},{"taxonomy":"product_tag","embeddable":true,"href":"https:\/\/accrosport.tn\/index.php\/wp-json\/wp\/v2\/product_tag?post=30095"}],"curies":[{"name":"wp","href":"https:\/\/api.w.org\/{rel}","templated":true}]}}