{"id":30091,"date":"2025-09-29T11:16:33","date_gmt":"2025-09-29T11:16:33","guid":{"rendered":"https:\/\/accrosport.tn\/index.php\/product\/c-platea-low-2406-blanco-rojo\/"},"modified":"2025-10-13T14:13:54","modified_gmt":"2025-10-13T14:13:54","slug":"c-platea-low-2406-blanco-rojo","status":"publish","type":"product","link":"https:\/\/accrosport.tn\/index.php\/product\/c-platea-low-2406-blanco-rojo\/","title":{"rendered":"Chaussures casual C.Platea Low 2406 homme blanc rouge"},"content":{"rendered":"<p>Chaussures d\u00e9contract\u00e9es pour hommes. La variation des Platea \u00e0 tige basse compl\u00e8te cette ligne tendance. Son design inspir\u00e9 des mod\u00e8les de basketball apporte une touche de style suppl\u00e9mentaire aux tenues quotidiennes.<\/p>\n<p>La tige est fabriqu\u00e9e en cuir synth\u00e9tique r\u00e9sistant \u00e0 l&rsquo;usure, afin de prolonger au maximum la dur\u00e9e de vie des chaussures de sport. Ce mat\u00e9riau apporte \u00e9galement l\u00e9g\u00e8ret\u00e9 et flexibilit\u00e9 \u00e0 la partie sup\u00e9rieure. Sur cette composante, la technologie VTS a \u00e9t\u00e9 appliqu\u00e9e, consistant en l&rsquo;incorporation de petites perforations qui favorisent la ventilation de la transpiration.<\/p>\n<p>La semelle en caoutchouc DURABILITY est hautement r\u00e9sistante aux frottements et \u00e0 l&rsquo;usure.<\/p>\n<ul class=\"featuresul\">\n<li>Dessus en cuir synth\u00e9tique avec syst\u00e8me de ventilation VTS<\/li>\n<li>Semelle en MOUSSE \u00c0 M\u00c9MOIRE DE FORME<\/li>\n<li>Semelle ext\u00e9rieure DURABILITY en caoutchouc<\/li>\n<\/ul>\n","protected":false},"excerpt":{"rendered":"<p>Chaussures d\u00e9contract\u00e9es pour hommes. La variation des Platea \u00e0 tige basse compl\u00e8te cette ligne tendance. Son design inspir\u00e9 des mod\u00e8les de basketball apporte une touche de style suppl\u00e9mentaire aux tenues quotidiennes.<\/p>\n","protected":false},"featured_media":34040,"template":"","meta":[],"product_brand":[],"product_cat":[78,61,33],"product_tag":[],"class_list":{"0":"post-30091","1":"product","2":"type-product","3":"status-publish","4":"has-post-thumbnail","6":"product_cat-casual","7":"product_cat-chaussures-homme","8":"product_cat-homme","9":"pa_couleur-white-red","10":"pa_taille-646","11":"pa_taille-649","12":"pa_taille-651","14":"first","15":"outofstock","16":"sale","17":"purchasable","18":"product-type-variable"},"_links":{"self":[{"href":"https:\/\/accrosport.tn\/index.php\/wp-json\/wp\/v2\/product\/30091","targetHints":{"allow":["GET"]}}],"collection":[{"href":"https:\/\/accrosport.tn\/index.php\/wp-json\/wp\/v2\/product"}],"about":[{"href":"https:\/\/accrosport.tn\/index.php\/wp-json\/wp\/v2\/types\/product"}],"wp:featuredmedia":[{"embeddable":true,"href":"https:\/\/accrosport.tn\/index.php\/wp-json\/wp\/v2\/media\/34040"}],"wp:attachment":[{"href":"https:\/\/accrosport.tn\/index.php\/wp-json\/wp\/v2\/media?parent=30091"}],"wp:term":[{"taxonomy":"product_brand","embeddable":true,"href":"https:\/\/accrosport.tn\/index.php\/wp-json\/wp\/v2\/product_brand?post=30091"},{"taxonomy":"product_cat","embeddable":true,"href":"https:\/\/accrosport.tn\/index.php\/wp-json\/wp\/v2\/product_cat?post=30091"},{"taxonomy":"product_tag","embeddable":true,"href":"https:\/\/accrosport.tn\/index.php\/wp-json\/wp\/v2\/product_tag?post=30091"}],"curies":[{"name":"wp","href":"https:\/\/api.w.org\/{rel}","templated":true}]}}