{"id":30085,"date":"2025-09-29T11:16:33","date_gmt":"2025-09-29T11:16:33","guid":{"rendered":"https:\/\/accrosport.tn\/index.php\/product\/c-platea-low-2403-blanco-marino\/"},"modified":"2026-01-17T08:05:47","modified_gmt":"2026-01-17T08:05:47","slug":"c-platea-low-2403-blanco-marino","status":"publish","type":"product","link":"https:\/\/accrosport.tn\/index.php\/product\/c-platea-low-2403-blanco-marino\/","title":{"rendered":"Baskets C.Platea Low CPLAW2403 Blanc"},"content":{"rendered":"<p>Baskets classiques pour homme de style r\u00e9tro-d\u00e9contract\u00e9 sign\u00e9es JOMA, mod\u00e8le C.PLATEA LOW 2403, en cuir synth\u00e9tique haute r\u00e9sistance \u00e0 l&rsquo;abrasion, coloris blanc\/bleu marine. Elles sont dot\u00e9es de petites perforations VTS qui \u00e9vacuent la transpiration pour garder vos pieds au frais et au sec. Fermeture \u00e0 lacets bleu marine. Col et languette rembourr\u00e9s.<\/p>\n","protected":false},"excerpt":{"rendered":"<p>Chaussures de sport classiques pour homme, style r\u00e9tro-casual, sign\u00e9es JOMA, mod\u00e8le C.PLATEA LOW 2403, en cuir synth\u00e9tique haute r\u00e9sistance blanc\/bleu marine. Elles sont dot\u00e9es de petites perforations VTS qui \u00e9vacuent la transpiration pour garder vos pieds au frais et au sec. Fermeture \u00e0 lacets bleu marine. Col et languette rembourr\u00e9s. Forme large pour plus de confort.<\/p>\n","protected":false},"featured_media":34038,"template":"","meta":[],"product_brand":[],"product_cat":[78,61,33],"product_tag":[],"class_list":{"0":"post-30085","1":"product","2":"type-product","3":"status-publish","4":"has-post-thumbnail","6":"product_cat-casual","7":"product_cat-chaussures-homme","8":"product_cat-homme","9":"pa_couleur-white-navy-blue","10":"pa_taille-645","11":"pa_taille-650","12":"pa_taille-651","13":"pa_taille-653","14":"pa_taille-656","16":"first","17":"outofstock","18":"sale","19":"purchasable","20":"product-type-variable"},"_links":{"self":[{"href":"https:\/\/accrosport.tn\/index.php\/wp-json\/wp\/v2\/product\/30085","targetHints":{"allow":["GET"]}}],"collection":[{"href":"https:\/\/accrosport.tn\/index.php\/wp-json\/wp\/v2\/product"}],"about":[{"href":"https:\/\/accrosport.tn\/index.php\/wp-json\/wp\/v2\/types\/product"}],"wp:featuredmedia":[{"embeddable":true,"href":"https:\/\/accrosport.tn\/index.php\/wp-json\/wp\/v2\/media\/34038"}],"wp:attachment":[{"href":"https:\/\/accrosport.tn\/index.php\/wp-json\/wp\/v2\/media?parent=30085"}],"wp:term":[{"taxonomy":"product_brand","embeddable":true,"href":"https:\/\/accrosport.tn\/index.php\/wp-json\/wp\/v2\/product_brand?post=30085"},{"taxonomy":"product_cat","embeddable":true,"href":"https:\/\/accrosport.tn\/index.php\/wp-json\/wp\/v2\/product_cat?post=30085"},{"taxonomy":"product_tag","embeddable":true,"href":"https:\/\/accrosport.tn\/index.php\/wp-json\/wp\/v2\/product_tag?post=30085"}],"curies":[{"name":"wp","href":"https:\/\/api.w.org\/{rel}","templated":true}]}}