{"id":30075,"date":"2025-09-29T11:16:33","date_gmt":"2025-09-29T11:16:33","guid":{"rendered":"https:\/\/accrosport.tn\/index.php\/product\/c-platea-mid-men-2406-blanco-rojo\/"},"modified":"2026-01-17T08:03:30","modified_gmt":"2026-01-17T08:03:30","slug":"c-platea-mid-men-2406-blanco-rojo","status":"publish","type":"product","link":"https:\/\/accrosport.tn\/index.php\/product\/c-platea-mid-men-2406-blanco-rojo\/","title":{"rendered":"Chaussures d\u00e9contract\u00e9es Joma C.Platea Mid Men 2406"},"content":{"rendered":"<p>Chaussure de sport classique, style r\u00e9tro d\u00e9contract\u00e9, mod\u00e8le mi-montant inspir\u00e9 des chaussures de basket et de la mode urbaine masculine, de la marque \u00ab\u00a0JOMA\u00a0\u00bb, mod\u00e8le C.PLATEA MID MEN 2406, en cuir synth\u00e9tique haute r\u00e9sistance, coloris blanc\/rouge. Elle pr\u00e9sente de petites perforations VTS qui favorisent l&rsquo;\u00e9vacuation de la transpiration et maintiennent le pied au frais et au sec. Fermeture \u00e0 lacets noirs. Col et languette rembourr\u00e9s. Forme large pour un confort optimal. Ornements\u00a0: lettrage de la marque en relief sur le c\u00f4t\u00e9 ext\u00e9rieur et le talon, coutures et perforations (sur l&#8217;empeigne et le c\u00f4t\u00e9 ext\u00e9rieur).<\/p>\n<p>&nbsp;<\/p>\n<p>&nbsp;<\/p>\n<p>&nbsp;<\/p>\n","protected":false},"excerpt":{"rendered":"<p>haussure de sport classique, style r\u00e9tro d\u00e9contract\u00e9, mod\u00e8le mi-montant inspir\u00e9 des chaussures de basket et de la mode urbaine masculine, de la marque \u00ab JOMA \u00bb, mod\u00e8le C.PLATEA MID MEN 2406, en cuir synth\u00e9tique haute r\u00e9sistance, coloris blanc\/rouge. Elle pr\u00e9sente de petites perforations appel\u00e9es VTS, qui favorisent l\u2019\u00e9vacuation de la transpiration pour garder le pied frais et sec. Fermeture \u00e0 lacets noirs. Col et languette rembourr\u00e9s. Forme large pour un confort optimal. Ornements : lettres de la marque en relief, \u00e0 l\u2019ext\u00e9rieur et au talon, coutures et perforations (sur la tige et l\u2019ext\u00e9rieur). Doublure textile en nylon assortie et semelle int\u00e9rieure amovible bleu clair en mousse \u00e0 m\u00e9moire de forme, qui s\u2019adapte \u00e0 l\u2019anatomie plantaire, cr\u00e9e une empreinte personnalis\u00e9e du pied, absorbe une grande partie de l\u2019\u00e9nergie d\u2019impact, r\u00e9partit la pression et r\u00e9duit la fatigue . Semelle en caoutchouc durable, tr\u00e8s r\u00e9sistante \u00e0 l\u2019abrasion et \u00e0 l\u2019usure, coloris blanc\/noir, avec motif \u00e0 crampons. Baskets tr\u00e8s confortables pour un usage quotidien.<\/p>\n","protected":false},"featured_media":34024,"template":"","meta":[],"product_brand":[],"product_cat":[78,61,33],"product_tag":[],"class_list":{"0":"post-30075","1":"product","2":"type-product","3":"status-publish","4":"has-post-thumbnail","6":"product_cat-casual","7":"product_cat-chaussures-homme","8":"product_cat-homme","9":"pa_couleur-white-red","10":"pa_taille-646","11":"pa_taille-649","12":"pa_taille-650","14":"first","15":"outofstock","16":"sale","17":"purchasable","18":"product-type-variable"},"_links":{"self":[{"href":"https:\/\/accrosport.tn\/index.php\/wp-json\/wp\/v2\/product\/30075","targetHints":{"allow":["GET"]}}],"collection":[{"href":"https:\/\/accrosport.tn\/index.php\/wp-json\/wp\/v2\/product"}],"about":[{"href":"https:\/\/accrosport.tn\/index.php\/wp-json\/wp\/v2\/types\/product"}],"wp:featuredmedia":[{"embeddable":true,"href":"https:\/\/accrosport.tn\/index.php\/wp-json\/wp\/v2\/media\/34024"}],"wp:attachment":[{"href":"https:\/\/accrosport.tn\/index.php\/wp-json\/wp\/v2\/media?parent=30075"}],"wp:term":[{"taxonomy":"product_brand","embeddable":true,"href":"https:\/\/accrosport.tn\/index.php\/wp-json\/wp\/v2\/product_brand?post=30075"},{"taxonomy":"product_cat","embeddable":true,"href":"https:\/\/accrosport.tn\/index.php\/wp-json\/wp\/v2\/product_cat?post=30075"},{"taxonomy":"product_tag","embeddable":true,"href":"https:\/\/accrosport.tn\/index.php\/wp-json\/wp\/v2\/product_tag?post=30075"}],"curies":[{"name":"wp","href":"https:\/\/api.w.org\/{rel}","templated":true}]}}