{"id":30052,"date":"2025-09-29T11:16:22","date_gmt":"2025-09-29T11:16:22","guid":{"rendered":"https:\/\/accrosport.tn\/index.php\/product\/c-platea-low-lady-2401-blanco-negro\/"},"modified":"2026-03-11T12:46:44","modified_gmt":"2026-03-11T12:46:44","slug":"c-platea-low-lady-2401-blanco-negro","status":"publish","type":"product","link":"https:\/\/accrosport.tn\/index.php\/product\/c-platea-low-lady-2401-blanco-negro\/","title":{"rendered":"Chaussures Joma C.Platea Low Lady 2401 blanche"},"content":{"rendered":"<p>La coupe est fabriqu\u00e9e en mat\u00e9riau synth\u00e9tique, accompagn\u00e9e de fins d\u00e9tails qui donnent une combinaison exclusive de simplicit\u00e9, de confort et de modernit\u00e9. Un design minimaliste et moderne qui compl\u00e8te n&rsquo;importe quel look intemporel. Des perforations VTS ont \u00e9t\u00e9 ajout\u00e9es \u00e0 des endroits strat\u00e9giques pour am\u00e9liorer le flux d&rsquo;air et la ventilation de la transpiration. Semelle interm\u00e9diaire bonne en amortissement et r\u00e9activit\u00e9 qui absorbe les chocs, donne de l\u2019impulsion au coureur et apporte du confort. La semelle ext\u00e9rieure est fabriqu\u00e9e en caoutchouc DURABILITY de grande qualit\u00e9 et r\u00e9sistant \u00e0 l\u2019abrasion sur l\u2019asphalte. Elle comprend une pi\u00e8ce STABILIS dans la cambrure pour \u00e9viter les torsions inutiles et assurer la stabilit\u00e9. La semelle int\u00e9rieure est en mousse \u00e0 m\u00e9moire de forme double densit\u00e9. La semelle est en caoutchouc.<\/p>\n","protected":false},"excerpt":{"rendered":"<p>Chaussure pour femme de la marque joma, recommand\u00e9es pour une utilisation quotidienne. Il s&rsquo;agit d&rsquo;un mod\u00e8le r\u00e9sistant, con\u00e7u pour durer toute la saison.Semelle enti\u00e8rement renouvel\u00e9e avec une plateforme en caoutchouc DURABILITY d&rsquo;excellente durabilit\u00e9 et r\u00e9sistance.<\/p>\n","protected":false},"featured_media":34077,"template":"","meta":[],"product_brand":[],"product_cat":[80,57,42],"product_tag":[],"class_list":{"0":"post-30052","1":"product","2":"type-product","3":"status-publish","4":"has-post-thumbnail","6":"product_cat-chaussures-casual-femme-tunisie","7":"product_cat-chaussures","8":"product_cat-femme","9":"pa_couleur-white-black","10":"pa_taille-641","11":"pa_taille-643","12":"pa_taille-655","13":"pa_taille-644","14":"pa_taille-645","15":"pa_taille-646","17":"first","18":"outofstock","19":"sale","20":"purchasable","21":"product-type-variable"},"_links":{"self":[{"href":"https:\/\/accrosport.tn\/index.php\/wp-json\/wp\/v2\/product\/30052","targetHints":{"allow":["GET"]}}],"collection":[{"href":"https:\/\/accrosport.tn\/index.php\/wp-json\/wp\/v2\/product"}],"about":[{"href":"https:\/\/accrosport.tn\/index.php\/wp-json\/wp\/v2\/types\/product"}],"wp:featuredmedia":[{"embeddable":true,"href":"https:\/\/accrosport.tn\/index.php\/wp-json\/wp\/v2\/media\/34077"}],"wp:attachment":[{"href":"https:\/\/accrosport.tn\/index.php\/wp-json\/wp\/v2\/media?parent=30052"}],"wp:term":[{"taxonomy":"product_brand","embeddable":true,"href":"https:\/\/accrosport.tn\/index.php\/wp-json\/wp\/v2\/product_brand?post=30052"},{"taxonomy":"product_cat","embeddable":true,"href":"https:\/\/accrosport.tn\/index.php\/wp-json\/wp\/v2\/product_cat?post=30052"},{"taxonomy":"product_tag","embeddable":true,"href":"https:\/\/accrosport.tn\/index.php\/wp-json\/wp\/v2\/product_tag?post=30052"}],"curies":[{"name":"wp","href":"https:\/\/api.w.org\/{rel}","templated":true}]}}