{"id":30045,"date":"2025-09-29T11:16:22","date_gmt":"2025-09-29T11:16:22","guid":{"rendered":"https:\/\/accrosport.tn\/index.php\/product\/mistic-lady-2401-negro\/"},"modified":"2025-10-13T15:01:29","modified_gmt":"2025-10-13T15:01:29","slug":"mistic-lady-2401-negro","status":"publish","type":"product","link":"https:\/\/accrosport.tn\/index.php\/product\/mistic-lady-2401-negro\/","title":{"rendered":"CHAUSSURES DE SPORT POUR FEMME MISTIC LADY 2401 Noir"},"content":{"rendered":"<p>Baskets pour femme. Ces nouvelles baskets d\u00e9contract\u00e9es allient un design sobre et sophistiqu\u00e9 au confort typique de ce type de chaussures. Id\u00e9ales avec toutes vos tenues d\u00e9contract\u00e9es.<\/p>\n<p>La tige est en cuir synth\u00e9tique, un mat\u00e9riau garantissant l\u00e9g\u00e8ret\u00e9, souplesse et r\u00e9sistance. Le syst\u00e8me de perforation VTS a \u00e9t\u00e9 ajout\u00e9 \u00e0 certains endroits pour une bonne ventilation de la transpiration.<\/p>\n<p>La semelle interm\u00e9diaire en Phylon pr\u00e9sente une semelle compens\u00e9e basse qui \u00e9pouse la silhouette. Ce mat\u00e9riau l\u00e9ger et flexible offre une bonne absorption des chocs.<\/p>\n<p>La semelle ext\u00e9rieure est fabriqu\u00e9e en caoutchouc de haute r\u00e9sistance et de DURABILIT\u00c9.<\/p>\n","protected":false},"excerpt":{"rendered":"<p>Baskets pour femme. Ces nouvelles baskets d\u00e9contract\u00e9es allient un design sobre et sophistiqu\u00e9 au confort typique de ce type de chaussures.<\/p>\n","protected":false},"featured_media":34067,"template":"","meta":[],"product_brand":[],"product_cat":[57,42,83],"product_tag":[],"class_list":{"0":"post-30045","1":"product","2":"type-product","3":"status-publish","4":"has-post-thumbnail","6":"product_cat-chaussures","7":"product_cat-femme","8":"product_cat-foot-chaussures","9":"pa_couleur-noir","10":"pa_taille-641","11":"pa_taille-646","13":"first","14":"outofstock","15":"purchasable","16":"product-type-variable"},"_links":{"self":[{"href":"https:\/\/accrosport.tn\/index.php\/wp-json\/wp\/v2\/product\/30045","targetHints":{"allow":["GET"]}}],"collection":[{"href":"https:\/\/accrosport.tn\/index.php\/wp-json\/wp\/v2\/product"}],"about":[{"href":"https:\/\/accrosport.tn\/index.php\/wp-json\/wp\/v2\/types\/product"}],"wp:featuredmedia":[{"embeddable":true,"href":"https:\/\/accrosport.tn\/index.php\/wp-json\/wp\/v2\/media\/34067"}],"wp:attachment":[{"href":"https:\/\/accrosport.tn\/index.php\/wp-json\/wp\/v2\/media?parent=30045"}],"wp:term":[{"taxonomy":"product_brand","embeddable":true,"href":"https:\/\/accrosport.tn\/index.php\/wp-json\/wp\/v2\/product_brand?post=30045"},{"taxonomy":"product_cat","embeddable":true,"href":"https:\/\/accrosport.tn\/index.php\/wp-json\/wp\/v2\/product_cat?post=30045"},{"taxonomy":"product_tag","embeddable":true,"href":"https:\/\/accrosport.tn\/index.php\/wp-json\/wp\/v2\/product_tag?post=30045"}],"curies":[{"name":"wp","href":"https:\/\/api.w.org\/{rel}","templated":true}]}}