{"id":30038,"date":"2025-09-29T11:16:22","date_gmt":"2025-09-29T11:16:22","guid":{"rendered":"https:\/\/accrosport.tn\/index.php\/product\/c-flexys-2424-marron\/"},"modified":"2025-10-13T14:47:54","modified_gmt":"2025-10-13T14:47:54","slug":"c-flexys-2424-marron","status":"publish","type":"product","link":"https:\/\/accrosport.tn\/index.php\/product\/c-flexys-2424-marron\/","title":{"rendered":"Chaussures casual C.Flexys 2424 homme marron"},"content":{"rendered":"<p>Les chaussures Flexys sont l&rsquo;\u00e9volution de l&#8217;embl\u00e9matique Top Flex pour le football en salle. Une fois de plus, elles conservent les principaux avantages du mod\u00e8le original, adapt\u00e9s au confort des chaussures d\u00e9contract\u00e9es. De plus, elles font partie des plus durables de Joma gr\u00e2ce \u00e0 leur fabrication en partie avec des mat\u00e9riaux recycl\u00e9s.<\/p>\n<p>La tige est fabriqu\u00e9e en cuir souple, durable et respirant. Pour optimiser la ventilation de la transpiration, nous avons ajout\u00e9 le syst\u00e8me de perforations VTS dans des zones strat\u00e9giques. Elles permettent l&rsquo;\u00e9vacuation de la transpiration afin que le pied reste frais en tout temps. La zone de la cheville et la languette en nylon rembourr\u00e9 recycl\u00e9 offrent un ajustement plus confortable.<\/p>\n<p>La fabrication de la semelle int\u00e9rieure a \u00e9galement \u00e9t\u00e9 r\u00e9alis\u00e9e en pr\u00e9servant l&rsquo;environnement. Ses mat\u00e9riaux recycl\u00e9s offrent confort et amorti pour un usage plus confortable.<\/p>\n<p>La semelle en caoutchouc DURABILITY, \u00e9galement recycl\u00e9e, offre une excellente r\u00e9sistance \u00e0 l&rsquo;abrasion.<\/p>\n<ul class=\"featuresul\">\n<li>Empeigne en cuir avec technologie VTS<\/li>\n<li>Semelle ext\u00e9rieure DURABILITY en caoutchouc<\/li>\n<li>Une partie de la chaussure a \u00e9t\u00e9 fabriqu\u00e9e \u00e0 partir de mat\u00e9riaux recycl\u00e9s<\/li>\n<\/ul>\n","protected":false},"excerpt":{"rendered":"<p>Les chaussures Flexys sont l&rsquo;\u00e9volution de l&#8217;embl\u00e9matique Top Flex pour le football en salle. Une fois de plus, elles conservent les principaux avantages du mod\u00e8le original, adapt\u00e9s au confort des chaussures d\u00e9contract\u00e9es. De plus, elles font partie des plus durables de Joma gr\u00e2ce \u00e0 leur fabrication en partie avec des mat\u00e9riaux recycl\u00e9s.<\/p>\n","protected":false},"featured_media":34059,"template":"","meta":[],"product_brand":[],"product_cat":[78,61,33],"product_tag":[],"class_list":{"0":"post-30038","1":"product","2":"type-product","3":"status-publish","4":"has-post-thumbnail","6":"product_cat-casual","7":"product_cat-chaussures-homme","8":"product_cat-homme","9":"pa_couleur-brown","10":"pa_taille-645","11":"pa_taille-651","12":"pa_taille-653","14":"first","15":"outofstock","16":"sale","17":"purchasable","18":"product-type-variable"},"_links":{"self":[{"href":"https:\/\/accrosport.tn\/index.php\/wp-json\/wp\/v2\/product\/30038","targetHints":{"allow":["GET"]}}],"collection":[{"href":"https:\/\/accrosport.tn\/index.php\/wp-json\/wp\/v2\/product"}],"about":[{"href":"https:\/\/accrosport.tn\/index.php\/wp-json\/wp\/v2\/types\/product"}],"wp:featuredmedia":[{"embeddable":true,"href":"https:\/\/accrosport.tn\/index.php\/wp-json\/wp\/v2\/media\/34059"}],"wp:attachment":[{"href":"https:\/\/accrosport.tn\/index.php\/wp-json\/wp\/v2\/media?parent=30038"}],"wp:term":[{"taxonomy":"product_brand","embeddable":true,"href":"https:\/\/accrosport.tn\/index.php\/wp-json\/wp\/v2\/product_brand?post=30038"},{"taxonomy":"product_cat","embeddable":true,"href":"https:\/\/accrosport.tn\/index.php\/wp-json\/wp\/v2\/product_cat?post=30038"},{"taxonomy":"product_tag","embeddable":true,"href":"https:\/\/accrosport.tn\/index.php\/wp-json\/wp\/v2\/product_tag?post=30038"}],"curies":[{"name":"wp","href":"https:\/\/api.w.org\/{rel}","templated":true}]}}