{"id":30035,"date":"2025-09-29T11:16:22","date_gmt":"2025-09-29T11:16:22","guid":{"rendered":"https:\/\/accrosport.tn\/index.php\/product\/c-flexys-lady-2412-gris-claro\/"},"modified":"2025-10-13T14:43:57","modified_gmt":"2025-10-13T14:43:57","slug":"c-flexys-lady-2412-gris-claro","status":"publish","type":"product","link":"https:\/\/accrosport.tn\/index.php\/product\/c-flexys-lady-2412-gris-claro\/","title":{"rendered":"C.FChaussures casual C.Flexys Lady 2412 femme gris clair"},"content":{"rendered":"<p>Les chaussures Flexys sont l&rsquo;\u00e9volution de l&rsquo;historique Top Flex pour le futsal. Une fois de plus, elles conservent les principaux avantages du mod\u00e8le original, adapt\u00e9s au confort des chaussures d\u00e9contract\u00e9es. De plus, elles font partie des plus durables de Joma gr\u00e2ce \u00e0 leur fabrication en partie avec des mat\u00e9riaux recycl\u00e9s. Mod\u00e8le pour femme.<\/p>\n<p>L&#8217;empeigne est fabriqu\u00e9e en cuir souple, durable et respirant. Pour optimiser la ventilation de la transpiration, nous avons ajout\u00e9 le syst\u00e8me de perforations VTS sur des zones strat\u00e9giques. Elles permettent l&rsquo;\u00e9vacuation de la transpiration afin de maintenir le pied frais en tout temps. La zone de la cheville et la languette en nylon rembourr\u00e9 recycl\u00e9 offrent un ajustement plus confortable.<\/p>\n<p>La fabrication de la semelle int\u00e9rieure a \u00e9galement \u00e9t\u00e9 r\u00e9alis\u00e9e en respectant l&rsquo;environnement. Ses mat\u00e9riaux recycl\u00e9s offrent confort et amorti pour un usage plus confortable.<\/p>\n<p>Semelle en caoutchouc DURABILITY \u00e9galement recycl\u00e9e, offrant une excellente r\u00e9sistance \u00e0 l&rsquo;abrasion.<\/p>\n<ul class=\"featuresul\">\n<li>Empeigne en cuir avec technologie VTS<\/li>\n<li>Semelle ext\u00e9rieure DURABILITY en caoutchouc<\/li>\n<li>Une partie de la chaussure a \u00e9t\u00e9 fabriqu\u00e9e \u00e0 partir de mat\u00e9riaux recycl\u00e9s<\/li>\n<\/ul>\n","protected":false},"excerpt":{"rendered":"<p>Les chaussures Flexys sont l&rsquo;\u00e9volution de l&rsquo;historique Top Flex pour le futsal. Une fois de plus, elles conservent les principaux avantages du mod\u00e8le original, adapt\u00e9s au confort des chaussures d\u00e9contract\u00e9es. De plus, elles font partie des plus durables de Joma gr\u00e2ce \u00e0 leur fabrication en partie avec des mat\u00e9riaux recycl\u00e9s. Mod\u00e8le pour femme.<\/p>\n","protected":false},"featured_media":34054,"template":"","meta":[],"product_brand":[],"product_cat":[80,57,42],"product_tag":[],"class_list":{"0":"post-30035","1":"product","2":"type-product","3":"status-publish","4":"has-post-thumbnail","6":"product_cat-chaussures-casual-femme-tunisie","7":"product_cat-chaussures","8":"product_cat-femme","9":"pa_couleur-light-gray","10":"pa_taille-643","11":"pa_taille-646","13":"first","14":"outofstock","15":"purchasable","16":"product-type-variable"},"_links":{"self":[{"href":"https:\/\/accrosport.tn\/index.php\/wp-json\/wp\/v2\/product\/30035","targetHints":{"allow":["GET"]}}],"collection":[{"href":"https:\/\/accrosport.tn\/index.php\/wp-json\/wp\/v2\/product"}],"about":[{"href":"https:\/\/accrosport.tn\/index.php\/wp-json\/wp\/v2\/types\/product"}],"wp:featuredmedia":[{"embeddable":true,"href":"https:\/\/accrosport.tn\/index.php\/wp-json\/wp\/v2\/media\/34054"}],"wp:attachment":[{"href":"https:\/\/accrosport.tn\/index.php\/wp-json\/wp\/v2\/media?parent=30035"}],"wp:term":[{"taxonomy":"product_brand","embeddable":true,"href":"https:\/\/accrosport.tn\/index.php\/wp-json\/wp\/v2\/product_brand?post=30035"},{"taxonomy":"product_cat","embeddable":true,"href":"https:\/\/accrosport.tn\/index.php\/wp-json\/wp\/v2\/product_cat?post=30035"},{"taxonomy":"product_tag","embeddable":true,"href":"https:\/\/accrosport.tn\/index.php\/wp-json\/wp\/v2\/product_tag?post=30035"}],"curies":[{"name":"wp","href":"https:\/\/api.w.org\/{rel}","templated":true}]}}